{"id":1400,"date":"2018-04-30T12:14:20","date_gmt":"2018-04-30T11:14:20","guid":{"rendered":"https:\/\/www.sot-medical.com\/?page_id=1400"},"modified":"2018-05-01T11:40:11","modified_gmt":"2018-05-01T10:40:11","slug":"newsletter","status":"publish","type":"page","link":"https:\/\/www.sot-medical.com\/de\/newsletter\/","title":{"rendered":"Newsletter"},"content":{"rendered":"<p class=\"lead\">Melden Sie sich zu unserem SOT Newsletter an um regelm\u00e4\u00dfig Informationen zu Veranstaltungen, Innovationen, Studien und weiteren Neuigkeiten rund um die <strong>Gef\u00e4\u00dfdiagnostik<\/strong> sowie SOT Medical Systems zu erhalten.<\/p>\r\n\r\n\t\n\t\t<form action=\"\/de\/wp-json\/wp\/v2\/pages\/1400\" method=\"post\" class=\"m-0\">\n\t\t\t\t<div class=\"row\">\n\t\t\t\t\t\t\t\t\t\t<div class=\"col-md-2 hidden-sm-down m-0\">\n\t\t\t\t\t\t<div class=\"form-group mb-2\">\n\t\t\t\t\t\t\t<input type=\"text\" class=\"form-control\" id=\"inputname\" placeholder=\"Vorname\" name=\"cf-nl-name\" style=\"\">\n\t\t\t\t\t\t<\/div>\n\t\t\t\t\t<\/div>\t\n\t\t\t\t\t<div class=\"col-md-2 hidden-sm-down m-0\">\n\t\t\t\t\t\t<div class=\"form-group mb-2\">\n\t\t\t\t\t\t\t<input type=\"text\" class=\"form-control\" id=\"inputsurname\" placeholder=\"Nachname\" name=\"cf-nl-surname\" style=\"\">\n\t\t\t\t\t\t<\/div>\n\t\t\t\t\t<\/div>\t\n\t\t\t\t\t\t\t\t\t\t<div class=\"col-md-5 m-0\">\n\t\t\t\t\t\t<div class=\"form-group mb-2\">\n\t\t\t\t\t\t\t<input required type=\"email\" class=\"form-control\" id=\"inputmail\" placeholder=\"Email\" name=\"cf-nl-email\" style=\"\">\n\t\t\t\t\t\t<\/div>\n\t\t\t\t\t<\/div>\t\n\t\t\t\t\t<div class=\"col-md-3 m-0\">\n\t\t\t\t\t\t<input type=\"hidden\" name=\"cf-nl-language\" value=\"de\">\n\t\t\t\t\t\t\n\t\t\t\t\t\t<div class=\"form-group mb-2 text-right\">\n\t\t\t\t\t\t\t<button type=\"submit\" class=\"btn form-control btn-primary\" name=\"cf-nl-submitted\" style=\"font-size: 16px;line-height:1.2;\">Anmelden<i class=\"fa fa-angle-right\"><\/i><\/button>\n\t\t\t\t\t\t<\/div>\n\t\t\t\t\t\t<div class=\"g-recaptcha\" data-sitekey=\"6Lf9OCAaAAAAAIlOc4S2lkeqbuqo8uKip3Uz13EY\" style=\"display: inline-block;\"><\/div>\n\t\t\t\t\t\t\t\t\t\t\t<\/div>\n\t\t\t\t<\/div>\n\t\t<\/form>\n\t\t<script>\n\t\t\twindow.onload = function() {\n\t\t\t\tvar $recaptcha = document.querySelector('#g-recaptcha-response');\n\n\t\t\t\tif($recaptcha) {\n\t\t\t\t\t$recaptcha.setAttribute(\"required\", \"required\");\n\t\t\t\t}\n\t\t\t};\n\t\t\tjQuery(window).on('load', function() {\n\t\t\t\tjQuery('.g-recaptcha').hide();\n\t\t\t});\n\t\t\tjQuery('#inputmail').keyup(function() {\n\t\t\t  if (jQuery(this).val().length == 0) {\n\t\t\t\tjQuery('.g-recaptcha').hide();\n\t\t\t  } else {\n\t\t\t\tjQuery('.g-recaptcha').show();\n\t\t\t  }\n\t\t\t}).keyup();\n\t\t<\/script>\n\t\t<style>\n\t\t\t#g-recaptcha-response {\n\t\t\t\tdisplay: block !important;\n\t\t\t\tposition: absolute;\n\t\t\t\tmargin: -78px 0 0 0 !important;\n\t\t\t\twidth: 302px !important;\n\t\t\t\theight: 76px !important;\n\t\t\t\tz-index: -999999;\n\t\t\t\topacity: 0;\n\t\t\t}\n\t\t<\/style>\n\t\n\t\r\n\r\n<p class=\"mt-4\" style=\"color:#a5a5a5;\">\r\nDie Sicherheit Ihrer Daten ist uns sehr wichtig. Wir geben diese nicht an Dritte weiter. Mehr dazu finden Sie in unserer <a href=\"\/de\/datenschutz\" alt=\"Datenschutz bei SOT\">Datenschutzerkl\u00e4rung<\/a>.<br><br>\r\n<small>\r\nHinweis im Sinne der EU Datenschutzgrundverordnung (DSGVO):<br>Durch die Best\u00e4tigung Ihrer Anmeldung zum SOT Newsletter stimmen sie zu, dass die Sonotechnik Austria Angio Experience GmbH Ihre freiwillig mitgeteilten Daten (Email, Vorname und Nachname) zum Zwecke des Newsletterversands speichert und verarbeitet und Ihnen regelm\u00e4\u00dfig Informationen zu Veranstaltungen, Produkten, Angeboten und weiteren Themen rund um das Unternehmen zusendet. Sie k\u00f6nnen sich jederzeit durch einen Klick auf den Link &#8220;Abmelden&#8221; in der Fu\u00dfzeile jeder Email aus dem Verteiler austragen lassen.\r\n<\/small>\r\n<\/p>","protected":false},"excerpt":{"rendered":"Melden Sie sich zu unserem SOT Newsletter an um regelm\u00e4\u00dfig Informationen zu Veranstaltungen, Innovationen, Studien und weiteren Neuigkeiten rund um die Gef\u00e4\u00dfdiagnostik sowie SOT Medical Systems zu erhalten. Die Sicherheit Ihrer Daten ist uns sehr wichtig. Wir geben diese nicht an Dritte weiter. Mehr dazu finden Sie in unserer Datenschutzerkl\u00e4rung. Hinweis im Sinne der EU [&hellip;]","protected":false},"author":1,"featured_media":305,"parent":0,"menu_order":0,"comment_status":"closed","ping_status":"closed","template":"","meta":{"_acf_changed":false,"content-type":"","wikipediapreview_detectlinks":true,"footnotes":""},"class_list":["post-1400","page","type-page","status-publish","has-post-thumbnail","hentry"],"acf":[],"yoast_head":"<!-- This site is optimized with the Yoast SEO plugin v27.4 - https:\/\/yoast.com\/product\/yoast-seo-wordpress\/ -->\n<title>Newsletter - SOT Medical Systems<\/title>\n<meta name=\"robots\" content=\"noindex, nofollow\" \/>\n<meta property=\"og:locale\" content=\"de_DE\" \/>\n<meta property=\"og:type\" content=\"article\" \/>\n<meta property=\"og:title\" content=\"Newsletter - SOT Medical Systems\" \/>\n<meta property=\"og:description\" content=\"Melden Sie sich zu unserem SOT Newsletter an um regelm\u00e4\u00dfig Informationen zu Veranstaltungen, Innovationen, Studien und weiteren Neuigkeiten rund um die Gef\u00e4\u00dfdiagnostik sowie SOT Medical Systems zu erhalten. Die Sicherheit Ihrer Daten ist uns sehr wichtig. Wir geben diese nicht an Dritte weiter. Mehr dazu finden Sie in unserer Datenschutzerkl\u00e4rung. Hinweis im Sinne der EU [&hellip;]\" \/>\n<meta property=\"og:url\" content=\"https:\/\/www.sot-medical.com\/de\/newsletter\/\" \/>\n<meta property=\"og:site_name\" content=\"SOT Medical Systems\" \/>\n<meta property=\"article:publisher\" content=\"https:\/\/www.facebook.com\/SOTMedicalSystems\" \/>\n<meta property=\"article:modified_time\" content=\"2018-05-01T10:40:11+00:00\" \/>\n<meta property=\"og:image\" content=\"https:\/\/www.sot-medical.com\/wp-content\/uploads\/sot-placeholder.png\" \/>\n\t<meta property=\"og:image:width\" content=\"1600\" \/>\n\t<meta property=\"og:image:height\" content=\"1200\" \/>\n\t<meta property=\"og:image:type\" content=\"image\/png\" \/>\n<meta name=\"twitter:card\" content=\"summary_large_image\" \/>\n<meta name=\"twitter:label1\" content=\"Gesch\u00e4tzte Lesezeit\" \/>\n\t<meta name=\"twitter:data1\" content=\"1\u00a0Minute\" \/>\n<script type=\"application\/ld+json\" class=\"yoast-schema-graph\">{\"@context\":\"https:\\\/\\\/schema.org\",\"@graph\":[{\"@type\":\"WebPage\",\"@id\":\"https:\\\/\\\/www.sot-medical.com\\\/de\\\/newsletter\\\/\",\"url\":\"https:\\\/\\\/www.sot-medical.com\\\/de\\\/newsletter\\\/\",\"name\":\"Newsletter - SOT Medical Systems\",\"isPartOf\":{\"@id\":\"https:\\\/\\\/www.sot-medical.com\\\/de\\\/#website\"},\"primaryImageOfPage\":{\"@id\":\"https:\\\/\\\/www.sot-medical.com\\\/de\\\/newsletter\\\/#primaryimage\"},\"image\":{\"@id\":\"https:\\\/\\\/www.sot-medical.com\\\/de\\\/newsletter\\\/#primaryimage\"},\"thumbnailUrl\":\"https:\\\/\\\/www.sot-medical.com\\\/wp-content\\\/uploads\\\/sot-placeholder.png\",\"datePublished\":\"2018-04-30T11:14:20+00:00\",\"dateModified\":\"2018-05-01T10:40:11+00:00\",\"breadcrumb\":{\"@id\":\"https:\\\/\\\/www.sot-medical.com\\\/de\\\/newsletter\\\/#breadcrumb\"},\"inLanguage\":\"de\",\"potentialAction\":[{\"@type\":\"ReadAction\",\"target\":[\"https:\\\/\\\/www.sot-medical.com\\\/de\\\/newsletter\\\/\"]}]},{\"@type\":\"ImageObject\",\"inLanguage\":\"de\",\"@id\":\"https:\\\/\\\/www.sot-medical.com\\\/de\\\/newsletter\\\/#primaryimage\",\"url\":\"https:\\\/\\\/www.sot-medical.com\\\/wp-content\\\/uploads\\\/sot-placeholder.png\",\"contentUrl\":\"https:\\\/\\\/www.sot-medical.com\\\/wp-content\\\/uploads\\\/sot-placeholder.png\",\"width\":1600,\"height\":1200},{\"@type\":\"BreadcrumbList\",\"@id\":\"https:\\\/\\\/www.sot-medical.com\\\/de\\\/newsletter\\\/#breadcrumb\",\"itemListElement\":[{\"@type\":\"ListItem\",\"position\":1,\"name\":\"Home\",\"item\":\"https:\\\/\\\/www.sot-medical.com\\\/de\\\/\"},{\"@type\":\"ListItem\",\"position\":2,\"name\":\"Newsletter\"}]},{\"@type\":\"WebSite\",\"@id\":\"https:\\\/\\\/www.sot-medical.com\\\/de\\\/#website\",\"url\":\"https:\\\/\\\/www.sot-medical.com\\\/de\\\/\",\"name\":\"SOT Medical Systems\",\"description\":\"Advanced Medical Systems\",\"publisher\":{\"@id\":\"https:\\\/\\\/www.sot-medical.com\\\/de\\\/#organization\"},\"potentialAction\":[{\"@type\":\"SearchAction\",\"target\":{\"@type\":\"EntryPoint\",\"urlTemplate\":\"https:\\\/\\\/www.sot-medical.com\\\/de\\\/?s={search_term_string}\"},\"query-input\":{\"@type\":\"PropertyValueSpecification\",\"valueRequired\":true,\"valueName\":\"search_term_string\"}}],\"inLanguage\":\"de\"},{\"@type\":\"Organization\",\"@id\":\"https:\\\/\\\/www.sot-medical.com\\\/de\\\/#organization\",\"name\":\"SOT Medical Systems\",\"url\":\"https:\\\/\\\/www.sot-medical.com\\\/de\\\/\",\"logo\":{\"@type\":\"ImageObject\",\"inLanguage\":\"de\",\"@id\":\"https:\\\/\\\/www.sot-medical.com\\\/de\\\/#\\\/schema\\\/logo\\\/image\\\/\",\"url\":\"https:\\\/\\\/www.sot-medical.com\\\/wp-content\\\/uploads\\\/2017\\\/03\\\/SOT-Negative.png\",\"contentUrl\":\"https:\\\/\\\/www.sot-medical.com\\\/wp-content\\\/uploads\\\/2017\\\/03\\\/SOT-Negative.png\",\"width\":720,\"height\":345,\"caption\":\"SOT Medical Systems\"},\"image\":{\"@id\":\"https:\\\/\\\/www.sot-medical.com\\\/de\\\/#\\\/schema\\\/logo\\\/image\\\/\"},\"sameAs\":[\"https:\\\/\\\/www.facebook.com\\\/SOTMedicalSystems\",\"https:\\\/\\\/www.linkedin.com\\\/company\\\/sonotechnik-austria\",\"https:\\\/\\\/www.youtube.com\\\/user\\\/Sonotechnik\\\/\"]}]}<\/script>\n<!-- \/ Yoast SEO plugin. -->","yoast_head_json":{"title":"Newsletter - SOT Medical Systems","robots":{"index":"noindex","follow":"nofollow"},"og_locale":"de_DE","og_type":"article","og_title":"Newsletter - SOT Medical Systems","og_description":"Melden Sie sich zu unserem SOT Newsletter an um regelm\u00e4\u00dfig Informationen zu Veranstaltungen, Innovationen, Studien und weiteren Neuigkeiten rund um die Gef\u00e4\u00dfdiagnostik sowie SOT Medical Systems zu erhalten. Die Sicherheit Ihrer Daten ist uns sehr wichtig. Wir geben diese nicht an Dritte weiter. Mehr dazu finden Sie in unserer Datenschutzerkl\u00e4rung. Hinweis im Sinne der EU [&hellip;]","og_url":"https:\/\/www.sot-medical.com\/de\/newsletter\/","og_site_name":"SOT Medical Systems","article_publisher":"https:\/\/www.facebook.com\/SOTMedicalSystems","article_modified_time":"2018-05-01T10:40:11+00:00","og_image":[{"width":1600,"height":1200,"url":"https:\/\/www.sot-medical.com\/wp-content\/uploads\/sot-placeholder.png","type":"image\/png"}],"twitter_card":"summary_large_image","twitter_misc":{"Gesch\u00e4tzte Lesezeit":"1\u00a0Minute"},"schema":{"@context":"https:\/\/schema.org","@graph":[{"@type":"WebPage","@id":"https:\/\/www.sot-medical.com\/de\/newsletter\/","url":"https:\/\/www.sot-medical.com\/de\/newsletter\/","name":"Newsletter - SOT Medical Systems","isPartOf":{"@id":"https:\/\/www.sot-medical.com\/de\/#website"},"primaryImageOfPage":{"@id":"https:\/\/www.sot-medical.com\/de\/newsletter\/#primaryimage"},"image":{"@id":"https:\/\/www.sot-medical.com\/de\/newsletter\/#primaryimage"},"thumbnailUrl":"https:\/\/www.sot-medical.com\/wp-content\/uploads\/sot-placeholder.png","datePublished":"2018-04-30T11:14:20+00:00","dateModified":"2018-05-01T10:40:11+00:00","breadcrumb":{"@id":"https:\/\/www.sot-medical.com\/de\/newsletter\/#breadcrumb"},"inLanguage":"de","potentialAction":[{"@type":"ReadAction","target":["https:\/\/www.sot-medical.com\/de\/newsletter\/"]}]},{"@type":"ImageObject","inLanguage":"de","@id":"https:\/\/www.sot-medical.com\/de\/newsletter\/#primaryimage","url":"https:\/\/www.sot-medical.com\/wp-content\/uploads\/sot-placeholder.png","contentUrl":"https:\/\/www.sot-medical.com\/wp-content\/uploads\/sot-placeholder.png","width":1600,"height":1200},{"@type":"BreadcrumbList","@id":"https:\/\/www.sot-medical.com\/de\/newsletter\/#breadcrumb","itemListElement":[{"@type":"ListItem","position":1,"name":"Home","item":"https:\/\/www.sot-medical.com\/de\/"},{"@type":"ListItem","position":2,"name":"Newsletter"}]},{"@type":"WebSite","@id":"https:\/\/www.sot-medical.com\/de\/#website","url":"https:\/\/www.sot-medical.com\/de\/","name":"SOT Medical Systems","description":"Advanced Medical Systems","publisher":{"@id":"https:\/\/www.sot-medical.com\/de\/#organization"},"potentialAction":[{"@type":"SearchAction","target":{"@type":"EntryPoint","urlTemplate":"https:\/\/www.sot-medical.com\/de\/?s={search_term_string}"},"query-input":{"@type":"PropertyValueSpecification","valueRequired":true,"valueName":"search_term_string"}}],"inLanguage":"de"},{"@type":"Organization","@id":"https:\/\/www.sot-medical.com\/de\/#organization","name":"SOT Medical Systems","url":"https:\/\/www.sot-medical.com\/de\/","logo":{"@type":"ImageObject","inLanguage":"de","@id":"https:\/\/www.sot-medical.com\/de\/#\/schema\/logo\/image\/","url":"https:\/\/www.sot-medical.com\/wp-content\/uploads\/2017\/03\/SOT-Negative.png","contentUrl":"https:\/\/www.sot-medical.com\/wp-content\/uploads\/2017\/03\/SOT-Negative.png","width":720,"height":345,"caption":"SOT Medical Systems"},"image":{"@id":"https:\/\/www.sot-medical.com\/de\/#\/schema\/logo\/image\/"},"sameAs":["https:\/\/www.facebook.com\/SOTMedicalSystems","https:\/\/www.linkedin.com\/company\/sonotechnik-austria","https:\/\/www.youtube.com\/user\/Sonotechnik\/"]}]}},"_links":{"self":[{"href":"https:\/\/www.sot-medical.com\/de\/wp-json\/wp\/v2\/pages\/1400","targetHints":{"allow":["GET"]}}],"collection":[{"href":"https:\/\/www.sot-medical.com\/de\/wp-json\/wp\/v2\/pages"}],"about":[{"href":"https:\/\/www.sot-medical.com\/de\/wp-json\/wp\/v2\/types\/page"}],"author":[{"embeddable":true,"href":"https:\/\/www.sot-medical.com\/de\/wp-json\/wp\/v2\/users\/1"}],"replies":[{"embeddable":true,"href":"https:\/\/www.sot-medical.com\/de\/wp-json\/wp\/v2\/comments?post=1400"}],"version-history":[{"count":4,"href":"https:\/\/www.sot-medical.com\/de\/wp-json\/wp\/v2\/pages\/1400\/revisions"}],"predecessor-version":[{"id":1418,"href":"https:\/\/www.sot-medical.com\/de\/wp-json\/wp\/v2\/pages\/1400\/revisions\/1418"}],"wp:featuredmedia":[{"embeddable":true,"href":"https:\/\/www.sot-medical.com\/de\/wp-json\/wp\/v2\/media\/305"}],"wp:attachment":[{"href":"https:\/\/www.sot-medical.com\/de\/wp-json\/wp\/v2\/media?parent=1400"}],"curies":[{"name":"wp","href":"https:\/\/api.w.org\/{rel}","templated":true}]}}