{"id":2662,"date":"2019-12-12T12:12:50","date_gmt":"2019-12-12T11:12:50","guid":{"rendered":"https:\/\/www.sot-medical.com\/?page_id=2662"},"modified":"2019-12-12T12:53:31","modified_gmt":"2019-12-12T11:53:31","slug":"agb","status":"publish","type":"page","link":"https:\/\/www.sot-medical.com\/de\/agb\/","title":{"rendered":"Allgemeine Gesch\u00e4ftsbedingungen"},"content":{"rendered":"<p>Die folgenden allgemeinen Gesch\u00e4ftsbedingungen gelten f\u00fcr Transaktionen zwischen SOT und dessen Gesch\u00e4ftspartner.<br\/>Sollten Sie Fragen haben, k\u00f6nnen Sie uns jederzeit <a href=\"\/de\/kontakt\/\">kontaktieren<\/a>.<\/p>\r\n\r\n<p><b>Deutsch:<\/b><\/p>\r\n<div class=\"row\"><div class=\"col-sm-12\"><a class=\"btn-link filetype-icon filetype-pdf\" title=\"\" href=\"https:\/\/www.sot-medical.com\/de\/download\/allgemeine-geschaeftsbedingungen\/?tmstv=1777553394\" rel=\"nofollow\" onclick=\"gtag('event', 'download', {'event_category': 'files', 'event_action': 'download', 'event_label': ''});\">\n\tAllgemeine Gesch\u00e4ftsbedingungen &ndash; 107,87 KB<\/a><\/div><\/div>\r\n\r\n<p><b>Englisch:<\/b><\/p>\r\n<div class=\"row\"><div class=\"col-sm-12\"><a class=\"btn-link filetype-icon filetype-pdf\" title=\"\" href=\"https:\/\/www.sot-medical.com\/de\/download\/gtc\/?tmstv=1777553394\" rel=\"nofollow\" onclick=\"gtag('event', 'download', {'event_category': 'files', 'event_action': 'download', 'event_label': ''});\">\n\tGeneral Terms and Conditions &ndash; 97,98 KB<\/a><\/div><\/div>","protected":false},"excerpt":{"rendered":"Die folgenden allgemeinen Gesch\u00e4ftsbedingungen gelten f\u00fcr Transaktionen zwischen SOT und dessen Gesch\u00e4ftspartner.Sollten Sie Fragen haben, k\u00f6nnen Sie uns jederzeit kontaktieren. Deutsch: Englisch:","protected":false},"author":1,"featured_media":305,"parent":0,"menu_order":0,"comment_status":"closed","ping_status":"closed","template":"","meta":{"_acf_changed":false,"content-type":"","wikipediapreview_detectlinks":true,"footnotes":""},"class_list":["post-2662","page","type-page","status-publish","has-post-thumbnail","hentry"],"acf":[],"yoast_head":"<!-- This site is optimized with the Yoast SEO plugin v27.5 - https:\/\/yoast.com\/product\/yoast-seo-wordpress\/ -->\n<title>Allgemeine Gesch\u00e4ftsbedingungen - SOT Medical Systems<\/title>\n<meta name=\"robots\" content=\"noindex, nofollow\" \/>\n<meta property=\"og:locale\" content=\"de_DE\" \/>\n<meta property=\"og:type\" content=\"article\" \/>\n<meta property=\"og:title\" content=\"Allgemeine Gesch\u00e4ftsbedingungen - SOT Medical Systems\" \/>\n<meta property=\"og:description\" content=\"Die folgenden allgemeinen Gesch\u00e4ftsbedingungen gelten f\u00fcr Transaktionen zwischen SOT und dessen Gesch\u00e4ftspartner.Sollten Sie Fragen haben, k\u00f6nnen Sie uns jederzeit kontaktieren. Deutsch: Englisch:\" \/>\n<meta property=\"og:url\" content=\"https:\/\/www.sot-medical.com\/de\/agb\/\" \/>\n<meta property=\"og:site_name\" content=\"SOT Medical Systems\" \/>\n<meta property=\"article:publisher\" content=\"https:\/\/www.facebook.com\/SOTMedicalSystems\" \/>\n<meta property=\"article:modified_time\" content=\"2019-12-12T11:53:31+00:00\" \/>\n<meta property=\"og:image\" content=\"https:\/\/www.sot-medical.com\/wp-content\/uploads\/sot-placeholder.png\" \/>\n\t<meta property=\"og:image:width\" content=\"1600\" \/>\n\t<meta property=\"og:image:height\" content=\"1200\" \/>\n\t<meta property=\"og:image:type\" content=\"image\/png\" \/>\n<meta name=\"twitter:card\" content=\"summary_large_image\" \/>\n<script type=\"application\/ld+json\" class=\"yoast-schema-graph\">{\"@context\":\"https:\\\/\\\/schema.org\",\"@graph\":[{\"@type\":\"WebPage\",\"@id\":\"https:\\\/\\\/www.sot-medical.com\\\/de\\\/agb\\\/\",\"url\":\"https:\\\/\\\/www.sot-medical.com\\\/de\\\/agb\\\/\",\"name\":\"Allgemeine Gesch\u00e4ftsbedingungen - SOT Medical Systems\",\"isPartOf\":{\"@id\":\"https:\\\/\\\/www.sot-medical.com\\\/de\\\/#website\"},\"primaryImageOfPage\":{\"@id\":\"https:\\\/\\\/www.sot-medical.com\\\/de\\\/agb\\\/#primaryimage\"},\"image\":{\"@id\":\"https:\\\/\\\/www.sot-medical.com\\\/de\\\/agb\\\/#primaryimage\"},\"thumbnailUrl\":\"https:\\\/\\\/www.sot-medical.com\\\/wp-content\\\/uploads\\\/sot-placeholder.png\",\"datePublished\":\"2019-12-12T11:12:50+00:00\",\"dateModified\":\"2019-12-12T11:53:31+00:00\",\"breadcrumb\":{\"@id\":\"https:\\\/\\\/www.sot-medical.com\\\/de\\\/agb\\\/#breadcrumb\"},\"inLanguage\":\"de\",\"potentialAction\":[{\"@type\":\"ReadAction\",\"target\":[\"https:\\\/\\\/www.sot-medical.com\\\/de\\\/agb\\\/\"]}]},{\"@type\":\"ImageObject\",\"inLanguage\":\"de\",\"@id\":\"https:\\\/\\\/www.sot-medical.com\\\/de\\\/agb\\\/#primaryimage\",\"url\":\"https:\\\/\\\/www.sot-medical.com\\\/wp-content\\\/uploads\\\/sot-placeholder.png\",\"contentUrl\":\"https:\\\/\\\/www.sot-medical.com\\\/wp-content\\\/uploads\\\/sot-placeholder.png\",\"width\":1600,\"height\":1200},{\"@type\":\"BreadcrumbList\",\"@id\":\"https:\\\/\\\/www.sot-medical.com\\\/de\\\/agb\\\/#breadcrumb\",\"itemListElement\":[{\"@type\":\"ListItem\",\"position\":1,\"name\":\"Home\",\"item\":\"https:\\\/\\\/www.sot-medical.com\\\/de\\\/\"},{\"@type\":\"ListItem\",\"position\":2,\"name\":\"Allgemeine Gesch\u00e4ftsbedingungen\"}]},{\"@type\":\"WebSite\",\"@id\":\"https:\\\/\\\/www.sot-medical.com\\\/de\\\/#website\",\"url\":\"https:\\\/\\\/www.sot-medical.com\\\/de\\\/\",\"name\":\"SOT Medical Systems\",\"description\":\"Advanced Medical Systems\",\"publisher\":{\"@id\":\"https:\\\/\\\/www.sot-medical.com\\\/de\\\/#organization\"},\"potentialAction\":[{\"@type\":\"SearchAction\",\"target\":{\"@type\":\"EntryPoint\",\"urlTemplate\":\"https:\\\/\\\/www.sot-medical.com\\\/de\\\/?s={search_term_string}\"},\"query-input\":{\"@type\":\"PropertyValueSpecification\",\"valueRequired\":true,\"valueName\":\"search_term_string\"}}],\"inLanguage\":\"de\"},{\"@type\":\"Organization\",\"@id\":\"https:\\\/\\\/www.sot-medical.com\\\/de\\\/#organization\",\"name\":\"SOT Medical Systems\",\"url\":\"https:\\\/\\\/www.sot-medical.com\\\/de\\\/\",\"logo\":{\"@type\":\"ImageObject\",\"inLanguage\":\"de\",\"@id\":\"https:\\\/\\\/www.sot-medical.com\\\/de\\\/#\\\/schema\\\/logo\\\/image\\\/\",\"url\":\"https:\\\/\\\/www.sot-medical.com\\\/wp-content\\\/uploads\\\/2017\\\/03\\\/SOT-Negative.png\",\"contentUrl\":\"https:\\\/\\\/www.sot-medical.com\\\/wp-content\\\/uploads\\\/2017\\\/03\\\/SOT-Negative.png\",\"width\":720,\"height\":345,\"caption\":\"SOT Medical Systems\"},\"image\":{\"@id\":\"https:\\\/\\\/www.sot-medical.com\\\/de\\\/#\\\/schema\\\/logo\\\/image\\\/\"},\"sameAs\":[\"https:\\\/\\\/www.facebook.com\\\/SOTMedicalSystems\",\"https:\\\/\\\/www.linkedin.com\\\/company\\\/sonotechnik-austria\",\"https:\\\/\\\/www.youtube.com\\\/user\\\/Sonotechnik\\\/\"]}]}<\/script>\n<!-- \/ Yoast SEO plugin. -->","yoast_head_json":{"title":"Allgemeine Gesch\u00e4ftsbedingungen - SOT Medical Systems","robots":{"index":"noindex","follow":"nofollow"},"og_locale":"de_DE","og_type":"article","og_title":"Allgemeine Gesch\u00e4ftsbedingungen - SOT Medical Systems","og_description":"Die folgenden allgemeinen Gesch\u00e4ftsbedingungen gelten f\u00fcr Transaktionen zwischen SOT und dessen Gesch\u00e4ftspartner.Sollten Sie Fragen haben, k\u00f6nnen Sie uns jederzeit kontaktieren. Deutsch: Englisch:","og_url":"https:\/\/www.sot-medical.com\/de\/agb\/","og_site_name":"SOT Medical Systems","article_publisher":"https:\/\/www.facebook.com\/SOTMedicalSystems","article_modified_time":"2019-12-12T11:53:31+00:00","og_image":[{"width":1600,"height":1200,"url":"https:\/\/www.sot-medical.com\/wp-content\/uploads\/sot-placeholder.png","type":"image\/png"}],"twitter_card":"summary_large_image","schema":{"@context":"https:\/\/schema.org","@graph":[{"@type":"WebPage","@id":"https:\/\/www.sot-medical.com\/de\/agb\/","url":"https:\/\/www.sot-medical.com\/de\/agb\/","name":"Allgemeine Gesch\u00e4ftsbedingungen - SOT Medical Systems","isPartOf":{"@id":"https:\/\/www.sot-medical.com\/de\/#website"},"primaryImageOfPage":{"@id":"https:\/\/www.sot-medical.com\/de\/agb\/#primaryimage"},"image":{"@id":"https:\/\/www.sot-medical.com\/de\/agb\/#primaryimage"},"thumbnailUrl":"https:\/\/www.sot-medical.com\/wp-content\/uploads\/sot-placeholder.png","datePublished":"2019-12-12T11:12:50+00:00","dateModified":"2019-12-12T11:53:31+00:00","breadcrumb":{"@id":"https:\/\/www.sot-medical.com\/de\/agb\/#breadcrumb"},"inLanguage":"de","potentialAction":[{"@type":"ReadAction","target":["https:\/\/www.sot-medical.com\/de\/agb\/"]}]},{"@type":"ImageObject","inLanguage":"de","@id":"https:\/\/www.sot-medical.com\/de\/agb\/#primaryimage","url":"https:\/\/www.sot-medical.com\/wp-content\/uploads\/sot-placeholder.png","contentUrl":"https:\/\/www.sot-medical.com\/wp-content\/uploads\/sot-placeholder.png","width":1600,"height":1200},{"@type":"BreadcrumbList","@id":"https:\/\/www.sot-medical.com\/de\/agb\/#breadcrumb","itemListElement":[{"@type":"ListItem","position":1,"name":"Home","item":"https:\/\/www.sot-medical.com\/de\/"},{"@type":"ListItem","position":2,"name":"Allgemeine Gesch\u00e4ftsbedingungen"}]},{"@type":"WebSite","@id":"https:\/\/www.sot-medical.com\/de\/#website","url":"https:\/\/www.sot-medical.com\/de\/","name":"SOT Medical Systems","description":"Advanced Medical Systems","publisher":{"@id":"https:\/\/www.sot-medical.com\/de\/#organization"},"potentialAction":[{"@type":"SearchAction","target":{"@type":"EntryPoint","urlTemplate":"https:\/\/www.sot-medical.com\/de\/?s={search_term_string}"},"query-input":{"@type":"PropertyValueSpecification","valueRequired":true,"valueName":"search_term_string"}}],"inLanguage":"de"},{"@type":"Organization","@id":"https:\/\/www.sot-medical.com\/de\/#organization","name":"SOT Medical Systems","url":"https:\/\/www.sot-medical.com\/de\/","logo":{"@type":"ImageObject","inLanguage":"de","@id":"https:\/\/www.sot-medical.com\/de\/#\/schema\/logo\/image\/","url":"https:\/\/www.sot-medical.com\/wp-content\/uploads\/2017\/03\/SOT-Negative.png","contentUrl":"https:\/\/www.sot-medical.com\/wp-content\/uploads\/2017\/03\/SOT-Negative.png","width":720,"height":345,"caption":"SOT Medical Systems"},"image":{"@id":"https:\/\/www.sot-medical.com\/de\/#\/schema\/logo\/image\/"},"sameAs":["https:\/\/www.facebook.com\/SOTMedicalSystems","https:\/\/www.linkedin.com\/company\/sonotechnik-austria","https:\/\/www.youtube.com\/user\/Sonotechnik\/"]}]}},"_links":{"self":[{"href":"https:\/\/www.sot-medical.com\/de\/wp-json\/wp\/v2\/pages\/2662","targetHints":{"allow":["GET"]}}],"collection":[{"href":"https:\/\/www.sot-medical.com\/de\/wp-json\/wp\/v2\/pages"}],"about":[{"href":"https:\/\/www.sot-medical.com\/de\/wp-json\/wp\/v2\/types\/page"}],"author":[{"embeddable":true,"href":"https:\/\/www.sot-medical.com\/de\/wp-json\/wp\/v2\/users\/1"}],"replies":[{"embeddable":true,"href":"https:\/\/www.sot-medical.com\/de\/wp-json\/wp\/v2\/comments?post=2662"}],"version-history":[{"count":9,"href":"https:\/\/www.sot-medical.com\/de\/wp-json\/wp\/v2\/pages\/2662\/revisions"}],"predecessor-version":[{"id":2680,"href":"https:\/\/www.sot-medical.com\/de\/wp-json\/wp\/v2\/pages\/2662\/revisions\/2680"}],"wp:featuredmedia":[{"embeddable":true,"href":"https:\/\/www.sot-medical.com\/de\/wp-json\/wp\/v2\/media\/305"}],"wp:attachment":[{"href":"https:\/\/www.sot-medical.com\/de\/wp-json\/wp\/v2\/media?parent=2662"}],"curies":[{"name":"wp","href":"https:\/\/api.w.org\/{rel}","templated":true}]}}