{"id":4762,"date":"2023-04-04T12:33:43","date_gmt":"2023-04-04T10:33:43","guid":{"rendered":"https:\/\/www.sot-medical.com\/how-to-reliably-detect-pad-in-3-minutes-guide\/"},"modified":"2024-09-03T13:49:53","modified_gmt":"2024-09-03T11:49:53","slug":"so-erkennen-sie-pavk-zuverlassig-in-3-minuten-leitfaden","status":"publish","type":"page","link":"https:\/\/www.sot-medical.com\/de\/so-erkennen-sie-pavk-zuverlassig-in-3-minuten-leitfaden\/","title":{"rendered":"So erkennen Sie pAVK zuverl\u00e4ssig in 3 Minuten &#8211; Leitfaden"},"content":{"rendered":"\n<h2 class=\"wp-block-heading has-text-align-center\">Atherosklerose ist die h\u00e4ufigste Todesursache in der entwickelten Welt.<\/h2>\n\n\n\n<section class=\"container\">\n\t\t\t\t\t\t\n\t\t\t\t\t\t<div class=\"row mt-3 mt-md-5 mb-md-4 px-md-5 justify-content-around\">\n\t\t\t\t\t\t\t\t\t\t\t\t\t\t\n\t\t\t\t\t\t\t\t\t\t\t\t\t\t\t\t\t\t\t\t\t\t<div class=\"col-md-4 mb-0 metric\">\n\t\t\t\t\t\t\t\t\t<span class=\"metric-number\">~13%<\/span>\n\t\t\t\t\t\t\t\t\t<h3 class=\"metric-label\">sind betroffen<\/h3>\n\t\t\t\t\t\t\t\t\t<p class=\"metric-description\">pAVK betrifft 12-14 % der Weltbev\u00f6lkerung.*<\/p>\n\t\t\t\t\t\t\t\t<\/div>\n\t\t\t\t\t\t\t\t\t\t\t\t\t\t\t<div class=\"col-md-4 mb-0 metric\">\n\t\t\t\t\t\t\t\t\t<span class=\"metric-number\">20-50%<\/span>\n\t\t\t\t\t\t\t\t\t<h3 class=\"metric-label\">sind asymptomatisch<\/h3>\n\t\t\t\t\t\t\t\t\t<p class=\"metric-description\">Bis zu jeder zweite Patient mit pAVK hat keine Symptome und wird wahrscheinlich nicht diagnostiziert.*<\/p>\n\t\t\t\t\t\t\t\t<\/div>\n\t\t\t\t\t\t\t\t\t\t\t\t\t\t\t<div class=\"col-md-4 mb-0 metric\">\n\t\t\t\t\t\t\t\t\t<span class=\"metric-number\">50%<\/span>\n\t\t\t\t\t\t\t\t\t<h3 class=\"metric-label\">sterben innerhalb von 4 Jahren<\/h3>\n\t\t\t\t\t\t\t\t\t<p class=\"metric-description\">Nur 50% \u00fcberleben l\u00e4nger als vier Jahre nach der Amputation.*<\/p>\n\t\t\t\t\t\t\t\t<\/div>\n\t\t\t\t\t\t\t\n\t\t\t\t\t\t<\/div>\t\n\t\t\t\t\t<\/section>\n\n\n\n<section class=\"container\">\n\t\t\t\t<div class=\"row justify-content-center\">\n\t\t\t\t\t<div class=\"col-md-4\">\n\t\t\t\t\t\t<div class=\"text-separator\"><\/div>\n\t\t\t\t\t<\/div>\n\t\t\t\t<\/div>\n\t\t\t<\/section>\n\n\n\n<h1 class=\"wp-block-heading mt-5\">Erfahren Sie, warum herk\u00f6mmliche ABI-Tests unzureichend sind<\/h1>\n\n\n\n<p class=\"lead\">Die manuelle Bestimmung des ABI durch Anlegen einer Druckmanschette und eines Handdopplers ist mit erheblichen Nachteilen verbunden, insbesondere im Vergleich zu einer automatischen Oszillografie-Messung.<\/p>\n\n\n\n<div class=\"wp-block-columns is-layout-flex wp-container-core-columns-is-layout-9d6595d7 wp-block-columns-is-layout-flex\">\n<div class=\"wp-block-column is-layout-flow wp-block-column-is-layout-flow\">\n<section class=\"container my-3 mt-md-4 mb-md-3\">\n<div class=\"row p-0 justify-content-center\">\n\t\t\t\t\t\t\t<div class=\"col-lg-12 text-left\">\n\t\t\t\t\t\t\t\t<h2 class=\"mb-0\">Nachteile des manuellen ABI-Tests:<\/h2>\n\t\t\t\t\t\t\t<\/div>\n\t\t\t\t\t\t<\/div>\n\t\t\t\t\t\t\t\t\t\t\t\t<div class=\"row p-0 justify-content-center\">\n\t\t\t\t\t\t\t\t\n\t\t\t\t\t\t\t  <div class=\"col-md-12 col-12\">\n\t\t\t\t\t\t\t  <div class=\"card card-inverse card-warning h-100\">\n\t\t\t\t\t\t\t\t<div class=\"card-block\">\n\t\t\t\t\t\t\t\t  <h3 class=\"card-title\"><i class=\"fa fa-minus-circle fa-left\"><\/i>Benutzerabh\u00e4ngig<\/h3>\n\t\t\t\t\t\t\t\t  <p class=\"card-text\">Die Messung muss von gut geschultem Personal durchgef\u00fchrt werden, das in der Lage ist, die richtigen Gef\u00e4\u00dfe zu lokalisieren und zuzuordnen und dabei den geringsten Hinweis auf den Blutfluss festzustellen.<\/p>\n\t\t\t\t\t\t\t\t<\/div>\n\t\t\t\t\t\t\t  <\/div>\n\t\t\t\t\t\t\t  <\/div>\n\n\t\t\t\t\t\t\t\t\t\n\t\t\t\t\t\t\t  <div class=\"col-md-12 col-12\">\n\t\t\t\t\t\t\t  <div class=\"card card-inverse card-warning h-100\">\n\t\t\t\t\t\t\t\t<div class=\"card-block\">\n\t\t\t\t\t\t\t\t  <h3 class=\"card-title\"><i class=\"fa fa-minus-circle fa-left\"><\/i>Langwieriges Verfahren<\/h3>\n\t\t\t\t\t\t\t\t  <p class=\"card-text\">Die manuelle Erfassung der Druckwerte an allen relevanten Gef\u00e4\u00dfen kann bis zu 15 Minuten pro Patient dauern.<\/p>\n\t\t\t\t\t\t\t\t<\/div>\n\t\t\t\t\t\t\t  <\/div>\n\t\t\t\t\t\t\t  <\/div>\n\n\t\t\t\t\t\t\t\t\t\n\t\t\t\t\t\t\t  <div class=\"col-md-12 col-12\">\n\t\t\t\t\t\t\t  <div class=\"card card-inverse card-warning h-100\">\n\t\t\t\t\t\t\t\t<div class=\"card-block\">\n\t\t\t\t\t\t\t\t  <h3 class=\"card-title\"><i class=\"fa fa-minus-circle fa-left\"><\/i>Kein Seitenvergleich<\/h3>\n\t\t\t\t\t\t\t\t  <p class=\"card-text\">Da keine gleichzeitige Erfassung erfolgt, k\u00f6nnen geringe Seitenabweichungen zwischen der Durchblutung der linken und rechten Seite des Patienten nicht dokumentiert werden.<\/p>\n\t\t\t\t\t\t\t\t<\/div>\n\t\t\t\t\t\t\t  <\/div>\n\t\t\t\t\t\t\t  <\/div>\n\n\t\t\t\t\t\t\t\t\t\n\t\t\t\t\t\t\t  <div class=\"col-md-12 col-12\">\n\t\t\t\t\t\t\t  <div class=\"card card-inverse card-warning h-100\">\n\t\t\t\t\t\t\t\t<div class=\"card-block\">\n\t\t\t\t\t\t\t\t  <h3 class=\"card-title\"><i class=\"fa fa-minus-circle fa-left\"><\/i>Nicht f\u00fcr Diabetiker geeignet<\/h3>\n\t\t\t\t\t\t\t\t  <p class=\"card-text\">Die Methode ist nicht geeignet f\u00fcr Patienten, die an <strong>Media-Sklerose<\/strong> leiden, die bei Diabetikern sehr h\u00e4ufig vorkommt.<\/p>\n\t\t\t\t\t\t\t\t<\/div>\n\t\t\t\t\t\t\t  <\/div>\n\t\t\t\t\t\t\t  <\/div>\n\n\t\t\t\t\t\t\t\t\t\t\t\t\t<\/div>\n\t\t\t\t\t\t\t\t\t\t\t\t\t\n\t\t\t\t\t\t\t\t\t<\/section>\n<\/div>\n\n\n\n<div class=\"wp-block-column is-layout-flow wp-block-column-is-layout-flow\">\n<figure class=\"wp-block-image size-full mt-2 mb-0 my-md-5\"><img loading=\"lazy\" decoding=\"async\" width=\"751\" height=\"479\" src=\"https:\/\/www.sot-medical.com\/wp-content\/uploads\/2022\/05\/doppler-vessels.png\" alt=\"\" class=\"wp-image-4088\" title=\"Doppler ABI\" srcset=\"https:\/\/www.sot-medical.com\/wp-content\/uploads\/2022\/05\/doppler-vessels.png 751w, https:\/\/www.sot-medical.com\/wp-content\/uploads\/2022\/05\/doppler-vessels-500x319.png 500w, https:\/\/www.sot-medical.com\/wp-content\/uploads\/2022\/05\/doppler-vessels-300x191.png 300w, https:\/\/www.sot-medical.com\/wp-content\/uploads\/2022\/05\/doppler-vessels-150x96.png 150w\" sizes=\"auto, (max-width: 751px) 100vw, 751px\" \/><figcaption class=\"wp-element-caption\">Manueller Doppler-ABI<\/figcaption><\/figure>\n\n\n\n<div class=\"row\">\n\t\t\t\t\t\t\t\t<div class=\"col-md-3 text-left mb-0 mt-3\">\n\t\t\t\t\t\t\t\t\t<a href=\"#requestnow\" class=\"btn btn-lg btn-outline-primary\">Leitfaden herunterladen<i class=\"fa fa-file-pdf-o\"><\/i><\/a>\n\t\t\t\t\t\t\t\t<\/div>\n\t\t\t\t\t\t\t<\/div>\n<\/div>\n<\/div>\n\n\n\n<section class=\"container\">\n\t\t\t\t<div class=\"row justify-content-center\">\n\t\t\t\t\t<div class=\"col-md-4\">\n\t\t\t\t\t\t<div class=\"text-separator\"><\/div>\n\t\t\t\t\t<\/div>\n\t\t\t\t<\/div>\n\t\t\t<\/section>\n\n\n\n<h1 class=\"wp-block-heading mt-5\">Verwenden Sie den 3-Minuten-Test, um pAVK zu erkennen, auch in fr\u00fchen Stadien:<\/h1>\n\n\n\n<p class=\"lead\">Der moderne Ansatz ist die oszillometrische Methode, bei der die Dr\u00fccke durch das gleichzeitige Anlegen von vier Messmanschetten an Oberarmen und Kn\u00f6cheln mit einem automatisierten System erfasst werden. Dieser Ansatz ist bedienerunabh\u00e4ngig, zeitsparend, erm\u00f6glicht einen direkten Vergleich der Pulswellen und beinhaltet den Indikator mit der h\u00f6chsten Empfindlichkeit zur Bestimmung der pAVK, den <strong>PWI\u2122 (Pulswellenindex)<\/strong>:<\/p>\n\n\n\n<div class=\"wp-block-columns is-layout-flex wp-container-core-columns-is-layout-9d6595d7 wp-block-columns-is-layout-flex\">\n<div class=\"wp-block-column is-layout-flow wp-block-column-is-layout-flow\">\n<section class=\"container my-3 mt-md-4 mb-md-3\">\n\t\t\t\t\t\t\t\t\t\t\t\t<div class=\"row p-0 justify-content-center\">\n\t\t\t\t\t\t\t<div class=\"col-lg-12 text-left\">\n\t\t\t\t\t\t\t\t<h2 class=\"mb-0\">Vorteile der automatisierten Oszillographie:<\/h2>\n\t\t\t\t\t\t\t<\/div>\n\t\t\t\t\t\t<\/div>\n\t\t\t\t\t\t\t\t\t\t\t\t<div class=\"row pb-0 justify-content-center\">\n\t\t\t\t\t\t\t\t\n\t\t\t\t\t\t\t  <div class=\"col-md-12 col-12\">\n\t\t\t\t\t\t\t  <div class=\"card card-inverse card-primary h-100\">\n\t\t\t\t\t\t\t\t<div class=\"card-block\">\n\t\t\t\t\t\t\t\t  <h3 class=\"card-title\"><i class=\"fa fa-plus-circle fa-left\"><\/i>Zeitersparnis<\/h3>\n\t\t\t\t\t\t\t\t  <p class=\"card-text\">3-Minuten-Screening im Vergleich zu ~10min. Doppler ABI oder ~20min. TcpO2-Test.<\/p>\n\t\t\t\t\t\t\t\t<\/div>\n\t\t\t\t\t\t\t  <\/div>\n\t\t\t\t\t\t\t  <\/div>\n\n\t\t\t\t\t\t\t\t\t\n\t\t\t\t\t\t\t  <div class=\"col-md-12 col-12\">\n\t\t\t\t\t\t\t  <div class=\"card card-inverse card-primary h-100\">\n\t\t\t\t\t\t\t\t<div class=\"card-block\">\n\t\t\t\t\t\t\t\t  <h3 class=\"card-title\"><i class=\"fa fa-plus-circle fa-left\"><\/i>Pr\u00e4zise<\/h3>\n\t\t\t\t\t\t\t\t  <p class=\"card-text\">Manschetten messen <u>alle Gef\u00e4\u00dfe und Kollateralen<\/u> gleichzeitig (im Vergleich zu einem Gef\u00e4\u00df nach dem anderen mit Doppler).<\/p>\n\t\t\t\t\t\t\t\t<\/div>\n\t\t\t\t\t\t\t  <\/div>\n\t\t\t\t\t\t\t  <\/div>\n\n\t\t\t\t\t\t\t\t\t\n\t\t\t\t\t\t\t  <div class=\"col-md-12 col-12\">\n\t\t\t\t\t\t\t  <div class=\"card card-inverse card-primary h-100\">\n\t\t\t\t\t\t\t\t<div class=\"card-block\">\n\t\t\t\t\t\t\t\t  <h3 class=\"card-title\"><i class=\"fa fa-plus-circle fa-left\"><\/i>Simultan<\/h3>\n\t\t\t\t\t\t\t\t  <p class=\"card-text\">Direkter Links-Rechts-Vergleich zur Erkennung geringster seitlicher Unterschiede der Pulswelle und Amplitude.<\/p>\n\t\t\t\t\t\t\t\t<\/div>\n\t\t\t\t\t\t\t  <\/div>\n\t\t\t\t\t\t\t  <\/div>\n\n\t\t\t\t\t\t\t\t\t\n\t\t\t\t\t\t\t  <div class=\"col-md-12 col-12\">\n\t\t\t\t\t\t\t  <div class=\"card card-inverse card-primary h-100\">\n\t\t\t\t\t\t\t\t<div class=\"card-block\">\n\t\t\t\t\t\t\t\t  <h3 class=\"card-title\"><i class=\"fa fa-plus-circle fa-left\"><\/i>Standardisiert<\/h3>\n\t\t\t\t\t\t\t\t  <p class=\"card-text\">Vergleichbare Messungen (zur Erkennung von Trends) und Verringerung menschlicher Fehler. Keine aufw\u00e4ndige Schulung erforderlich.<\/p>\n\t\t\t\t\t\t\t\t<\/div>\n\t\t\t\t\t\t\t  <\/div>\n\t\t\t\t\t\t\t  <\/div>\n\n\t\t\t\t\t\t\t\t\t\t\t\t\t<\/div>\n\t\t\t\t\t\t\t\t\t\t\t\t\t\n\t\t\t\t\t\t\t\t\t\t\t<\/section>\n<\/div>\n\n\n\n<div class=\"wp-block-column is-layout-flow wp-block-column-is-layout-flow\">\n<div class=\"col-12 mt-4 mb-0\"><blockquote class=\"blockquote mb-0\" style=\"border-left:0px solid;\">\n\t\t\t\t\t\t\t\t\t<i class=\"fa fa-4x fa-left fa-quote-left\" style=\"opacity:.03;position:absolute;top:-10px;left:30px;\"><\/i>\n\t\t\t\t\t\t\t\t\t<p class=\"mb-2\"><em>In unserer Studie schnitt PWI besser ab als oABI und dABI. Dieses Ergebnis ist neu, aber nicht \u00fcberraschend, da die PWI stark von der Zeit bis zum Spitzenwert der Volumenkurve beeinflusst wird. Dieser Parameter ist seit langem daf\u00fcr bekannt, dass er sehr empfindlich f\u00fcr poststenotische Flusskurven ist und tendenziell weniger von Gef\u00e4\u00dfwandeigenschaften wie Mediensklerose beeinflusst wird. [\u00fcbersetzt]<\/em><\/p>\n\t\t\t\t\t\t\t\t\t<footer class=\"blockquote-footer\" style=\"color:#777;\"><strong>VASA \u2013 European Journal of Vascular Medicine<\/strong><\/footer>\n\t\t\t\t\t\t\t\t\t<footer class=\"blockquote-footer\">Diagnostic accuracy of ankle-brachial index by Doppler-based versus four-point oscillometry based measurements; Mayr, Hirschl, Klein-Weigel, Girardi, Kundi; Vol. 48\/6 \u2013 2019<\/footer>\n\t\t\t\t\t\t\t\t<\/blockquote><\/div>\n\n\n\n<figure class=\"wp-block-image size-large my-0\"><img loading=\"lazy\" decoding=\"async\" width=\"1024\" height=\"737\" src=\"https:\/\/www.sot-medical.com\/wp-content\/uploads\/2021\/11\/pro4-laptop-1024x737.png\" alt=\"\" class=\"wp-image-3448 border-0\" title=\"AngE ABI+\" srcset=\"https:\/\/www.sot-medical.com\/wp-content\/uploads\/2021\/11\/pro4-laptop-1024x737.png 1024w, https:\/\/www.sot-medical.com\/wp-content\/uploads\/2021\/11\/pro4-laptop-300x216.png 300w, https:\/\/www.sot-medical.com\/wp-content\/uploads\/2021\/11\/pro4-laptop-150x108.png 150w, https:\/\/www.sot-medical.com\/wp-content\/uploads\/2021\/11\/pro4-laptop-768x553.png 768w, https:\/\/www.sot-medical.com\/wp-content\/uploads\/2021\/11\/pro4-laptop-1536x1106.png 1536w, https:\/\/www.sot-medical.com\/wp-content\/uploads\/2021\/11\/pro4-laptop-2048x1475.png 2048w, https:\/\/www.sot-medical.com\/wp-content\/uploads\/2021\/11\/pro4-laptop-1920x1382.png 1920w\" sizes=\"auto, (max-width: 1024px) 100vw, 1024px\"><\/figure>\n<\/div>\n<\/div>\n\n\n\n<section class=\"container\">\n\t\t\t\t<div class=\"row justify-content-center\">\n\t\t\t\t\t<div class=\"col-md-4\">\n\t\t\t\t\t\t<div class=\"text-separator\"><\/div>\n\t\t\t\t\t<\/div>\n\t\t\t\t<\/div>\n\t\t\t<\/section>\n\n\n\n<h1 class=\"wp-block-heading\" id=\"requestnow\">Leitfaden herunterladen<\/h1>\n\n\n\n<div class=\"wp-block-columns is-layout-flex wp-container-core-columns-is-layout-9d6595d7 wp-block-columns-is-layout-flex\">\n<div class=\"wp-block-column is-layout-flow wp-block-column-is-layout-flow\">\n<p>Laden Sie den umfassenden Leitfaden mit dem Schwerpunktthema pAVK-Screening herunter:<\/p>\n\n\n\n<p><strong><strong>Periphere arterielle Verschlusskrankheit (pAVK)<\/strong><\/strong><\/p>\n\n\n\n<ul class=\"wp-block-list\">\n<li>Symptome der pAVK<\/li>\n\n\n\n<li>Behandlung der pAVK<\/li>\n<\/ul>\n\n\n\n<p><strong>Beurteilung der pAVK<\/strong><\/p>\n\n\n\n<ul class=\"wp-block-list\">\n<li>Die traditionelle Methode: Kn\u00f6chel-Arm-Index (ABI)<\/li>\n\n\n\n<li>Der moderne Ansatz: Pulswellenindex (PWI\u2122)<\/li>\n<\/ul>\n\n\n\n<p><strong><strong>Gef\u00e4\u00dfscreening mit der TOPP-Methode<\/strong><\/strong><\/p>\n\n\n\n<ul class=\"wp-block-list\">\n<li>Prinzip der Messung<\/li>\n\n\n\n<li>Ermittelte Parameter<\/li>\n\n\n\n<li>Beispiel f\u00fcr die Interpretation<\/li>\n\n\n\n<li>Fallstudie mit Angiographie<\/li>\n<\/ul>\n\n\n\n<p><strong>Zusatzkapitel: Belastungstest<\/strong><\/p>\n<\/div>\n\n\n\n<div class=\"wp-block-column is-layout-flow wp-block-column-is-layout-flow\">\n<div id=\"hubform\"><\/div>\n<script charset=\"utf-8\" type=\"text\/javascript\" src=\"\/\/js-eu1.hsforms.net\/forms\/embed\/v2.js\"><\/script>\n<script>\n  hbspt.forms.create({\n    region: \"eu1\",\n    portalId: \"26082812\",\n    formId: \"871584e4-f97d-4768-bb79-e8f4f2f84983\",\ntarget: \"#hubform\"\n  });\n<\/script>\n<\/div>\n<\/div>\n","protected":false},"excerpt":{"rendered":"Atherosklerose ist die h\u00e4ufigste Todesursache in der entwickelten Welt. ~13% sind betroffen pAVK betrifft 12-14 % der Weltbev\u00f6lkerung.* 20-50% sind asymptomatisch Bis zu jeder zweite Patient mit pAVK hat keine Symptome und wird wahrscheinlich nicht diagnostiziert.* 50% sterben innerhalb von 4 Jahren Nur 50% \u00fcberleben l\u00e4nger als vier Jahre nach der Amputation.* Erfahren Sie, warum [&hellip;]","protected":false},"author":1,"featured_media":1744,"parent":0,"menu_order":0,"comment_status":"closed","ping_status":"closed","template":"page_landing-template.php","meta":{"_acf_changed":false,"content-type":"","wikipediapreview_detectlinks":true,"footnotes":""},"class_list":["post-4762","page","type-page","status-publish","has-post-thumbnail","hentry"],"acf":[],"yoast_head":"<!-- This site is optimized with the Yoast SEO plugin v27.4 - https:\/\/yoast.com\/product\/yoast-seo-wordpress\/ -->\n<title>So erkennen Sie pAVK zuverl\u00e4ssig in 3 Minuten - Leitfaden - SOT Medical Systems<\/title>\n<meta name=\"robots\" content=\"index, follow, max-snippet:-1, max-image-preview:large, max-video-preview:-1\" \/>\n<link rel=\"canonical\" href=\"https:\/\/www.sot-medical.com\/de\/so-erkennen-sie-pavk-zuverlassig-in-3-minuten-leitfaden\/\" \/>\n<meta property=\"og:locale\" content=\"de_DE\" \/>\n<meta property=\"og:type\" content=\"article\" \/>\n<meta property=\"og:title\" content=\"So erkennen Sie pAVK zuverl\u00e4ssig in 3 Minuten - Leitfaden - SOT Medical Systems\" \/>\n<meta property=\"og:description\" content=\"Atherosklerose ist die h\u00e4ufigste Todesursache in der entwickelten Welt. ~13% sind betroffen pAVK betrifft 12-14 % der Weltbev\u00f6lkerung.* 20-50% sind asymptomatisch Bis zu jeder zweite Patient mit pAVK hat keine Symptome und wird wahrscheinlich nicht diagnostiziert.* 50% sterben innerhalb von 4 Jahren Nur 50% \u00fcberleben l\u00e4nger als vier Jahre nach der Amputation.* Erfahren Sie, warum [&hellip;]\" \/>\n<meta property=\"og:url\" content=\"https:\/\/www.sot-medical.com\/de\/so-erkennen-sie-pavk-zuverlassig-in-3-minuten-leitfaden\/\" \/>\n<meta property=\"og:site_name\" content=\"SOT Medical Systems\" \/>\n<meta property=\"article:publisher\" content=\"https:\/\/www.facebook.com\/SOTMedicalSystems\" \/>\n<meta property=\"article:modified_time\" content=\"2024-09-03T11:49:53+00:00\" \/>\n<meta property=\"og:image\" content=\"https:\/\/www.sot-medical.com\/wp-content\/uploads\/sot-placeholder.png\" \/>\n\t<meta property=\"og:image:width\" content=\"1600\" \/>\n\t<meta property=\"og:image:height\" content=\"1200\" \/>\n\t<meta property=\"og:image:type\" content=\"image\/png\" \/>\n<meta name=\"twitter:card\" content=\"summary_large_image\" \/>\n<meta name=\"twitter:label1\" content=\"Gesch\u00e4tzte Lesezeit\" \/>\n\t<meta name=\"twitter:data1\" content=\"3\u00a0Minuten\" \/>\n<script type=\"application\/ld+json\" class=\"yoast-schema-graph\">{\"@context\":\"https:\\\/\\\/schema.org\",\"@graph\":[{\"@type\":\"WebPage\",\"@id\":\"https:\\\/\\\/www.sot-medical.com\\\/de\\\/so-erkennen-sie-pavk-zuverlassig-in-3-minuten-leitfaden\\\/\",\"url\":\"https:\\\/\\\/www.sot-medical.com\\\/de\\\/so-erkennen-sie-pavk-zuverlassig-in-3-minuten-leitfaden\\\/\",\"name\":\"So erkennen Sie pAVK zuverl\u00e4ssig in 3 Minuten - Leitfaden - SOT Medical Systems\",\"isPartOf\":{\"@id\":\"https:\\\/\\\/www.sot-medical.com\\\/de\\\/#website\"},\"primaryImageOfPage\":{\"@id\":\"https:\\\/\\\/www.sot-medical.com\\\/de\\\/so-erkennen-sie-pavk-zuverlassig-in-3-minuten-leitfaden\\\/#primaryimage\"},\"image\":{\"@id\":\"https:\\\/\\\/www.sot-medical.com\\\/de\\\/so-erkennen-sie-pavk-zuverlassig-in-3-minuten-leitfaden\\\/#primaryimage\"},\"thumbnailUrl\":\"https:\\\/\\\/www.sot-medical.com\\\/wp-content\\\/uploads\\\/sot-placeholder.png\",\"datePublished\":\"2023-04-04T10:33:43+00:00\",\"dateModified\":\"2024-09-03T11:49:53+00:00\",\"breadcrumb\":{\"@id\":\"https:\\\/\\\/www.sot-medical.com\\\/de\\\/so-erkennen-sie-pavk-zuverlassig-in-3-minuten-leitfaden\\\/#breadcrumb\"},\"inLanguage\":\"de\",\"potentialAction\":[{\"@type\":\"ReadAction\",\"target\":[\"https:\\\/\\\/www.sot-medical.com\\\/de\\\/so-erkennen-sie-pavk-zuverlassig-in-3-minuten-leitfaden\\\/\"]}]},{\"@type\":\"ImageObject\",\"inLanguage\":\"de\",\"@id\":\"https:\\\/\\\/www.sot-medical.com\\\/de\\\/so-erkennen-sie-pavk-zuverlassig-in-3-minuten-leitfaden\\\/#primaryimage\",\"url\":\"https:\\\/\\\/www.sot-medical.com\\\/wp-content\\\/uploads\\\/sot-placeholder.png\",\"contentUrl\":\"https:\\\/\\\/www.sot-medical.com\\\/wp-content\\\/uploads\\\/sot-placeholder.png\",\"width\":1600,\"height\":1200},{\"@type\":\"BreadcrumbList\",\"@id\":\"https:\\\/\\\/www.sot-medical.com\\\/de\\\/so-erkennen-sie-pavk-zuverlassig-in-3-minuten-leitfaden\\\/#breadcrumb\",\"itemListElement\":[{\"@type\":\"ListItem\",\"position\":1,\"name\":\"Home\",\"item\":\"https:\\\/\\\/www.sot-medical.com\\\/de\\\/\"},{\"@type\":\"ListItem\",\"position\":2,\"name\":\"So erkennen Sie pAVK zuverl\u00e4ssig in 3 Minuten &#8211; Leitfaden\"}]},{\"@type\":\"WebSite\",\"@id\":\"https:\\\/\\\/www.sot-medical.com\\\/de\\\/#website\",\"url\":\"https:\\\/\\\/www.sot-medical.com\\\/de\\\/\",\"name\":\"SOT Medical Systems\",\"description\":\"Advanced Medical Systems\",\"publisher\":{\"@id\":\"https:\\\/\\\/www.sot-medical.com\\\/de\\\/#organization\"},\"potentialAction\":[{\"@type\":\"SearchAction\",\"target\":{\"@type\":\"EntryPoint\",\"urlTemplate\":\"https:\\\/\\\/www.sot-medical.com\\\/de\\\/?s={search_term_string}\"},\"query-input\":{\"@type\":\"PropertyValueSpecification\",\"valueRequired\":true,\"valueName\":\"search_term_string\"}}],\"inLanguage\":\"de\"},{\"@type\":\"Organization\",\"@id\":\"https:\\\/\\\/www.sot-medical.com\\\/de\\\/#organization\",\"name\":\"SOT Medical Systems\",\"url\":\"https:\\\/\\\/www.sot-medical.com\\\/de\\\/\",\"logo\":{\"@type\":\"ImageObject\",\"inLanguage\":\"de\",\"@id\":\"https:\\\/\\\/www.sot-medical.com\\\/de\\\/#\\\/schema\\\/logo\\\/image\\\/\",\"url\":\"https:\\\/\\\/www.sot-medical.com\\\/wp-content\\\/uploads\\\/2017\\\/03\\\/SOT-Negative.png\",\"contentUrl\":\"https:\\\/\\\/www.sot-medical.com\\\/wp-content\\\/uploads\\\/2017\\\/03\\\/SOT-Negative.png\",\"width\":720,\"height\":345,\"caption\":\"SOT Medical Systems\"},\"image\":{\"@id\":\"https:\\\/\\\/www.sot-medical.com\\\/de\\\/#\\\/schema\\\/logo\\\/image\\\/\"},\"sameAs\":[\"https:\\\/\\\/www.facebook.com\\\/SOTMedicalSystems\",\"https:\\\/\\\/www.linkedin.com\\\/company\\\/sonotechnik-austria\",\"https:\\\/\\\/www.youtube.com\\\/user\\\/Sonotechnik\\\/\"]}]}<\/script>\n<!-- \/ Yoast SEO plugin. -->","yoast_head_json":{"title":"So erkennen Sie pAVK zuverl\u00e4ssig in 3 Minuten - Leitfaden - SOT Medical Systems","robots":{"index":"index","follow":"follow","max-snippet":"max-snippet:-1","max-image-preview":"max-image-preview:large","max-video-preview":"max-video-preview:-1"},"canonical":"https:\/\/www.sot-medical.com\/de\/so-erkennen-sie-pavk-zuverlassig-in-3-minuten-leitfaden\/","og_locale":"de_DE","og_type":"article","og_title":"So erkennen Sie pAVK zuverl\u00e4ssig in 3 Minuten - Leitfaden - SOT Medical Systems","og_description":"Atherosklerose ist die h\u00e4ufigste Todesursache in der entwickelten Welt. ~13% sind betroffen pAVK betrifft 12-14 % der Weltbev\u00f6lkerung.* 20-50% sind asymptomatisch Bis zu jeder zweite Patient mit pAVK hat keine Symptome und wird wahrscheinlich nicht diagnostiziert.* 50% sterben innerhalb von 4 Jahren Nur 50% \u00fcberleben l\u00e4nger als vier Jahre nach der Amputation.* Erfahren Sie, warum [&hellip;]","og_url":"https:\/\/www.sot-medical.com\/de\/so-erkennen-sie-pavk-zuverlassig-in-3-minuten-leitfaden\/","og_site_name":"SOT Medical Systems","article_publisher":"https:\/\/www.facebook.com\/SOTMedicalSystems","article_modified_time":"2024-09-03T11:49:53+00:00","og_image":[{"width":1600,"height":1200,"url":"https:\/\/www.sot-medical.com\/wp-content\/uploads\/sot-placeholder.png","type":"image\/png"}],"twitter_card":"summary_large_image","twitter_misc":{"Gesch\u00e4tzte Lesezeit":"3\u00a0Minuten"},"schema":{"@context":"https:\/\/schema.org","@graph":[{"@type":"WebPage","@id":"https:\/\/www.sot-medical.com\/de\/so-erkennen-sie-pavk-zuverlassig-in-3-minuten-leitfaden\/","url":"https:\/\/www.sot-medical.com\/de\/so-erkennen-sie-pavk-zuverlassig-in-3-minuten-leitfaden\/","name":"So erkennen Sie pAVK zuverl\u00e4ssig in 3 Minuten - Leitfaden - SOT Medical Systems","isPartOf":{"@id":"https:\/\/www.sot-medical.com\/de\/#website"},"primaryImageOfPage":{"@id":"https:\/\/www.sot-medical.com\/de\/so-erkennen-sie-pavk-zuverlassig-in-3-minuten-leitfaden\/#primaryimage"},"image":{"@id":"https:\/\/www.sot-medical.com\/de\/so-erkennen-sie-pavk-zuverlassig-in-3-minuten-leitfaden\/#primaryimage"},"thumbnailUrl":"https:\/\/www.sot-medical.com\/wp-content\/uploads\/sot-placeholder.png","datePublished":"2023-04-04T10:33:43+00:00","dateModified":"2024-09-03T11:49:53+00:00","breadcrumb":{"@id":"https:\/\/www.sot-medical.com\/de\/so-erkennen-sie-pavk-zuverlassig-in-3-minuten-leitfaden\/#breadcrumb"},"inLanguage":"de","potentialAction":[{"@type":"ReadAction","target":["https:\/\/www.sot-medical.com\/de\/so-erkennen-sie-pavk-zuverlassig-in-3-minuten-leitfaden\/"]}]},{"@type":"ImageObject","inLanguage":"de","@id":"https:\/\/www.sot-medical.com\/de\/so-erkennen-sie-pavk-zuverlassig-in-3-minuten-leitfaden\/#primaryimage","url":"https:\/\/www.sot-medical.com\/wp-content\/uploads\/sot-placeholder.png","contentUrl":"https:\/\/www.sot-medical.com\/wp-content\/uploads\/sot-placeholder.png","width":1600,"height":1200},{"@type":"BreadcrumbList","@id":"https:\/\/www.sot-medical.com\/de\/so-erkennen-sie-pavk-zuverlassig-in-3-minuten-leitfaden\/#breadcrumb","itemListElement":[{"@type":"ListItem","position":1,"name":"Home","item":"https:\/\/www.sot-medical.com\/de\/"},{"@type":"ListItem","position":2,"name":"So erkennen Sie pAVK zuverl\u00e4ssig in 3 Minuten &#8211; Leitfaden"}]},{"@type":"WebSite","@id":"https:\/\/www.sot-medical.com\/de\/#website","url":"https:\/\/www.sot-medical.com\/de\/","name":"SOT Medical Systems","description":"Advanced Medical Systems","publisher":{"@id":"https:\/\/www.sot-medical.com\/de\/#organization"},"potentialAction":[{"@type":"SearchAction","target":{"@type":"EntryPoint","urlTemplate":"https:\/\/www.sot-medical.com\/de\/?s={search_term_string}"},"query-input":{"@type":"PropertyValueSpecification","valueRequired":true,"valueName":"search_term_string"}}],"inLanguage":"de"},{"@type":"Organization","@id":"https:\/\/www.sot-medical.com\/de\/#organization","name":"SOT Medical Systems","url":"https:\/\/www.sot-medical.com\/de\/","logo":{"@type":"ImageObject","inLanguage":"de","@id":"https:\/\/www.sot-medical.com\/de\/#\/schema\/logo\/image\/","url":"https:\/\/www.sot-medical.com\/wp-content\/uploads\/2017\/03\/SOT-Negative.png","contentUrl":"https:\/\/www.sot-medical.com\/wp-content\/uploads\/2017\/03\/SOT-Negative.png","width":720,"height":345,"caption":"SOT Medical Systems"},"image":{"@id":"https:\/\/www.sot-medical.com\/de\/#\/schema\/logo\/image\/"},"sameAs":["https:\/\/www.facebook.com\/SOTMedicalSystems","https:\/\/www.linkedin.com\/company\/sonotechnik-austria","https:\/\/www.youtube.com\/user\/Sonotechnik\/"]}]}},"_links":{"self":[{"href":"https:\/\/www.sot-medical.com\/de\/wp-json\/wp\/v2\/pages\/4762","targetHints":{"allow":["GET"]}}],"collection":[{"href":"https:\/\/www.sot-medical.com\/de\/wp-json\/wp\/v2\/pages"}],"about":[{"href":"https:\/\/www.sot-medical.com\/de\/wp-json\/wp\/v2\/types\/page"}],"author":[{"embeddable":true,"href":"https:\/\/www.sot-medical.com\/de\/wp-json\/wp\/v2\/users\/1"}],"replies":[{"embeddable":true,"href":"https:\/\/www.sot-medical.com\/de\/wp-json\/wp\/v2\/comments?post=4762"}],"version-history":[{"count":13,"href":"https:\/\/www.sot-medical.com\/de\/wp-json\/wp\/v2\/pages\/4762\/revisions"}],"predecessor-version":[{"id":6021,"href":"https:\/\/www.sot-medical.com\/de\/wp-json\/wp\/v2\/pages\/4762\/revisions\/6021"}],"wp:featuredmedia":[{"embeddable":true,"href":"https:\/\/www.sot-medical.com\/de\/wp-json\/wp\/v2\/media\/1744"}],"wp:attachment":[{"href":"https:\/\/www.sot-medical.com\/de\/wp-json\/wp\/v2\/media?parent=4762"}],"curies":[{"name":"wp","href":"https:\/\/api.w.org\/{rel}","templated":true}]}}