{"id":5214,"date":"2024-03-19T16:41:21","date_gmt":"2024-03-19T14:41:21","guid":{"rendered":"https:\/\/www.sot-medical.com\/versandkosten\/"},"modified":"2024-07-08T23:53:13","modified_gmt":"2024-07-08T21:53:13","slug":"versandkosten","status":"publish","type":"page","link":"https:\/\/www.sot-medical.com\/de\/versandkosten\/","title":{"rendered":"Versandkosten"},"content":{"rendered":"\n<p>Der SOT Shop wendet die folgenden Tarife f\u00fcr den Versand an:<\/p>\n\n\n\n<figure class=\"wp-block-table\"><table><thead><tr><th class=\"has-text-align-center\" data-align=\"center\">Paketgr\u00f6\u00dfe<\/th><th class=\"has-text-align-center\" data-align=\"center\">\u00d6sterreich<\/th><th class=\"has-text-align-center\" data-align=\"center\">Deutschland<\/th><th class=\"has-text-align-center\" data-align=\"center\">Alle anderen L\u00e4nder<\/th><\/tr><\/thead><tbody><tr><td class=\"has-text-align-center\" data-align=\"center\">Klein<\/td><td class=\"has-text-align-center\" data-align=\"center\">\u20ac 15<\/td><td class=\"has-text-align-center\" data-align=\"center\">\u20ac 25<\/td><td class=\"has-text-align-center\" data-align=\"center\">In finalem Angebot enthalten<\/td><\/tr><tr><td class=\"has-text-align-center\" data-align=\"center\">Mittel<\/td><td class=\"has-text-align-center\" data-align=\"center\">\u20ac 20<\/td><td class=\"has-text-align-center\" data-align=\"center\">\u20ac 35<\/td><td class=\"has-text-align-center\" data-align=\"center\">In finalem Angebot enthalten<\/td><\/tr><tr><td class=\"has-text-align-center\" data-align=\"center\">Gro\u00df<\/td><td class=\"has-text-align-center\" data-align=\"center\">\u20ac 35<\/td><td class=\"has-text-align-center\" data-align=\"center\">\u20ac 50<\/td><td class=\"has-text-align-center\" data-align=\"center\">In finalem Angebot enthalten<\/td><\/tr><\/tbody><\/table><\/figure>\n\n\n\n<p>Die Versandkosten werden Ihrer Bestellung vor dem Bezahlen hinzugef\u00fcgt und basieren auf Ihrer Lieferadresse.<\/p>\n","protected":false},"excerpt":{"rendered":"Der SOT Shop wendet die folgenden Tarife f\u00fcr den Versand an: Paketgr\u00f6\u00dfe\u00d6sterreichDeutschlandAlle anderen L\u00e4nderKlein\u20ac 15\u20ac 25In finalem Angebot enthaltenMittel\u20ac 20\u20ac 35In finalem Angebot enthaltenGro\u00df\u20ac 35\u20ac 50In finalem Angebot enthalten Die Versandkosten werden Ihrer Bestellung vor dem Bezahlen hinzugef\u00fcgt und basieren auf Ihrer Lieferadresse.","protected":false},"author":1,"featured_media":305,"parent":0,"menu_order":0,"comment_status":"closed","ping_status":"closed","template":"","meta":{"_acf_changed":false,"content-type":"","wikipediapreview_detectlinks":true,"footnotes":""},"class_list":["post-5214","page","type-page","status-publish","has-post-thumbnail","hentry"],"acf":[],"yoast_head":"<!-- This site is optimized with the Yoast SEO plugin v27.4 - https:\/\/yoast.com\/product\/yoast-seo-wordpress\/ -->\n<title>Versandkosten - SOT Medical Systems<\/title>\n<meta name=\"robots\" content=\"noindex, nofollow\" \/>\n<meta property=\"og:locale\" content=\"de_DE\" \/>\n<meta property=\"og:type\" content=\"article\" \/>\n<meta property=\"og:title\" content=\"Versandkosten - SOT Medical Systems\" \/>\n<meta property=\"og:description\" content=\"Der SOT Shop wendet die folgenden Tarife f\u00fcr den Versand an: Paketgr\u00f6\u00dfe\u00d6sterreichDeutschlandAlle anderen L\u00e4nderKlein\u20ac 15\u20ac 25In finalem Angebot enthaltenMittel\u20ac 20\u20ac 35In finalem Angebot enthaltenGro\u00df\u20ac 35\u20ac 50In finalem Angebot enthalten Die Versandkosten werden Ihrer Bestellung vor dem Bezahlen hinzugef\u00fcgt und basieren auf Ihrer Lieferadresse.\" \/>\n<meta property=\"og:url\" content=\"https:\/\/www.sot-medical.com\/de\/versandkosten\/\" \/>\n<meta property=\"og:site_name\" content=\"SOT Medical Systems\" \/>\n<meta property=\"article:publisher\" content=\"https:\/\/www.facebook.com\/SOTMedicalSystems\" \/>\n<meta property=\"article:modified_time\" content=\"2024-07-08T21:53:13+00:00\" \/>\n<meta property=\"og:image\" content=\"https:\/\/www.sot-medical.com\/wp-content\/uploads\/sot-placeholder.png\" \/>\n\t<meta property=\"og:image:width\" content=\"1600\" \/>\n\t<meta property=\"og:image:height\" content=\"1200\" \/>\n\t<meta property=\"og:image:type\" content=\"image\/png\" \/>\n<meta name=\"twitter:card\" content=\"summary_large_image\" \/>\n<meta name=\"twitter:label1\" content=\"Gesch\u00e4tzte Lesezeit\" \/>\n\t<meta name=\"twitter:data1\" content=\"1\u00a0Minute\" \/>\n<script type=\"application\/ld+json\" class=\"yoast-schema-graph\">{\"@context\":\"https:\\\/\\\/schema.org\",\"@graph\":[{\"@type\":\"WebPage\",\"@id\":\"https:\\\/\\\/www.sot-medical.com\\\/de\\\/versandkosten\\\/\",\"url\":\"https:\\\/\\\/www.sot-medical.com\\\/de\\\/versandkosten\\\/\",\"name\":\"Versandkosten - SOT Medical Systems\",\"isPartOf\":{\"@id\":\"https:\\\/\\\/www.sot-medical.com\\\/de\\\/#website\"},\"primaryImageOfPage\":{\"@id\":\"https:\\\/\\\/www.sot-medical.com\\\/de\\\/versandkosten\\\/#primaryimage\"},\"image\":{\"@id\":\"https:\\\/\\\/www.sot-medical.com\\\/de\\\/versandkosten\\\/#primaryimage\"},\"thumbnailUrl\":\"https:\\\/\\\/www.sot-medical.com\\\/wp-content\\\/uploads\\\/sot-placeholder.png\",\"datePublished\":\"2024-03-19T14:41:21+00:00\",\"dateModified\":\"2024-07-08T21:53:13+00:00\",\"breadcrumb\":{\"@id\":\"https:\\\/\\\/www.sot-medical.com\\\/de\\\/versandkosten\\\/#breadcrumb\"},\"inLanguage\":\"de\",\"potentialAction\":[{\"@type\":\"ReadAction\",\"target\":[\"https:\\\/\\\/www.sot-medical.com\\\/de\\\/versandkosten\\\/\"]}]},{\"@type\":\"ImageObject\",\"inLanguage\":\"de\",\"@id\":\"https:\\\/\\\/www.sot-medical.com\\\/de\\\/versandkosten\\\/#primaryimage\",\"url\":\"https:\\\/\\\/www.sot-medical.com\\\/wp-content\\\/uploads\\\/sot-placeholder.png\",\"contentUrl\":\"https:\\\/\\\/www.sot-medical.com\\\/wp-content\\\/uploads\\\/sot-placeholder.png\",\"width\":1600,\"height\":1200},{\"@type\":\"BreadcrumbList\",\"@id\":\"https:\\\/\\\/www.sot-medical.com\\\/de\\\/versandkosten\\\/#breadcrumb\",\"itemListElement\":[{\"@type\":\"ListItem\",\"position\":1,\"name\":\"Home\",\"item\":\"https:\\\/\\\/www.sot-medical.com\\\/de\\\/\"},{\"@type\":\"ListItem\",\"position\":2,\"name\":\"Versandkosten\"}]},{\"@type\":\"WebSite\",\"@id\":\"https:\\\/\\\/www.sot-medical.com\\\/de\\\/#website\",\"url\":\"https:\\\/\\\/www.sot-medical.com\\\/de\\\/\",\"name\":\"SOT Medical Systems\",\"description\":\"Advanced Medical Systems\",\"publisher\":{\"@id\":\"https:\\\/\\\/www.sot-medical.com\\\/de\\\/#organization\"},\"potentialAction\":[{\"@type\":\"SearchAction\",\"target\":{\"@type\":\"EntryPoint\",\"urlTemplate\":\"https:\\\/\\\/www.sot-medical.com\\\/de\\\/?s={search_term_string}\"},\"query-input\":{\"@type\":\"PropertyValueSpecification\",\"valueRequired\":true,\"valueName\":\"search_term_string\"}}],\"inLanguage\":\"de\"},{\"@type\":\"Organization\",\"@id\":\"https:\\\/\\\/www.sot-medical.com\\\/de\\\/#organization\",\"name\":\"SOT Medical Systems\",\"url\":\"https:\\\/\\\/www.sot-medical.com\\\/de\\\/\",\"logo\":{\"@type\":\"ImageObject\",\"inLanguage\":\"de\",\"@id\":\"https:\\\/\\\/www.sot-medical.com\\\/de\\\/#\\\/schema\\\/logo\\\/image\\\/\",\"url\":\"https:\\\/\\\/www.sot-medical.com\\\/wp-content\\\/uploads\\\/2017\\\/03\\\/SOT-Negative.png\",\"contentUrl\":\"https:\\\/\\\/www.sot-medical.com\\\/wp-content\\\/uploads\\\/2017\\\/03\\\/SOT-Negative.png\",\"width\":720,\"height\":345,\"caption\":\"SOT Medical Systems\"},\"image\":{\"@id\":\"https:\\\/\\\/www.sot-medical.com\\\/de\\\/#\\\/schema\\\/logo\\\/image\\\/\"},\"sameAs\":[\"https:\\\/\\\/www.facebook.com\\\/SOTMedicalSystems\",\"https:\\\/\\\/www.linkedin.com\\\/company\\\/sonotechnik-austria\",\"https:\\\/\\\/www.youtube.com\\\/user\\\/Sonotechnik\\\/\"]}]}<\/script>\n<!-- \/ Yoast SEO plugin. -->","yoast_head_json":{"title":"Versandkosten - SOT Medical Systems","robots":{"index":"noindex","follow":"nofollow"},"og_locale":"de_DE","og_type":"article","og_title":"Versandkosten - SOT Medical Systems","og_description":"Der SOT Shop wendet die folgenden Tarife f\u00fcr den Versand an: Paketgr\u00f6\u00dfe\u00d6sterreichDeutschlandAlle anderen L\u00e4nderKlein\u20ac 15\u20ac 25In finalem Angebot enthaltenMittel\u20ac 20\u20ac 35In finalem Angebot enthaltenGro\u00df\u20ac 35\u20ac 50In finalem Angebot enthalten Die Versandkosten werden Ihrer Bestellung vor dem Bezahlen hinzugef\u00fcgt und basieren auf Ihrer Lieferadresse.","og_url":"https:\/\/www.sot-medical.com\/de\/versandkosten\/","og_site_name":"SOT Medical Systems","article_publisher":"https:\/\/www.facebook.com\/SOTMedicalSystems","article_modified_time":"2024-07-08T21:53:13+00:00","og_image":[{"width":1600,"height":1200,"url":"https:\/\/www.sot-medical.com\/wp-content\/uploads\/sot-placeholder.png","type":"image\/png"}],"twitter_card":"summary_large_image","twitter_misc":{"Gesch\u00e4tzte Lesezeit":"1\u00a0Minute"},"schema":{"@context":"https:\/\/schema.org","@graph":[{"@type":"WebPage","@id":"https:\/\/www.sot-medical.com\/de\/versandkosten\/","url":"https:\/\/www.sot-medical.com\/de\/versandkosten\/","name":"Versandkosten - SOT Medical Systems","isPartOf":{"@id":"https:\/\/www.sot-medical.com\/de\/#website"},"primaryImageOfPage":{"@id":"https:\/\/www.sot-medical.com\/de\/versandkosten\/#primaryimage"},"image":{"@id":"https:\/\/www.sot-medical.com\/de\/versandkosten\/#primaryimage"},"thumbnailUrl":"https:\/\/www.sot-medical.com\/wp-content\/uploads\/sot-placeholder.png","datePublished":"2024-03-19T14:41:21+00:00","dateModified":"2024-07-08T21:53:13+00:00","breadcrumb":{"@id":"https:\/\/www.sot-medical.com\/de\/versandkosten\/#breadcrumb"},"inLanguage":"de","potentialAction":[{"@type":"ReadAction","target":["https:\/\/www.sot-medical.com\/de\/versandkosten\/"]}]},{"@type":"ImageObject","inLanguage":"de","@id":"https:\/\/www.sot-medical.com\/de\/versandkosten\/#primaryimage","url":"https:\/\/www.sot-medical.com\/wp-content\/uploads\/sot-placeholder.png","contentUrl":"https:\/\/www.sot-medical.com\/wp-content\/uploads\/sot-placeholder.png","width":1600,"height":1200},{"@type":"BreadcrumbList","@id":"https:\/\/www.sot-medical.com\/de\/versandkosten\/#breadcrumb","itemListElement":[{"@type":"ListItem","position":1,"name":"Home","item":"https:\/\/www.sot-medical.com\/de\/"},{"@type":"ListItem","position":2,"name":"Versandkosten"}]},{"@type":"WebSite","@id":"https:\/\/www.sot-medical.com\/de\/#website","url":"https:\/\/www.sot-medical.com\/de\/","name":"SOT Medical Systems","description":"Advanced Medical Systems","publisher":{"@id":"https:\/\/www.sot-medical.com\/de\/#organization"},"potentialAction":[{"@type":"SearchAction","target":{"@type":"EntryPoint","urlTemplate":"https:\/\/www.sot-medical.com\/de\/?s={search_term_string}"},"query-input":{"@type":"PropertyValueSpecification","valueRequired":true,"valueName":"search_term_string"}}],"inLanguage":"de"},{"@type":"Organization","@id":"https:\/\/www.sot-medical.com\/de\/#organization","name":"SOT Medical Systems","url":"https:\/\/www.sot-medical.com\/de\/","logo":{"@type":"ImageObject","inLanguage":"de","@id":"https:\/\/www.sot-medical.com\/de\/#\/schema\/logo\/image\/","url":"https:\/\/www.sot-medical.com\/wp-content\/uploads\/2017\/03\/SOT-Negative.png","contentUrl":"https:\/\/www.sot-medical.com\/wp-content\/uploads\/2017\/03\/SOT-Negative.png","width":720,"height":345,"caption":"SOT Medical Systems"},"image":{"@id":"https:\/\/www.sot-medical.com\/de\/#\/schema\/logo\/image\/"},"sameAs":["https:\/\/www.facebook.com\/SOTMedicalSystems","https:\/\/www.linkedin.com\/company\/sonotechnik-austria","https:\/\/www.youtube.com\/user\/Sonotechnik\/"]}]}},"_links":{"self":[{"href":"https:\/\/www.sot-medical.com\/de\/wp-json\/wp\/v2\/pages\/5214","targetHints":{"allow":["GET"]}}],"collection":[{"href":"https:\/\/www.sot-medical.com\/de\/wp-json\/wp\/v2\/pages"}],"about":[{"href":"https:\/\/www.sot-medical.com\/de\/wp-json\/wp\/v2\/types\/page"}],"author":[{"embeddable":true,"href":"https:\/\/www.sot-medical.com\/de\/wp-json\/wp\/v2\/users\/1"}],"replies":[{"embeddable":true,"href":"https:\/\/www.sot-medical.com\/de\/wp-json\/wp\/v2\/comments?post=5214"}],"version-history":[{"count":4,"href":"https:\/\/www.sot-medical.com\/de\/wp-json\/wp\/v2\/pages\/5214\/revisions"}],"predecessor-version":[{"id":5769,"href":"https:\/\/www.sot-medical.com\/de\/wp-json\/wp\/v2\/pages\/5214\/revisions\/5769"}],"wp:featuredmedia":[{"embeddable":true,"href":"https:\/\/www.sot-medical.com\/de\/wp-json\/wp\/v2\/media\/305"}],"wp:attachment":[{"href":"https:\/\/www.sot-medical.com\/de\/wp-json\/wp\/v2\/media?parent=5214"}],"curies":[{"name":"wp","href":"https:\/\/api.w.org\/{rel}","templated":true}]}}