{"id":570,"date":"2017-09-26T09:12:34","date_gmt":"2017-09-26T08:12:34","guid":{"rendered":"https:\/\/www.sot-medical.com\/?page_id=570"},"modified":"2018-05-02T14:30:51","modified_gmt":"2018-05-02T13:30:51","slug":"datenschutz","status":"publish","type":"page","link":"https:\/\/www.sot-medical.com\/de\/datenschutz\/","title":{"rendered":"Datenschutz"},"content":{"rendered":"<div class=\"row p-0\"><div class=\"col-md-9 m-0\">\r\n\r\n<h2>Der Schutz Ihrer pers\u00f6nlichen Daten ist uns ein besonderes Anliegen. <a href=\"\/de\/kontakt\/\">Kontaktieren Sie uns<\/a> wenn Sie Fragen haben.<\/h2>\r\n\r\n<p>Wir verarbeiten Ihre Daten ausschlie\u00dflich auf Grundlage der gesetzlichen Bestimmungen (DSGVO, TKG 2003). In dieser Datenschutzerkl\u00e4rung informieren wir Sie \u00fcber die wichtigsten Aspekte der Datenverarbeitung im Rahmen unserer Website.<\/p>\r\n\r\n<h3 class=\"mt-3\">Erhebung und Verwendung pers\u00f6nlicher Daten<\/h3>\r\n\r\n<h5 class=\"mt-3\">Kontaktformulare<\/h5>\r\n<p>Sofern innerhalb des Internetangebotes die M\u00f6glichkeit zur Eingabe pers\u00f6nlicher oder gesch\u00e4ftlicher Daten besteht, so erfolgt die Preisgabe dieser Daten seitens des Nutzers auf ausdr\u00fccklich freiwilliger Basis. Wenn Sie per Formular auf der Website oder per E-Mail Kontakt mit uns aufnehmen, werden Ihre angegebenen Daten zur Bearbeitung der Anfrage und f\u00fcr den Fall von Anschlussfragen bei uns gespeichert. Diese Daten geben wir nicht ohne Ihre Einwilligung an Dritte weiter.<\/p>\r\n\r\n<h5 class=\"mt-3\">Cookies<\/h5>\r\n<p>Unsere Website verwendet so genannte Cookies. Dabei handelt es sich um kleine Textdateien, die mit Hilfe des Browsers auf Ihrem Endger\u00e4t abgelegt werden.<br>\r\nWir nutzen Cookies dazu, unser Angebot nutzerfreundlich zu gestalten. Einige Cookies bleiben auf Ihrem Endger\u00e4t gespeichert, bis Sie diese l\u00f6schen. Sie erm\u00f6glichen es uns, Ihren Browser beim n\u00e4chsten Besuch wiederzuerkennen.<br>\r\nWenn Sie dies nicht w\u00fcnschen, k\u00f6nnen Sie Ihren Browser so einrichten, dass er Sie \u00fcber das Setzen von Cookies informiert und Sie dies nur im Einzelfall erlauben.\r\nBei der Deaktivierung von Cookies kann die Funktionalit\u00e4t unserer Website eingeschr\u00e4nkt sein.<\/p>\r\n\r\n<h5 class=\"mt-3\">Web-Analyse (Google Analytics)<\/h5>\r\n<p>Diese Website benutzt Google Analytics, einen Webanalysedienst der Google Inc. (\u201eGoogle\u201c). Google Analytics verwendet sog. \u201eCookies\u201c, Textdateien, die auf Ihrem Computer gespeichert werden und die eine Analyse der Benutzung der Website durch Sie erm\u00f6glicht. Die durch den Cookie erzeugten Informationen \u00fcber Ihre Benutzung dieser Website (einschlie\u00dflich Ihrer IP-Adresse) wird an einen Server von Google in den USA \u00fcbertragen und dort gespeichert. Google wird diese Informationen benutzen, um Ihre Nutzung der Website auszuwerten, um Berichte \u00fcber die Websiteaktivit\u00e4ten f\u00fcr die Websitebetreiber zusammenzustellen und um weitere mit der Websitenutzung und der Internetnutzung verbundene Dienstleistungen zu erbringen. Auch wird Google diese Informationen gegebenenfalls an Dritte \u00fcbertragen, sofern dies gesetzlich vorgeschrieben oder soweit Dritte diese Daten im Auftrag von Google verarbeiten. Google wird in keinem Fall Ihre IP-Adresse mit anderen Daten der Google Inc. in Verbindung bringen. Sie k\u00f6nnen die Installation der Cookies durch eine entsprechende Einstellung Ihrer Browser Software verhindern; wir weisen Sie jedoch darauf hin, dass Sie in diesem Fall gegebenenfalls nicht s\u00e4mtliche Funktionen dieser Website vollumf\u00e4nglich nutzen k\u00f6nnen. Durch die Nutzung dieser Website erkl\u00e4ren Sie sich mit der Bearbeitung der \u00fcber Sie erhobenen Daten durch Google in der zuvor beschriebenen Art und Weise und zu dem zuvor benannten Zweck einverstanden.<\/p>\r\n\r\n<h5 class=\"mt-3\">Newsletter<\/h5>\r\n<p>Sie haben die M\u00f6glichkeit, \u00fcber unsere Website unseren Newsletter zu abonnieren. Hierf\u00fcr ben\u00f6tigen wir Ihre E-Mail-Adresse und ihre Erkl\u00e4rung, dass Sie mit dem Bezug des Newsletters einverstanden sind.<br>\r\nSobald Sie sich f\u00fcr den Newsletter angemeldet haben, senden wir Ihnen ein Best\u00e4tigungs-E-Mail mit einem Link zur Best\u00e4tigung der Anmeldung.<br>\r\nDas Abo des Newsletters k\u00f6nnen Sie jederzeit, durch \u00d6ffnen des Abmelde-Links in der Fu\u00dfzeile jeder Email, stornieren.<\/p>\r\n\r\n<h3 class=\"mt-3\">So k\u00f6nnen Sie uns kontaktieren<\/h3>\r\n<p>Sie haben Fragen zur Verarbeitung Ihrer Daten auf unserer Website? Sie erreichen uns unter folgenden Kontaktdaten:<\/p>\r\n<p><a href=\"&#109;a&#x69;l&#x74;&#111;&#x3a;&#111;&#x66;&#102;i&#x63;e&#x40;&#115;&#x6f;&#116;&#x2d;&#109;&#x65;&#100;i&#x63;a&#x6c;&#46;&#x63;&#111;&#x6d;\" alt=\"Email senden\">&#x6f;&#x66;&#x66;&#x69;&#x63;&#x65;&#x40;&#115;&#111;&#116;&#45;&#109;edic&#x61;&#x6c;&#x2e;&#x63;&#x6f;&#x6d;<\/a><br>Tel.: +43 4227 84 991<\/p>\r\n\r\n<p class=\"mt-4\">&copy; Sonotechnik Austria Angio Experience GmbH, Alte Hollenburger Str. 4, 9161 Maria Rain, Austria<\/p>\r\n\r\n<\/div><\/div>","protected":false},"excerpt":{"rendered":"Der Schutz Ihrer pers\u00f6nlichen Daten ist uns ein besonderes Anliegen. Kontaktieren Sie uns wenn Sie Fragen haben. Wir verarbeiten Ihre Daten ausschlie\u00dflich auf Grundlage der gesetzlichen Bestimmungen (DSGVO, TKG 2003). In dieser Datenschutzerkl\u00e4rung informieren wir Sie \u00fcber die wichtigsten Aspekte der Datenverarbeitung im Rahmen unserer Website. Erhebung und Verwendung pers\u00f6nlicher Daten Kontaktformulare Sofern innerhalb des [&hellip;]","protected":false},"author":1,"featured_media":305,"parent":0,"menu_order":0,"comment_status":"closed","ping_status":"closed","template":"","meta":{"_acf_changed":false,"content-type":"","wikipediapreview_detectlinks":true,"footnotes":""},"class_list":["post-570","page","type-page","status-publish","has-post-thumbnail","hentry"],"acf":[],"yoast_head":"<!-- This site is optimized with the Yoast SEO plugin v27.3 - https:\/\/yoast.com\/product\/yoast-seo-wordpress\/ -->\n<title>Datenschutz - SOT Medical Systems<\/title>\n<meta name=\"robots\" content=\"noindex, nofollow\" \/>\n<meta property=\"og:locale\" content=\"de_DE\" \/>\n<meta property=\"og:type\" content=\"article\" \/>\n<meta property=\"og:title\" content=\"Datenschutz - SOT Medical Systems\" \/>\n<meta property=\"og:description\" content=\"Der Schutz Ihrer pers\u00f6nlichen Daten ist uns ein besonderes Anliegen. Kontaktieren Sie uns wenn Sie Fragen haben. Wir verarbeiten Ihre Daten ausschlie\u00dflich auf Grundlage der gesetzlichen Bestimmungen (DSGVO, TKG 2003). In dieser Datenschutzerkl\u00e4rung informieren wir Sie \u00fcber die wichtigsten Aspekte der Datenverarbeitung im Rahmen unserer Website. Erhebung und Verwendung pers\u00f6nlicher Daten Kontaktformulare Sofern innerhalb des [&hellip;]\" \/>\n<meta property=\"og:url\" content=\"https:\/\/www.sot-medical.com\/de\/datenschutz\/\" \/>\n<meta property=\"og:site_name\" content=\"SOT Medical Systems\" \/>\n<meta property=\"article:publisher\" content=\"https:\/\/www.facebook.com\/SOTMedicalSystems\" \/>\n<meta property=\"article:modified_time\" content=\"2018-05-02T13:30:51+00:00\" \/>\n<meta property=\"og:image\" content=\"https:\/\/www.sot-medical.com\/wp-content\/uploads\/sot-placeholder.png\" \/>\n\t<meta property=\"og:image:width\" content=\"1600\" \/>\n\t<meta property=\"og:image:height\" content=\"1200\" \/>\n\t<meta property=\"og:image:type\" content=\"image\/png\" \/>\n<meta name=\"twitter:card\" content=\"summary_large_image\" \/>\n<meta name=\"twitter:label1\" content=\"Gesch\u00e4tzte Lesezeit\" \/>\n\t<meta name=\"twitter:data1\" content=\"3\u00a0Minuten\" \/>\n<script type=\"application\/ld+json\" class=\"yoast-schema-graph\">{\"@context\":\"https:\\\/\\\/schema.org\",\"@graph\":[{\"@type\":\"WebPage\",\"@id\":\"https:\\\/\\\/www.sot-medical.com\\\/de\\\/datenschutz\\\/\",\"url\":\"https:\\\/\\\/www.sot-medical.com\\\/de\\\/datenschutz\\\/\",\"name\":\"Datenschutz - SOT Medical Systems\",\"isPartOf\":{\"@id\":\"https:\\\/\\\/www.sot-medical.com\\\/de\\\/#website\"},\"primaryImageOfPage\":{\"@id\":\"https:\\\/\\\/www.sot-medical.com\\\/de\\\/datenschutz\\\/#primaryimage\"},\"image\":{\"@id\":\"https:\\\/\\\/www.sot-medical.com\\\/de\\\/datenschutz\\\/#primaryimage\"},\"thumbnailUrl\":\"https:\\\/\\\/www.sot-medical.com\\\/wp-content\\\/uploads\\\/sot-placeholder.png\",\"datePublished\":\"2017-09-26T08:12:34+00:00\",\"dateModified\":\"2018-05-02T13:30:51+00:00\",\"breadcrumb\":{\"@id\":\"https:\\\/\\\/www.sot-medical.com\\\/de\\\/datenschutz\\\/#breadcrumb\"},\"inLanguage\":\"de\",\"potentialAction\":[{\"@type\":\"ReadAction\",\"target\":[\"https:\\\/\\\/www.sot-medical.com\\\/de\\\/datenschutz\\\/\"]}]},{\"@type\":\"ImageObject\",\"inLanguage\":\"de\",\"@id\":\"https:\\\/\\\/www.sot-medical.com\\\/de\\\/datenschutz\\\/#primaryimage\",\"url\":\"https:\\\/\\\/www.sot-medical.com\\\/wp-content\\\/uploads\\\/sot-placeholder.png\",\"contentUrl\":\"https:\\\/\\\/www.sot-medical.com\\\/wp-content\\\/uploads\\\/sot-placeholder.png\",\"width\":1600,\"height\":1200},{\"@type\":\"BreadcrumbList\",\"@id\":\"https:\\\/\\\/www.sot-medical.com\\\/de\\\/datenschutz\\\/#breadcrumb\",\"itemListElement\":[{\"@type\":\"ListItem\",\"position\":1,\"name\":\"Home\",\"item\":\"https:\\\/\\\/www.sot-medical.com\\\/de\\\/\"},{\"@type\":\"ListItem\",\"position\":2,\"name\":\"Datenschutz\"}]},{\"@type\":\"WebSite\",\"@id\":\"https:\\\/\\\/www.sot-medical.com\\\/de\\\/#website\",\"url\":\"https:\\\/\\\/www.sot-medical.com\\\/de\\\/\",\"name\":\"SOT Medical Systems\",\"description\":\"Advanced Medical Systems\",\"publisher\":{\"@id\":\"https:\\\/\\\/www.sot-medical.com\\\/de\\\/#organization\"},\"potentialAction\":[{\"@type\":\"SearchAction\",\"target\":{\"@type\":\"EntryPoint\",\"urlTemplate\":\"https:\\\/\\\/www.sot-medical.com\\\/de\\\/?s={search_term_string}\"},\"query-input\":{\"@type\":\"PropertyValueSpecification\",\"valueRequired\":true,\"valueName\":\"search_term_string\"}}],\"inLanguage\":\"de\"},{\"@type\":\"Organization\",\"@id\":\"https:\\\/\\\/www.sot-medical.com\\\/de\\\/#organization\",\"name\":\"SOT Medical Systems\",\"url\":\"https:\\\/\\\/www.sot-medical.com\\\/de\\\/\",\"logo\":{\"@type\":\"ImageObject\",\"inLanguage\":\"de\",\"@id\":\"https:\\\/\\\/www.sot-medical.com\\\/de\\\/#\\\/schema\\\/logo\\\/image\\\/\",\"url\":\"https:\\\/\\\/www.sot-medical.com\\\/wp-content\\\/uploads\\\/2017\\\/03\\\/SOT-Negative.png\",\"contentUrl\":\"https:\\\/\\\/www.sot-medical.com\\\/wp-content\\\/uploads\\\/2017\\\/03\\\/SOT-Negative.png\",\"width\":720,\"height\":345,\"caption\":\"SOT Medical Systems\"},\"image\":{\"@id\":\"https:\\\/\\\/www.sot-medical.com\\\/de\\\/#\\\/schema\\\/logo\\\/image\\\/\"},\"sameAs\":[\"https:\\\/\\\/www.facebook.com\\\/SOTMedicalSystems\",\"https:\\\/\\\/www.linkedin.com\\\/company\\\/sonotechnik-austria\",\"https:\\\/\\\/www.youtube.com\\\/user\\\/Sonotechnik\\\/\"]}]}<\/script>\n<!-- \/ Yoast SEO plugin. -->","yoast_head_json":{"title":"Datenschutz - SOT Medical Systems","robots":{"index":"noindex","follow":"nofollow"},"og_locale":"de_DE","og_type":"article","og_title":"Datenschutz - SOT Medical Systems","og_description":"Der Schutz Ihrer pers\u00f6nlichen Daten ist uns ein besonderes Anliegen. Kontaktieren Sie uns wenn Sie Fragen haben. Wir verarbeiten Ihre Daten ausschlie\u00dflich auf Grundlage der gesetzlichen Bestimmungen (DSGVO, TKG 2003). In dieser Datenschutzerkl\u00e4rung informieren wir Sie \u00fcber die wichtigsten Aspekte der Datenverarbeitung im Rahmen unserer Website. Erhebung und Verwendung pers\u00f6nlicher Daten Kontaktformulare Sofern innerhalb des [&hellip;]","og_url":"https:\/\/www.sot-medical.com\/de\/datenschutz\/","og_site_name":"SOT Medical Systems","article_publisher":"https:\/\/www.facebook.com\/SOTMedicalSystems","article_modified_time":"2018-05-02T13:30:51+00:00","og_image":[{"width":1600,"height":1200,"url":"https:\/\/www.sot-medical.com\/wp-content\/uploads\/sot-placeholder.png","type":"image\/png"}],"twitter_card":"summary_large_image","twitter_misc":{"Gesch\u00e4tzte Lesezeit":"3\u00a0Minuten"},"schema":{"@context":"https:\/\/schema.org","@graph":[{"@type":"WebPage","@id":"https:\/\/www.sot-medical.com\/de\/datenschutz\/","url":"https:\/\/www.sot-medical.com\/de\/datenschutz\/","name":"Datenschutz - SOT Medical Systems","isPartOf":{"@id":"https:\/\/www.sot-medical.com\/de\/#website"},"primaryImageOfPage":{"@id":"https:\/\/www.sot-medical.com\/de\/datenschutz\/#primaryimage"},"image":{"@id":"https:\/\/www.sot-medical.com\/de\/datenschutz\/#primaryimage"},"thumbnailUrl":"https:\/\/www.sot-medical.com\/wp-content\/uploads\/sot-placeholder.png","datePublished":"2017-09-26T08:12:34+00:00","dateModified":"2018-05-02T13:30:51+00:00","breadcrumb":{"@id":"https:\/\/www.sot-medical.com\/de\/datenschutz\/#breadcrumb"},"inLanguage":"de","potentialAction":[{"@type":"ReadAction","target":["https:\/\/www.sot-medical.com\/de\/datenschutz\/"]}]},{"@type":"ImageObject","inLanguage":"de","@id":"https:\/\/www.sot-medical.com\/de\/datenschutz\/#primaryimage","url":"https:\/\/www.sot-medical.com\/wp-content\/uploads\/sot-placeholder.png","contentUrl":"https:\/\/www.sot-medical.com\/wp-content\/uploads\/sot-placeholder.png","width":1600,"height":1200},{"@type":"BreadcrumbList","@id":"https:\/\/www.sot-medical.com\/de\/datenschutz\/#breadcrumb","itemListElement":[{"@type":"ListItem","position":1,"name":"Home","item":"https:\/\/www.sot-medical.com\/de\/"},{"@type":"ListItem","position":2,"name":"Datenschutz"}]},{"@type":"WebSite","@id":"https:\/\/www.sot-medical.com\/de\/#website","url":"https:\/\/www.sot-medical.com\/de\/","name":"SOT Medical Systems","description":"Advanced Medical Systems","publisher":{"@id":"https:\/\/www.sot-medical.com\/de\/#organization"},"potentialAction":[{"@type":"SearchAction","target":{"@type":"EntryPoint","urlTemplate":"https:\/\/www.sot-medical.com\/de\/?s={search_term_string}"},"query-input":{"@type":"PropertyValueSpecification","valueRequired":true,"valueName":"search_term_string"}}],"inLanguage":"de"},{"@type":"Organization","@id":"https:\/\/www.sot-medical.com\/de\/#organization","name":"SOT Medical Systems","url":"https:\/\/www.sot-medical.com\/de\/","logo":{"@type":"ImageObject","inLanguage":"de","@id":"https:\/\/www.sot-medical.com\/de\/#\/schema\/logo\/image\/","url":"https:\/\/www.sot-medical.com\/wp-content\/uploads\/2017\/03\/SOT-Negative.png","contentUrl":"https:\/\/www.sot-medical.com\/wp-content\/uploads\/2017\/03\/SOT-Negative.png","width":720,"height":345,"caption":"SOT Medical Systems"},"image":{"@id":"https:\/\/www.sot-medical.com\/de\/#\/schema\/logo\/image\/"},"sameAs":["https:\/\/www.facebook.com\/SOTMedicalSystems","https:\/\/www.linkedin.com\/company\/sonotechnik-austria","https:\/\/www.youtube.com\/user\/Sonotechnik\/"]}]}},"_links":{"self":[{"href":"https:\/\/www.sot-medical.com\/de\/wp-json\/wp\/v2\/pages\/570","targetHints":{"allow":["GET"]}}],"collection":[{"href":"https:\/\/www.sot-medical.com\/de\/wp-json\/wp\/v2\/pages"}],"about":[{"href":"https:\/\/www.sot-medical.com\/de\/wp-json\/wp\/v2\/types\/page"}],"author":[{"embeddable":true,"href":"https:\/\/www.sot-medical.com\/de\/wp-json\/wp\/v2\/users\/1"}],"replies":[{"embeddable":true,"href":"https:\/\/www.sot-medical.com\/de\/wp-json\/wp\/v2\/comments?post=570"}],"version-history":[{"count":22,"href":"https:\/\/www.sot-medical.com\/de\/wp-json\/wp\/v2\/pages\/570\/revisions"}],"predecessor-version":[{"id":1440,"href":"https:\/\/www.sot-medical.com\/de\/wp-json\/wp\/v2\/pages\/570\/revisions\/1440"}],"wp:featuredmedia":[{"embeddable":true,"href":"https:\/\/www.sot-medical.com\/de\/wp-json\/wp\/v2\/media\/305"}],"wp:attachment":[{"href":"https:\/\/www.sot-medical.com\/de\/wp-json\/wp\/v2\/media?parent=570"}],"curies":[{"name":"wp","href":"https:\/\/api.w.org\/{rel}","templated":true}]}}