{"id":581,"date":"2017-09-29T12:14:03","date_gmt":"2017-09-29T10:14:03","guid":{"rendered":"https:\/\/www.sot-medical.com\/?page_id=581"},"modified":"2025-06-30T23:59:15","modified_gmt":"2025-06-30T21:59:15","slug":"impressum","status":"publish","type":"page","link":"https:\/\/www.sot-medical.com\/de\/impressum\/","title":{"rendered":"Impressum"},"content":{"rendered":"<address>\r\n    <p class=\"lead\">Sonotechnik Austria Angio Experience GmbH<\/p>\r\n    Alte Hollenburger Strasse 4<br>\r\n    9161 Maria Rain<br>\r\n    \u00d6sterreich<br>\r\n  <\/address>\r\n\r\n<!--<p class=\"lead\">Karl Glantschnig<br>\r\n<span class=\"text-muted small\">Gesch\u00e4ftsf\u00fchrer<\/span><\/p>-->\r\n\r\n<p>B\u00fcrozeiten:<br>\r\nMontag bis Donnerstag: 8:00 bis 16:00 Uhr<br>\r\nFreitag: 8:00 bis 12:00 Uhr<\/p>\r\n\r\n<p class=\"m-0\">UID Nr.:<\/p>\r\n<p class=\"lead\">ATU68974309<\/p>\r\n<p class=\"m-0\">Firmenbuchnummer:<\/p>\r\n<p class=\"lead\">FN422089w<\/p>\r\n\r\n<p>Telefon: +43 (0) 4227 \/ 84 991<br>\r\nFax: +43 (0) 4227 \/ 84 992<br><br>\r\n<a href=\"m&#97;&#x69;&#x6c;t&#111;&#x3a;&#x6f;f&#102;&#105;&#x63;&#x65;&#64;&#115;&#x6f;&#x74;-&#109;&#x65;&#x64;i&#99;&#97;&#x6c;&#x2e;c&#111;&#x6d;\">&#111;&#x66;f&#x69;c&#101;&#x40;&#115;&#x6f;t&#45;&#x6d;&#101;&#x64;i&#x63;&#x61;&#108;&#x2e;c&#x6f;m<\/a><\/p>\r\n\r\n<br\/>\r\n<a class=\"btn-link filetype-icon filetype-pdf\" title=\"\" href=\"https:\/\/www.sot-medical.com\/de\/download\/allgemeine-geschaeftsbedingungen\/?tmstv=1776579199\" rel=\"nofollow\" onclick=\"gtag('event', 'download', {'event_category': 'files', 'event_action': 'download', 'event_label': ''});\">\n\tAllgemeine Gesch\u00e4ftsbedingungen &ndash; 107,87 KB<\/a>\r\n\r\n<div class=\"col-lg-7 p-0\" style=\"text-align:justify\">\r\n<hr class=\"mt-md-4\">\r\n<h6>Haftungsausschluss<\/h6>\r\n<p class=\"small\"><strong>Inhalt des Onlineangebots<\/strong><br>\r\nSonotechnik Austria Angio Experience GmbH (&#8216;Sonotechnik Austria&#8217;) \u00fcbernimmt keinerlei Gew\u00e4hr f\u00fcr die Aktualit\u00e4t, Korrektheit, Vollst\u00e4ndigkeit oder Qualit\u00e4t der bereitgestellten Informationen. Haftungsanspr\u00fcche gegen Sonotechnik Austria, welche sich auf Sch\u00e4den materieller oder ideeller Art beziehen, die durch die Nutzung oder Nichtnutzung der dargebotenen Informationen bzw. durch die Nutzung fehlerhafter und unvollst\u00e4ndiger Informationen verursacht wurden, sind grunds\u00e4tzlich ausgeschlossen, sofern seitens Sonotechnik Austria kein nachweislich vors\u00e4tzliches oder grob fahrl\u00e4ssiges Verschulden vorliegt. Alle Angebote sind freibleibend und unverbindlich. Sonotechnik Austria beh\u00e4lt es sich ausdr\u00fccklich vor, Teile der Seiten oder das gesamte Angebot ohne gesonderte Ank\u00fcndigung zu ver\u00e4ndern, zu erg\u00e4nzen, zu l\u00f6schen oder die Ver\u00f6ffentlichung zeitweise oder endg\u00fcltig einzustellen.<\/p>\r\n\r\n<p class=\"small\"><strong>Verweise und Links<\/strong><br>\r\nSonotechnik Austria distanziert sich von den Inhalten externer Webseiten (Links), und \u00fcbernimmt f\u00fcr diese keinerlei Haftung. Sonotechnik Austria erkl\u00e4rt hiermit ausdr\u00fccklich, dass zum Zeitpunkt der Linksetzung keine illegalen Inhalte auf den zu verlinkenden Seiten erkennbar waren. Auf die aktuelle und zuk\u00fcnftige Gestaltung, die Inhalte oder die Urheberschaft der gelinkten\/verkn\u00fcpften Seiten hat Sonotechnik Austria keinerlei Einfluss. Deshalb distanziert sich Sonotechnik Austria hiermit ausdr\u00fccklich von allen Inhalten aller gelinkten \/verkn\u00fcpften Seiten, die nach der Linksetzung ver\u00e4ndert wurden. Diese Feststellung gilt f\u00fcr alle innerhalb des eigenen Internetangebotes gesetzten Links und Verweise sowie f\u00fcr Fremdeintr\u00e4ge in von Sonotechnik Austria eingerichteten G\u00e4steb\u00fcchern, Diskussionsforen und Mailinglisten. F\u00fcr illegale, fehlerhafte oder unvollst\u00e4ndige Inhalte und insbesondere f\u00fcr Sch\u00e4den, die aus der Nutzung oder Nichtnutzung solcherart dargebotener Informationen entstehen, haftet allein der Anbieter der Seite, auf welche verwiesen wurde, nicht derjenige, der \u00fcber Links auf die jeweilige Ver\u00f6ffentlichung lediglich verweist.<\/p>\r\n\r\n<p class=\"small\"><strong>Urheber- und Kennzeichenrecht<\/strong><br>\r\nAlle innerhalb des Internetangebotes genannten und ggf. durch Dritte gesch\u00fctzten Marken- und Warenzeichen unterliegen uneingeschr\u00e4nkt den Bestimmungen des jeweils g\u00fcltigen Kennzeichenrechts und den Besitzrechten der jeweiligen eingetragenen Eigent\u00fcmer. Das Copyright f\u00fcr ver\u00f6ffentlichte, von Sonotechnik Austria selbst erstellte Objekte bleibt allein beim Autor der Seiten. Eine Vervielf\u00e4ltigung oder Verwendung solcher Grafiken, Tondokumente, Videosequenzen und Texte in anderen elektronischen oder gedruckten Publikationen ist ohne ausdr\u00fcckliche Zustimmung von Sonotechnik Austria nicht gestattet.<\/p>\r\n<\/div>","protected":false},"excerpt":{"rendered":"Sonotechnik Austria Angio Experience GmbH Alte Hollenburger Strasse 4 9161 Maria Rain \u00d6sterreich B\u00fcrozeiten: Montag bis Donnerstag: 8:00 bis 16:00 Uhr Freitag: 8:00 bis 12:00 Uhr UID Nr.: ATU68974309 Firmenbuchnummer: FN422089w Telefon: +43 (0) 4227 \/ 84 991 Fax: +43 (0) 4227 \/ 84 992 &#x6f;&#102;&#102;i&#x63;&#x65;&#64;s&#x6f;&#x74;&#45;me&#x64;&#105;&#99;a&#x6c;&#x2e;&#99;o&#x6d; Haftungsausschluss Inhalt des Onlineangebots Sonotechnik Austria Angio Experience GmbH [&hellip;]","protected":false},"author":1,"featured_media":305,"parent":0,"menu_order":0,"comment_status":"closed","ping_status":"closed","template":"","meta":{"_acf_changed":false,"content-type":"","wikipediapreview_detectlinks":true,"footnotes":""},"class_list":["post-581","page","type-page","status-publish","has-post-thumbnail","hentry"],"acf":[],"yoast_head":"<!-- This site is optimized with the Yoast SEO plugin v27.4 - https:\/\/yoast.com\/product\/yoast-seo-wordpress\/ -->\n<title>Impressum - SOT Medical Systems<\/title>\n<meta name=\"robots\" content=\"noindex, nofollow\" \/>\n<meta property=\"og:locale\" content=\"de_DE\" \/>\n<meta property=\"og:type\" content=\"article\" \/>\n<meta property=\"og:title\" content=\"Impressum - SOT Medical Systems\" \/>\n<meta property=\"og:description\" content=\"Sonotechnik Austria Angio Experience GmbH Alte Hollenburger Strasse 4 9161 Maria Rain \u00d6sterreich B\u00fcrozeiten: Montag bis Donnerstag: 8:00 bis 16:00 Uhr Freitag: 8:00 bis 12:00 Uhr UID Nr.: ATU68974309 Firmenbuchnummer: FN422089w Telefon: +43 (0) 4227 \/ 84 991 Fax: +43 (0) 4227 \/ 84 992 &#x6f;&#x66;&#x66;&#x69;&#099;&#101;&#064;&#115;ot-&#x6d;&#x65;&#x64;&#x69;&#x63;&#097;&#108;&#046;com Haftungsausschluss Inhalt des Onlineangebots Sonotechnik Austria Angio Experience GmbH [&hellip;]\" \/>\n<meta property=\"og:url\" content=\"https:\/\/www.sot-medical.com\/de\/impressum\/\" \/>\n<meta property=\"og:site_name\" content=\"SOT Medical Systems\" \/>\n<meta property=\"article:publisher\" content=\"https:\/\/www.facebook.com\/SOTMedicalSystems\" \/>\n<meta property=\"article:modified_time\" content=\"2025-06-30T21:59:15+00:00\" \/>\n<meta property=\"og:image\" content=\"https:\/\/www.sot-medical.com\/wp-content\/uploads\/2017\/03\/SOT-Negative-ICON.png\" \/>\n\t<meta property=\"og:image:width\" content=\"600\" \/>\n\t<meta property=\"og:image:height\" content=\"600\" \/>\n\t<meta property=\"og:image:type\" content=\"image\/png\" \/>\n<meta name=\"twitter:card\" content=\"summary_large_image\" \/>\n<meta name=\"twitter:label1\" content=\"Gesch\u00e4tzte Lesezeit\" \/>\n\t<meta name=\"twitter:data1\" content=\"2\u00a0Minuten\" \/>\n<script type=\"application\/ld+json\" class=\"yoast-schema-graph\">{\"@context\":\"https:\\\/\\\/schema.org\",\"@graph\":[{\"@type\":\"WebPage\",\"@id\":\"https:\\\/\\\/www.sot-medical.com\\\/de\\\/impressum\\\/\",\"url\":\"https:\\\/\\\/www.sot-medical.com\\\/de\\\/impressum\\\/\",\"name\":\"Impressum - SOT Medical Systems\",\"isPartOf\":{\"@id\":\"https:\\\/\\\/www.sot-medical.com\\\/de\\\/#website\"},\"primaryImageOfPage\":{\"@id\":\"https:\\\/\\\/www.sot-medical.com\\\/de\\\/impressum\\\/#primaryimage\"},\"image\":{\"@id\":\"https:\\\/\\\/www.sot-medical.com\\\/de\\\/impressum\\\/#primaryimage\"},\"thumbnailUrl\":\"https:\\\/\\\/www.sot-medical.com\\\/wp-content\\\/uploads\\\/sot-placeholder.png\",\"datePublished\":\"2017-09-29T10:14:03+00:00\",\"dateModified\":\"2025-06-30T21:59:15+00:00\",\"breadcrumb\":{\"@id\":\"https:\\\/\\\/www.sot-medical.com\\\/de\\\/impressum\\\/#breadcrumb\"},\"inLanguage\":\"de\",\"potentialAction\":[{\"@type\":\"ReadAction\",\"target\":[\"https:\\\/\\\/www.sot-medical.com\\\/de\\\/impressum\\\/\"]}]},{\"@type\":\"ImageObject\",\"inLanguage\":\"de\",\"@id\":\"https:\\\/\\\/www.sot-medical.com\\\/de\\\/impressum\\\/#primaryimage\",\"url\":\"https:\\\/\\\/www.sot-medical.com\\\/wp-content\\\/uploads\\\/sot-placeholder.png\",\"contentUrl\":\"https:\\\/\\\/www.sot-medical.com\\\/wp-content\\\/uploads\\\/sot-placeholder.png\",\"width\":1600,\"height\":1200},{\"@type\":\"BreadcrumbList\",\"@id\":\"https:\\\/\\\/www.sot-medical.com\\\/de\\\/impressum\\\/#breadcrumb\",\"itemListElement\":[{\"@type\":\"ListItem\",\"position\":1,\"name\":\"Home\",\"item\":\"https:\\\/\\\/www.sot-medical.com\\\/de\\\/\"},{\"@type\":\"ListItem\",\"position\":2,\"name\":\"Impressum\"}]},{\"@type\":\"WebSite\",\"@id\":\"https:\\\/\\\/www.sot-medical.com\\\/de\\\/#website\",\"url\":\"https:\\\/\\\/www.sot-medical.com\\\/de\\\/\",\"name\":\"SOT Medical Systems\",\"description\":\"Advanced Medical Systems\",\"publisher\":{\"@id\":\"https:\\\/\\\/www.sot-medical.com\\\/de\\\/#organization\"},\"potentialAction\":[{\"@type\":\"SearchAction\",\"target\":{\"@type\":\"EntryPoint\",\"urlTemplate\":\"https:\\\/\\\/www.sot-medical.com\\\/de\\\/?s={search_term_string}\"},\"query-input\":{\"@type\":\"PropertyValueSpecification\",\"valueRequired\":true,\"valueName\":\"search_term_string\"}}],\"inLanguage\":\"de\"},{\"@type\":\"Organization\",\"@id\":\"https:\\\/\\\/www.sot-medical.com\\\/de\\\/#organization\",\"name\":\"SOT Medical Systems\",\"url\":\"https:\\\/\\\/www.sot-medical.com\\\/de\\\/\",\"logo\":{\"@type\":\"ImageObject\",\"inLanguage\":\"de\",\"@id\":\"https:\\\/\\\/www.sot-medical.com\\\/de\\\/#\\\/schema\\\/logo\\\/image\\\/\",\"url\":\"https:\\\/\\\/www.sot-medical.com\\\/wp-content\\\/uploads\\\/2017\\\/03\\\/SOT-Negative.png\",\"contentUrl\":\"https:\\\/\\\/www.sot-medical.com\\\/wp-content\\\/uploads\\\/2017\\\/03\\\/SOT-Negative.png\",\"width\":720,\"height\":345,\"caption\":\"SOT Medical Systems\"},\"image\":{\"@id\":\"https:\\\/\\\/www.sot-medical.com\\\/de\\\/#\\\/schema\\\/logo\\\/image\\\/\"},\"sameAs\":[\"https:\\\/\\\/www.facebook.com\\\/SOTMedicalSystems\",\"https:\\\/\\\/www.linkedin.com\\\/company\\\/sonotechnik-austria\",\"https:\\\/\\\/www.youtube.com\\\/user\\\/Sonotechnik\\\/\"]}]}<\/script>\n<!-- \/ Yoast SEO plugin. -->","yoast_head_json":{"title":"Impressum - SOT Medical Systems","robots":{"index":"noindex","follow":"nofollow"},"og_locale":"de_DE","og_type":"article","og_title":"Impressum - SOT Medical Systems","og_description":"Sonotechnik Austria Angio Experience GmbH Alte Hollenburger Strasse 4 9161 Maria Rain \u00d6sterreich B\u00fcrozeiten: Montag bis Donnerstag: 8:00 bis 16:00 Uhr Freitag: 8:00 bis 12:00 Uhr UID Nr.: ATU68974309 Firmenbuchnummer: FN422089w Telefon: +43 (0) 4227 \/ 84 991 Fax: +43 (0) 4227 \/ 84 992 &#111;&#x66;&#102;&#x69;&#99;&#x65;&#64;&#x73;&#111;&#x74;&#45;&#x6d;&#101;&#x64;&#105;&#x63;&#97;&#x6c;&#46;&#x63;&#111;&#x6d; Haftungsausschluss Inhalt des Onlineangebots Sonotechnik Austria Angio Experience GmbH [&hellip;]","og_url":"https:\/\/www.sot-medical.com\/de\/impressum\/","og_site_name":"SOT Medical Systems","article_publisher":"https:\/\/www.facebook.com\/SOTMedicalSystems","article_modified_time":"2025-06-30T21:59:15+00:00","og_image":[{"width":600,"height":600,"url":"https:\/\/www.sot-medical.com\/wp-content\/uploads\/2017\/03\/SOT-Negative-ICON.png","type":"image\/png"}],"twitter_card":"summary_large_image","twitter_misc":{"Gesch\u00e4tzte Lesezeit":"2\u00a0Minuten"},"schema":{"@context":"https:\/\/schema.org","@graph":[{"@type":"WebPage","@id":"https:\/\/www.sot-medical.com\/de\/impressum\/","url":"https:\/\/www.sot-medical.com\/de\/impressum\/","name":"Impressum - SOT Medical Systems","isPartOf":{"@id":"https:\/\/www.sot-medical.com\/de\/#website"},"primaryImageOfPage":{"@id":"https:\/\/www.sot-medical.com\/de\/impressum\/#primaryimage"},"image":{"@id":"https:\/\/www.sot-medical.com\/de\/impressum\/#primaryimage"},"thumbnailUrl":"https:\/\/www.sot-medical.com\/wp-content\/uploads\/sot-placeholder.png","datePublished":"2017-09-29T10:14:03+00:00","dateModified":"2025-06-30T21:59:15+00:00","breadcrumb":{"@id":"https:\/\/www.sot-medical.com\/de\/impressum\/#breadcrumb"},"inLanguage":"de","potentialAction":[{"@type":"ReadAction","target":["https:\/\/www.sot-medical.com\/de\/impressum\/"]}]},{"@type":"ImageObject","inLanguage":"de","@id":"https:\/\/www.sot-medical.com\/de\/impressum\/#primaryimage","url":"https:\/\/www.sot-medical.com\/wp-content\/uploads\/sot-placeholder.png","contentUrl":"https:\/\/www.sot-medical.com\/wp-content\/uploads\/sot-placeholder.png","width":1600,"height":1200},{"@type":"BreadcrumbList","@id":"https:\/\/www.sot-medical.com\/de\/impressum\/#breadcrumb","itemListElement":[{"@type":"ListItem","position":1,"name":"Home","item":"https:\/\/www.sot-medical.com\/de\/"},{"@type":"ListItem","position":2,"name":"Impressum"}]},{"@type":"WebSite","@id":"https:\/\/www.sot-medical.com\/de\/#website","url":"https:\/\/www.sot-medical.com\/de\/","name":"SOT Medical Systems","description":"Advanced Medical Systems","publisher":{"@id":"https:\/\/www.sot-medical.com\/de\/#organization"},"potentialAction":[{"@type":"SearchAction","target":{"@type":"EntryPoint","urlTemplate":"https:\/\/www.sot-medical.com\/de\/?s={search_term_string}"},"query-input":{"@type":"PropertyValueSpecification","valueRequired":true,"valueName":"search_term_string"}}],"inLanguage":"de"},{"@type":"Organization","@id":"https:\/\/www.sot-medical.com\/de\/#organization","name":"SOT Medical Systems","url":"https:\/\/www.sot-medical.com\/de\/","logo":{"@type":"ImageObject","inLanguage":"de","@id":"https:\/\/www.sot-medical.com\/de\/#\/schema\/logo\/image\/","url":"https:\/\/www.sot-medical.com\/wp-content\/uploads\/2017\/03\/SOT-Negative.png","contentUrl":"https:\/\/www.sot-medical.com\/wp-content\/uploads\/2017\/03\/SOT-Negative.png","width":720,"height":345,"caption":"SOT Medical Systems"},"image":{"@id":"https:\/\/www.sot-medical.com\/de\/#\/schema\/logo\/image\/"},"sameAs":["https:\/\/www.facebook.com\/SOTMedicalSystems","https:\/\/www.linkedin.com\/company\/sonotechnik-austria","https:\/\/www.youtube.com\/user\/Sonotechnik\/"]}]}},"_links":{"self":[{"href":"https:\/\/www.sot-medical.com\/de\/wp-json\/wp\/v2\/pages\/581","targetHints":{"allow":["GET"]}}],"collection":[{"href":"https:\/\/www.sot-medical.com\/de\/wp-json\/wp\/v2\/pages"}],"about":[{"href":"https:\/\/www.sot-medical.com\/de\/wp-json\/wp\/v2\/types\/page"}],"author":[{"embeddable":true,"href":"https:\/\/www.sot-medical.com\/de\/wp-json\/wp\/v2\/users\/1"}],"replies":[{"embeddable":true,"href":"https:\/\/www.sot-medical.com\/de\/wp-json\/wp\/v2\/comments?post=581"}],"version-history":[{"count":16,"href":"https:\/\/www.sot-medical.com\/de\/wp-json\/wp\/v2\/pages\/581\/revisions"}],"predecessor-version":[{"id":7053,"href":"https:\/\/www.sot-medical.com\/de\/wp-json\/wp\/v2\/pages\/581\/revisions\/7053"}],"wp:featuredmedia":[{"embeddable":true,"href":"https:\/\/www.sot-medical.com\/de\/wp-json\/wp\/v2\/media\/305"}],"wp:attachment":[{"href":"https:\/\/www.sot-medical.com\/de\/wp-json\/wp\/v2\/media?parent=581"}],"curies":[{"name":"wp","href":"https:\/\/api.w.org\/{rel}","templated":true}]}}