{"id":6240,"date":"2024-11-27T18:12:18","date_gmt":"2024-11-27T16:12:18","guid":{"rendered":"https:\/\/www.sot-medical.com\/?page_id=6240"},"modified":"2024-11-28T18:53:44","modified_gmt":"2024-11-28T16:53:44","slug":"ehr-kis-einbindungen","status":"publish","type":"page","link":"https:\/\/www.sot-medical.com\/de\/ehr-kis-einbindungen\/","title":{"rendered":"EHR\/KIS-Einbindungen"},"content":{"rendered":"\n<h2 class=\"wp-block-heading\"><strong>EHR\/KIS-Integration mit dem AngE\u2122-System: Vereinfachte Diagnostik f\u00fcr eine bessere Versorgung<\/strong><\/h2>\n\n\n\n<p>In der heutigen Gesundheitslandschaft ist die nahtlose Integration von medizinischen Ger\u00e4ten und elektronischen Patientenakten (EHR) wichtiger denn je. Wir bei SOT Medical Systems wissen, wie wichtig Effizienz und Konnektivit\u00e4t in Ihrem t\u00e4glichen Arbeitsablauf sind. Deshalb sind unsere\u00a0<a href=\"https:\/\/www.sot-medical.com\/solutions\/\"><strong>AngE-Systeme<\/strong><\/a>\u00a0so konzipiert, dass sie sich nahtlos in f\u00fchrende EHR-L\u00f6sungen integrieren lassen, wodurch die Diagnostik f\u00fcr Sie und Ihre Patienten einfacher und effektiver wird.<\/p>\n\n\n\n<h2 class=\"wp-block-heading mt-4\"><strong>Warum die EHR-Integration wichtig ist<\/strong><\/h2>\n\n\n\n<p>Durch die Verbindung von AngE-Systemen mit Ihrem elektronischen Patientenakt k\u00f6nnen Sie:<\/p>\n\n\n\n<p>\u2022 Diagnosedaten automatisch direkt in die Patientenakte \u00fcbertragen und so manuelle Eingabefehler vermeiden.<\/p>\n\n\n\n<p>\u2022 Arbeitsabl\u00e4ufe durch den Zugriff auf Ergebnisse in Echtzeit optimieren und so die Entscheidungsfindung und die Behandlungsergebnisse verbessern.<\/p>\n\n\n\n<p>\u2022 Zeit f\u00fcr medizinisches Fachpersonal sparen, damit es sich auf das Wesentliche konzentrieren kann \u2013 die Patientenversorgung.<\/p>\n\n\n\n<h2 class=\"wp-block-heading mt-4\"><strong>Erweiterte Schnittstellenunterst\u00fctzung<\/strong><\/h2>\n\n\n\n<p>Um eine nahtlose Kommunikation zwischen Ger\u00e4ten und EHR-Systemen zu gew\u00e4hrleisten, unterst\u00fctzen AngE Systeme die Schnittstellen&nbsp;<strong>DICOM<\/strong>&nbsp;(Digital Imaging and Communications in Medicine),&nbsp;<strong>HL7<\/strong>&nbsp;(Health Level Seven) und <strong>GDT<\/strong>. Diese branchen\u00fcblichen Protokolle erm\u00f6glichen:<\/p>\n\n\n\n<p>\u2022&nbsp;<strong>Universelle Kompatibilit\u00e4t:<\/strong>&nbsp;Integration in eine Vielzahl von Gesundheitssystemen, um die Interoperabilit\u00e4t zu gew\u00e4hrleisten.<\/p>\n\n\n\n<p>\u2022&nbsp;<strong>Sicherer Datenaustausch:<\/strong>&nbsp;Zuverl\u00e4ssige und sichere \u00dcbertragung von Diagnoseergebnissen in die Patientenakten.<\/p>\n\n\n\n<p>\u2022&nbsp;<strong>Skalierbare L\u00f6sungen:<\/strong>&nbsp;Einfache Anpassung an zuk\u00fcnftige System-Upgrades oder \u00c4nderungen in der Praxismanagement-Software.<\/p>\n\n\n\n<h2 class=\"wp-block-heading mt-4\"><strong>Unsere Kooperationen<\/strong><\/h2>\n\n\n\n<div class=\"wp-block-columns is-layout-flex wp-container-core-columns-is-layout-9d6595d7 wp-block-columns-is-layout-flex\">\n<div class=\"wp-block-column is-layout-flow wp-block-column-is-layout-flow\">\n<figure class=\"wp-block-image size-large\"><a href=\"https:\/\/tomedo.de\" target=\"_blank\" rel=\" noreferrer noopener\"><img loading=\"lazy\" decoding=\"async\" width=\"1256\" height=\"318\" src=\"https:\/\/www.sot-medical.com\/wp-content\/uploads\/2024\/11\/tomedo_Logo_Praxissoftware.svg\" alt=\"\" class=\"wp-image-6225\" style=\"border:none\"\/><\/a><\/figure>\n<\/div>\n\n\n\n<div class=\"wp-block-column is-layout-flow wp-block-column-is-layout-flow\">\n<figure class=\"wp-block-image aligncenter size-large is-resized\"><a href=\"https:\/\/duria.de\" target=\"_blank\" rel=\" noreferrer noopener\"><img loading=\"lazy\" decoding=\"async\" width=\"1024\" height=\"603\" src=\"https:\/\/www.sot-medical.com\/wp-content\/uploads\/2024\/11\/duria_logo_slogan-1024x603.jpg\" alt=\"\" class=\"wp-image-6227\" style=\"width:228px;height:auto;border:none\" srcset=\"https:\/\/www.sot-medical.com\/wp-content\/uploads\/2024\/11\/duria_logo_slogan-1024x603.jpg 1024w, https:\/\/www.sot-medical.com\/wp-content\/uploads\/2024\/11\/duria_logo_slogan-300x177.jpg 300w, https:\/\/www.sot-medical.com\/wp-content\/uploads\/2024\/11\/duria_logo_slogan-150x88.jpg 150w, https:\/\/www.sot-medical.com\/wp-content\/uploads\/2024\/11\/duria_logo_slogan-768x452.jpg 768w, https:\/\/www.sot-medical.com\/wp-content\/uploads\/2024\/11\/duria_logo_slogan-500x294.jpg 500w, https:\/\/www.sot-medical.com\/wp-content\/uploads\/2024\/11\/duria_logo_slogan.jpg 1461w\" sizes=\"auto, (max-width: 1024px) 100vw, 1024px\" \/><\/a><\/figure>\n<\/div>\n<\/div>\n\n\n\n<p>Wir arbeiten aktiv mit&nbsp;<a href=\"https:\/\/www.tomedo.de\/\"><strong>Tomedo<\/strong><\/a>&nbsp;zusammen, einem der beliebtesten EHR-Systeme f\u00fcr Praxen in Deutschland, und erm\u00f6glichen so einen nahtlosen Datentransfer von AngE-Systemen zu Ihrer Tomedo-Plattform. Dar\u00fcber hinaus unterst\u00fctzen wir mit Stolz&nbsp;<a href=\"https:\/\/www.duria.de\/\"><strong>Duria<\/strong><\/a>, eine weitere f\u00fchrende EHR-L\u00f6sung, und sorgen daf\u00fcr, dass Ihr Arbeitsablauf reibungslos und effizient bleibt.<\/p>\n\n\n\n<h2 class=\"wp-block-heading mt-4\"><strong>So funktioniert die Integration<\/strong><\/h2>\n\n\n\n<p>Mit AngE-Systemen ist die Verbindung zu Ihrem EHR-System ganz einfach:<\/p>\n\n\n\n<p>1.&nbsp;<strong>Plug and Play<\/strong>: Unsere Ger\u00e4te sind f\u00fcr eine einfache Einrichtung mit unterst\u00fctzten EHR-Systemen vorkonfiguriert.<\/p>\n\n\n\n<p>2.&nbsp;<strong>Echtzeit-Datenaustausch<\/strong>: Ergebnisse Ihres AngE-Systems werden automatisch direkt mit Ihren Patientenakten synchronisiert.<\/p>\n\n\n\n<p>3.&nbsp;<strong>Anpassbare Einstellungen<\/strong>: Passen Sie die Integration an die spezifischen Anforderungen Ihrer Praxis an.<\/p>\n\n\n\n<h2 class=\"wp-block-heading mt-4\"><strong>Zukunftsf\u00e4hige Diagnostik<\/strong><\/h2>\n\n\n\n<p>Wir bei SOT Medical Systems glauben an die Entwicklung von L\u00f6sungen, die nicht nur den heutigen Anforderungen gerecht werden, sondern auch die Herausforderungen von morgen vorwegnehmen. Durch die Unterst\u00fctzung von&nbsp;<strong>DICOM-<\/strong>,&nbsp;<strong>HL7- <\/strong>und<strong> GDT-Schnittstellen<\/strong>&nbsp;und die Zusammenarbeit mit vertrauensw\u00fcrdigen EHR-Anbietern wie&nbsp;<a href=\"https:\/\/www.tomedo.de\/\"><strong>Tomedo<\/strong><\/a>&nbsp;und&nbsp;<a href=\"https:\/\/www.duria.de\/\"><strong>Duria<\/strong><\/a>&nbsp;m\u00f6chten wir Ihre Arbeitsabl\u00e4ufe vereinfachen, die Effizienz steigern und eine bessere Versorgung unterst\u00fctzen.<\/p>\n\n\n\n<p>Wenn Sie&nbsp;<a href=\"https:\/\/www.tomedo.de\/\"><strong>Tomedo<\/strong><\/a>,&nbsp;<a href=\"https:\/\/www.duria.de\/\"><strong>Duria<\/strong><\/a>&nbsp;oder ein anderes EHR-System verwenden und mehr \u00fcber die Integrationsm\u00f6glichkeiten erfahren m\u00f6chten, k\u00f6nnen Sie sich gerne an uns wenden. Lassen Sie uns gemeinsam die Diagnostik intelligenter und die Gesundheitsversorgung besser machen.<\/p>\n\n\n\n<p><strong>Sind Sie bereit, Ihren diagnostischen Arbeitsablauf zu verbessern?\u00a0<\/strong><a href=\"https:\/\/www.sot-medical.com\/de\/solutions\/\"><strong>Erfahren Sie, wie AngE\u2122-Systeme Ihre Praxis durch eine nahtlose EHR-Integration revolutionieren kann.<\/strong><\/a><\/p>\n","protected":false},"excerpt":{"rendered":"EHR\/KIS-Integration mit dem AngE\u2122-System: Vereinfachte Diagnostik f\u00fcr eine bessere Versorgung In der heutigen Gesundheitslandschaft ist die nahtlose Integration von medizinischen Ger\u00e4ten und elektronischen Patientenakten (EHR) wichtiger denn je. Wir bei SOT Medical Systems wissen, wie wichtig Effizienz und Konnektivit\u00e4t in Ihrem t\u00e4glichen Arbeitsablauf sind. Deshalb sind unsere\u00a0AngE-Systeme\u00a0so konzipiert, dass sie sich nahtlos in f\u00fchrende EHR-L\u00f6sungen [&hellip;]","protected":false},"author":1,"featured_media":305,"parent":0,"menu_order":0,"comment_status":"closed","ping_status":"closed","template":"","meta":{"_acf_changed":false,"content-type":"","wikipediapreview_detectlinks":true,"footnotes":""},"class_list":["post-6240","page","type-page","status-publish","has-post-thumbnail","hentry"],"acf":[],"yoast_head":"<!-- This site is optimized with the Yoast SEO plugin v27.3 - https:\/\/yoast.com\/product\/yoast-seo-wordpress\/ -->\n<title>EHR\/KIS-Einbindungen - SOT Medical Systems<\/title>\n<meta name=\"robots\" content=\"index, follow, max-snippet:-1, max-image-preview:large, max-video-preview:-1\" \/>\n<link rel=\"canonical\" href=\"https:\/\/www.sot-medical.com\/de\/ehr-kis-einbindungen\/\" \/>\n<meta property=\"og:locale\" content=\"de_DE\" \/>\n<meta property=\"og:type\" content=\"article\" \/>\n<meta property=\"og:title\" content=\"EHR\/KIS-Einbindungen - SOT Medical Systems\" \/>\n<meta property=\"og:description\" content=\"EHR\/KIS-Integration mit dem AngE\u2122-System: Vereinfachte Diagnostik f\u00fcr eine bessere Versorgung In der heutigen Gesundheitslandschaft ist die nahtlose Integration von medizinischen Ger\u00e4ten und elektronischen Patientenakten (EHR) wichtiger denn je. Wir bei SOT Medical Systems wissen, wie wichtig Effizienz und Konnektivit\u00e4t in Ihrem t\u00e4glichen Arbeitsablauf sind. Deshalb sind unsere\u00a0AngE-Systeme\u00a0so konzipiert, dass sie sich nahtlos in f\u00fchrende EHR-L\u00f6sungen [&hellip;]\" \/>\n<meta property=\"og:url\" content=\"https:\/\/www.sot-medical.com\/de\/ehr-kis-einbindungen\/\" \/>\n<meta property=\"og:site_name\" content=\"SOT Medical Systems\" \/>\n<meta property=\"article:publisher\" content=\"https:\/\/www.facebook.com\/SOTMedicalSystems\" \/>\n<meta property=\"article:modified_time\" content=\"2024-11-28T16:53:44+00:00\" \/>\n<meta property=\"og:image\" content=\"https:\/\/www.sot-medical.com\/wp-content\/uploads\/sot-placeholder.png\" \/>\n\t<meta property=\"og:image:width\" content=\"1600\" \/>\n\t<meta property=\"og:image:height\" content=\"1200\" \/>\n\t<meta property=\"og:image:type\" content=\"image\/png\" \/>\n<meta name=\"twitter:card\" content=\"summary_large_image\" \/>\n<meta name=\"twitter:label1\" content=\"Gesch\u00e4tzte Lesezeit\" \/>\n\t<meta name=\"twitter:data1\" content=\"3\u00a0Minuten\" \/>\n<script type=\"application\/ld+json\" class=\"yoast-schema-graph\">{\"@context\":\"https:\\\/\\\/schema.org\",\"@graph\":[{\"@type\":\"WebPage\",\"@id\":\"https:\\\/\\\/www.sot-medical.com\\\/de\\\/ehr-kis-einbindungen\\\/\",\"url\":\"https:\\\/\\\/www.sot-medical.com\\\/de\\\/ehr-kis-einbindungen\\\/\",\"name\":\"EHR\\\/KIS-Einbindungen - SOT Medical Systems\",\"isPartOf\":{\"@id\":\"https:\\\/\\\/www.sot-medical.com\\\/de\\\/#website\"},\"primaryImageOfPage\":{\"@id\":\"https:\\\/\\\/www.sot-medical.com\\\/de\\\/ehr-kis-einbindungen\\\/#primaryimage\"},\"image\":{\"@id\":\"https:\\\/\\\/www.sot-medical.com\\\/de\\\/ehr-kis-einbindungen\\\/#primaryimage\"},\"thumbnailUrl\":\"https:\\\/\\\/www.sot-medical.com\\\/wp-content\\\/uploads\\\/sot-placeholder.png\",\"datePublished\":\"2024-11-27T16:12:18+00:00\",\"dateModified\":\"2024-11-28T16:53:44+00:00\",\"breadcrumb\":{\"@id\":\"https:\\\/\\\/www.sot-medical.com\\\/de\\\/ehr-kis-einbindungen\\\/#breadcrumb\"},\"inLanguage\":\"de\",\"potentialAction\":[{\"@type\":\"ReadAction\",\"target\":[\"https:\\\/\\\/www.sot-medical.com\\\/de\\\/ehr-kis-einbindungen\\\/\"]}]},{\"@type\":\"ImageObject\",\"inLanguage\":\"de\",\"@id\":\"https:\\\/\\\/www.sot-medical.com\\\/de\\\/ehr-kis-einbindungen\\\/#primaryimage\",\"url\":\"https:\\\/\\\/www.sot-medical.com\\\/wp-content\\\/uploads\\\/sot-placeholder.png\",\"contentUrl\":\"https:\\\/\\\/www.sot-medical.com\\\/wp-content\\\/uploads\\\/sot-placeholder.png\",\"width\":1600,\"height\":1200},{\"@type\":\"BreadcrumbList\",\"@id\":\"https:\\\/\\\/www.sot-medical.com\\\/de\\\/ehr-kis-einbindungen\\\/#breadcrumb\",\"itemListElement\":[{\"@type\":\"ListItem\",\"position\":1,\"name\":\"Home\",\"item\":\"https:\\\/\\\/www.sot-medical.com\\\/de\\\/\"},{\"@type\":\"ListItem\",\"position\":2,\"name\":\"EHR\\\/KIS-Einbindungen\"}]},{\"@type\":\"WebSite\",\"@id\":\"https:\\\/\\\/www.sot-medical.com\\\/de\\\/#website\",\"url\":\"https:\\\/\\\/www.sot-medical.com\\\/de\\\/\",\"name\":\"SOT Medical Systems\",\"description\":\"Advanced Medical Systems\",\"publisher\":{\"@id\":\"https:\\\/\\\/www.sot-medical.com\\\/de\\\/#organization\"},\"potentialAction\":[{\"@type\":\"SearchAction\",\"target\":{\"@type\":\"EntryPoint\",\"urlTemplate\":\"https:\\\/\\\/www.sot-medical.com\\\/de\\\/?s={search_term_string}\"},\"query-input\":{\"@type\":\"PropertyValueSpecification\",\"valueRequired\":true,\"valueName\":\"search_term_string\"}}],\"inLanguage\":\"de\"},{\"@type\":\"Organization\",\"@id\":\"https:\\\/\\\/www.sot-medical.com\\\/de\\\/#organization\",\"name\":\"SOT Medical Systems\",\"url\":\"https:\\\/\\\/www.sot-medical.com\\\/de\\\/\",\"logo\":{\"@type\":\"ImageObject\",\"inLanguage\":\"de\",\"@id\":\"https:\\\/\\\/www.sot-medical.com\\\/de\\\/#\\\/schema\\\/logo\\\/image\\\/\",\"url\":\"https:\\\/\\\/www.sot-medical.com\\\/wp-content\\\/uploads\\\/2017\\\/03\\\/SOT-Negative.png\",\"contentUrl\":\"https:\\\/\\\/www.sot-medical.com\\\/wp-content\\\/uploads\\\/2017\\\/03\\\/SOT-Negative.png\",\"width\":720,\"height\":345,\"caption\":\"SOT Medical Systems\"},\"image\":{\"@id\":\"https:\\\/\\\/www.sot-medical.com\\\/de\\\/#\\\/schema\\\/logo\\\/image\\\/\"},\"sameAs\":[\"https:\\\/\\\/www.facebook.com\\\/SOTMedicalSystems\",\"https:\\\/\\\/www.linkedin.com\\\/company\\\/sonotechnik-austria\",\"https:\\\/\\\/www.youtube.com\\\/user\\\/Sonotechnik\\\/\"]}]}<\/script>\n<!-- \/ Yoast SEO plugin. -->","yoast_head_json":{"title":"EHR\/KIS-Einbindungen - SOT Medical Systems","robots":{"index":"index","follow":"follow","max-snippet":"max-snippet:-1","max-image-preview":"max-image-preview:large","max-video-preview":"max-video-preview:-1"},"canonical":"https:\/\/www.sot-medical.com\/de\/ehr-kis-einbindungen\/","og_locale":"de_DE","og_type":"article","og_title":"EHR\/KIS-Einbindungen - SOT Medical Systems","og_description":"EHR\/KIS-Integration mit dem AngE\u2122-System: Vereinfachte Diagnostik f\u00fcr eine bessere Versorgung In der heutigen Gesundheitslandschaft ist die nahtlose Integration von medizinischen Ger\u00e4ten und elektronischen Patientenakten (EHR) wichtiger denn je. Wir bei SOT Medical Systems wissen, wie wichtig Effizienz und Konnektivit\u00e4t in Ihrem t\u00e4glichen Arbeitsablauf sind. Deshalb sind unsere\u00a0AngE-Systeme\u00a0so konzipiert, dass sie sich nahtlos in f\u00fchrende EHR-L\u00f6sungen [&hellip;]","og_url":"https:\/\/www.sot-medical.com\/de\/ehr-kis-einbindungen\/","og_site_name":"SOT Medical Systems","article_publisher":"https:\/\/www.facebook.com\/SOTMedicalSystems","article_modified_time":"2024-11-28T16:53:44+00:00","og_image":[{"width":1600,"height":1200,"url":"https:\/\/www.sot-medical.com\/wp-content\/uploads\/sot-placeholder.png","type":"image\/png"}],"twitter_card":"summary_large_image","twitter_misc":{"Gesch\u00e4tzte Lesezeit":"3\u00a0Minuten"},"schema":{"@context":"https:\/\/schema.org","@graph":[{"@type":"WebPage","@id":"https:\/\/www.sot-medical.com\/de\/ehr-kis-einbindungen\/","url":"https:\/\/www.sot-medical.com\/de\/ehr-kis-einbindungen\/","name":"EHR\/KIS-Einbindungen - SOT Medical Systems","isPartOf":{"@id":"https:\/\/www.sot-medical.com\/de\/#website"},"primaryImageOfPage":{"@id":"https:\/\/www.sot-medical.com\/de\/ehr-kis-einbindungen\/#primaryimage"},"image":{"@id":"https:\/\/www.sot-medical.com\/de\/ehr-kis-einbindungen\/#primaryimage"},"thumbnailUrl":"https:\/\/www.sot-medical.com\/wp-content\/uploads\/sot-placeholder.png","datePublished":"2024-11-27T16:12:18+00:00","dateModified":"2024-11-28T16:53:44+00:00","breadcrumb":{"@id":"https:\/\/www.sot-medical.com\/de\/ehr-kis-einbindungen\/#breadcrumb"},"inLanguage":"de","potentialAction":[{"@type":"ReadAction","target":["https:\/\/www.sot-medical.com\/de\/ehr-kis-einbindungen\/"]}]},{"@type":"ImageObject","inLanguage":"de","@id":"https:\/\/www.sot-medical.com\/de\/ehr-kis-einbindungen\/#primaryimage","url":"https:\/\/www.sot-medical.com\/wp-content\/uploads\/sot-placeholder.png","contentUrl":"https:\/\/www.sot-medical.com\/wp-content\/uploads\/sot-placeholder.png","width":1600,"height":1200},{"@type":"BreadcrumbList","@id":"https:\/\/www.sot-medical.com\/de\/ehr-kis-einbindungen\/#breadcrumb","itemListElement":[{"@type":"ListItem","position":1,"name":"Home","item":"https:\/\/www.sot-medical.com\/de\/"},{"@type":"ListItem","position":2,"name":"EHR\/KIS-Einbindungen"}]},{"@type":"WebSite","@id":"https:\/\/www.sot-medical.com\/de\/#website","url":"https:\/\/www.sot-medical.com\/de\/","name":"SOT Medical Systems","description":"Advanced Medical Systems","publisher":{"@id":"https:\/\/www.sot-medical.com\/de\/#organization"},"potentialAction":[{"@type":"SearchAction","target":{"@type":"EntryPoint","urlTemplate":"https:\/\/www.sot-medical.com\/de\/?s={search_term_string}"},"query-input":{"@type":"PropertyValueSpecification","valueRequired":true,"valueName":"search_term_string"}}],"inLanguage":"de"},{"@type":"Organization","@id":"https:\/\/www.sot-medical.com\/de\/#organization","name":"SOT Medical Systems","url":"https:\/\/www.sot-medical.com\/de\/","logo":{"@type":"ImageObject","inLanguage":"de","@id":"https:\/\/www.sot-medical.com\/de\/#\/schema\/logo\/image\/","url":"https:\/\/www.sot-medical.com\/wp-content\/uploads\/2017\/03\/SOT-Negative.png","contentUrl":"https:\/\/www.sot-medical.com\/wp-content\/uploads\/2017\/03\/SOT-Negative.png","width":720,"height":345,"caption":"SOT Medical Systems"},"image":{"@id":"https:\/\/www.sot-medical.com\/de\/#\/schema\/logo\/image\/"},"sameAs":["https:\/\/www.facebook.com\/SOTMedicalSystems","https:\/\/www.linkedin.com\/company\/sonotechnik-austria","https:\/\/www.youtube.com\/user\/Sonotechnik\/"]}]}},"_links":{"self":[{"href":"https:\/\/www.sot-medical.com\/de\/wp-json\/wp\/v2\/pages\/6240","targetHints":{"allow":["GET"]}}],"collection":[{"href":"https:\/\/www.sot-medical.com\/de\/wp-json\/wp\/v2\/pages"}],"about":[{"href":"https:\/\/www.sot-medical.com\/de\/wp-json\/wp\/v2\/types\/page"}],"author":[{"embeddable":true,"href":"https:\/\/www.sot-medical.com\/de\/wp-json\/wp\/v2\/users\/1"}],"replies":[{"embeddable":true,"href":"https:\/\/www.sot-medical.com\/de\/wp-json\/wp\/v2\/comments?post=6240"}],"version-history":[{"count":6,"href":"https:\/\/www.sot-medical.com\/de\/wp-json\/wp\/v2\/pages\/6240\/revisions"}],"predecessor-version":[{"id":6262,"href":"https:\/\/www.sot-medical.com\/de\/wp-json\/wp\/v2\/pages\/6240\/revisions\/6262"}],"wp:featuredmedia":[{"embeddable":true,"href":"https:\/\/www.sot-medical.com\/de\/wp-json\/wp\/v2\/media\/305"}],"wp:attachment":[{"href":"https:\/\/www.sot-medical.com\/de\/wp-json\/wp\/v2\/media?parent=6240"}],"curies":[{"name":"wp","href":"https:\/\/api.w.org\/{rel}","templated":true}]}}