{"id":8468,"date":"2026-03-18T23:35:11","date_gmt":"2026-03-18T21:35:11","guid":{"rendered":"https:\/\/www.sot-medical.com\/?page_id=8468"},"modified":"2026-03-19T14:04:07","modified_gmt":"2026-03-19T12:04:07","slug":"aufklaerungsposter","status":"publish","type":"page","link":"https:\/\/www.sot-medical.com\/de\/aufklaerungsposter\/","title":{"rendered":"Aufkl\u00e4rungsposter"},"content":{"rendered":"\n<p><\/p>\n\n\n\n<div class=\"wp-block-columns is-layout-flex wp-container-core-columns-is-layout-9d6595d7 wp-block-columns-is-layout-flex\">\n<div class=\"wp-block-column is-layout-flow wp-block-column-is-layout-flow\" style=\"flex-basis:50%\">\n<p>Schaffen Sie Bewusstsein f\u00fcr Gef\u00e4\u00dfgesundheit mit unseren Aufkl\u00e4rungspostern zu Atherosklerose, Krampfadern, Venenthrombose und arteriellen Erkrankungen.<\/p>\n\n\n\n<p>Diese Materialien wurden entwickelt, um Patient:innen zu informieren und die Pr\u00e4vention zu unterst\u00fctzen \u2013 und machen komplexe Zusammenh\u00e4nge leicht verst\u00e4ndlich.<\/p>\n\n\n\n<ul class=\"wp-block-list\">\n<li>Arterielle Erkrankungen<\/li>\n\n\n\n<li>Atherosklerose<\/li>\n\n\n\n<li>Krampfadern<\/li>\n\n\n\n<li>Venenthrombose<\/li>\n<\/ul>\n\n\n\n<p>Laden Sie die Poster kostenlos herunter und nutzen Sie sie in Ihrer Praxis, Klinik oder in Screening-Programmen.<\/p>\n\n\n\n<ul class=\"wp-block-list\"><\/ul>\n<\/div>\n\n\n\n<div class=\"wp-block-column is-layout-flow wp-block-column-is-layout-flow\" style=\"flex-basis:50%\" id=\"dlform\">\n<script charset=\"utf-8\" type=\"text\/javascript\" src=\"\/\/js-eu1.hsforms.net\/forms\/embed\/v2.js\"><\/script>\n<script>\n  hbspt.forms.create({\n    portalId: \"26082812\",\n    formId: \"95315b0d-026c-4bc1-95df-a8c20b95c9ca\",\n    region: \"eu1\"\n  });\n<\/script>\n<\/div>\n<\/div>\n","protected":false},"excerpt":{"rendered":"Schaffen Sie Bewusstsein f\u00fcr Gef\u00e4\u00dfgesundheit mit unseren Aufkl\u00e4rungspostern zu Atherosklerose, Krampfadern, Venenthrombose und arteriellen Erkrankungen. Diese Materialien wurden entwickelt, um Patient:innen zu informieren und die Pr\u00e4vention zu unterst\u00fctzen \u2013 und machen komplexe Zusammenh\u00e4nge leicht verst\u00e4ndlich. Laden Sie die Poster kostenlos herunter und nutzen Sie sie in Ihrer Praxis, Klinik oder in Screening-Programmen.","protected":false},"author":1,"featured_media":4310,"parent":0,"menu_order":0,"comment_status":"closed","ping_status":"closed","template":"page_landing-template.php","meta":{"_acf_changed":false,"content-type":"","wikipediapreview_detectlinks":true,"footnotes":""},"class_list":["post-8468","page","type-page","status-publish","has-post-thumbnail","hentry"],"acf":[],"yoast_head":"<!-- This site is optimized with the Yoast SEO plugin v27.3 - https:\/\/yoast.com\/product\/yoast-seo-wordpress\/ -->\n<title>Aufkl\u00e4rungsposter - SOT Medical Systems<\/title>\n<meta name=\"description\" content=\"Der Leitfaden enth\u00e4lt Messprinzipien, Parameter, Referenzwerte sowie normale\u00a0und pathologische\u00a0Testbeispiele zu arteriellen und ven\u00f6sen Messmethoden.\" \/>\n<meta name=\"robots\" content=\"index, follow, max-snippet:-1, max-image-preview:large, max-video-preview:-1\" \/>\n<link rel=\"canonical\" href=\"https:\/\/www.sot-medical.com\/de\/aufklaerungsposter\/\" \/>\n<meta property=\"og:locale\" content=\"de_DE\" \/>\n<meta property=\"og:type\" content=\"article\" \/>\n<meta property=\"og:title\" content=\"Aufkl\u00e4rungsposter - SOT Medical Systems\" \/>\n<meta property=\"og:description\" content=\"Der Leitfaden enth\u00e4lt Messprinzipien, Parameter, Referenzwerte sowie normale\u00a0und pathologische\u00a0Testbeispiele zu arteriellen und ven\u00f6sen Messmethoden.\" \/>\n<meta property=\"og:url\" content=\"https:\/\/www.sot-medical.com\/de\/aufklaerungsposter\/\" \/>\n<meta property=\"og:site_name\" content=\"SOT Medical Systems\" \/>\n<meta property=\"article:publisher\" content=\"https:\/\/www.facebook.com\/SOTMedicalSystems\" \/>\n<meta property=\"article:modified_time\" content=\"2026-03-19T12:04:07+00:00\" \/>\n<meta property=\"og:image\" content=\"https:\/\/www.sot-medical.com\/wp-content\/uploads\/2022\/07\/leitfaden_mobile.png\" \/>\n\t<meta property=\"og:image:width\" content=\"507\" \/>\n\t<meta property=\"og:image:height\" content=\"453\" \/>\n\t<meta property=\"og:image:type\" content=\"image\/png\" \/>\n<meta name=\"twitter:card\" content=\"summary_large_image\" \/>\n<meta name=\"twitter:label1\" content=\"Gesch\u00e4tzte Lesezeit\" \/>\n\t<meta name=\"twitter:data1\" content=\"1\u00a0Minute\" \/>\n<script type=\"application\/ld+json\" class=\"yoast-schema-graph\">{\"@context\":\"https:\\\/\\\/schema.org\",\"@graph\":[{\"@type\":\"WebPage\",\"@id\":\"https:\\\/\\\/www.sot-medical.com\\\/de\\\/aufklaerungsposter\\\/\",\"url\":\"https:\\\/\\\/www.sot-medical.com\\\/de\\\/aufklaerungsposter\\\/\",\"name\":\"Aufkl\u00e4rungsposter - SOT Medical Systems\",\"isPartOf\":{\"@id\":\"https:\\\/\\\/www.sot-medical.com\\\/de\\\/#website\"},\"primaryImageOfPage\":{\"@id\":\"https:\\\/\\\/www.sot-medical.com\\\/de\\\/aufklaerungsposter\\\/#primaryimage\"},\"image\":{\"@id\":\"https:\\\/\\\/www.sot-medical.com\\\/de\\\/aufklaerungsposter\\\/#primaryimage\"},\"thumbnailUrl\":\"https:\\\/\\\/www.sot-medical.com\\\/wp-content\\\/uploads\\\/2022\\\/07\\\/leitfaden_mobile.png\",\"datePublished\":\"2026-03-18T21:35:11+00:00\",\"dateModified\":\"2026-03-19T12:04:07+00:00\",\"description\":\"Der Leitfaden enth\u00e4lt Messprinzipien, Parameter, Referenzwerte sowie normale\u00a0und pathologische\u00a0Testbeispiele zu arteriellen und ven\u00f6sen Messmethoden.\",\"breadcrumb\":{\"@id\":\"https:\\\/\\\/www.sot-medical.com\\\/de\\\/aufklaerungsposter\\\/#breadcrumb\"},\"inLanguage\":\"de\",\"potentialAction\":[{\"@type\":\"ReadAction\",\"target\":[\"https:\\\/\\\/www.sot-medical.com\\\/de\\\/aufklaerungsposter\\\/\"]}]},{\"@type\":\"ImageObject\",\"inLanguage\":\"de\",\"@id\":\"https:\\\/\\\/www.sot-medical.com\\\/de\\\/aufklaerungsposter\\\/#primaryimage\",\"url\":\"https:\\\/\\\/www.sot-medical.com\\\/wp-content\\\/uploads\\\/2022\\\/07\\\/leitfaden_mobile.png\",\"contentUrl\":\"https:\\\/\\\/www.sot-medical.com\\\/wp-content\\\/uploads\\\/2022\\\/07\\\/leitfaden_mobile.png\",\"width\":507,\"height\":453},{\"@type\":\"BreadcrumbList\",\"@id\":\"https:\\\/\\\/www.sot-medical.com\\\/de\\\/aufklaerungsposter\\\/#breadcrumb\",\"itemListElement\":[{\"@type\":\"ListItem\",\"position\":1,\"name\":\"Home\",\"item\":\"https:\\\/\\\/www.sot-medical.com\\\/de\\\/\"},{\"@type\":\"ListItem\",\"position\":2,\"name\":\"Aufkl\u00e4rungsposter\"}]},{\"@type\":\"WebSite\",\"@id\":\"https:\\\/\\\/www.sot-medical.com\\\/de\\\/#website\",\"url\":\"https:\\\/\\\/www.sot-medical.com\\\/de\\\/\",\"name\":\"SOT Medical Systems\",\"description\":\"Advanced Medical Systems\",\"publisher\":{\"@id\":\"https:\\\/\\\/www.sot-medical.com\\\/de\\\/#organization\"},\"potentialAction\":[{\"@type\":\"SearchAction\",\"target\":{\"@type\":\"EntryPoint\",\"urlTemplate\":\"https:\\\/\\\/www.sot-medical.com\\\/de\\\/?s={search_term_string}\"},\"query-input\":{\"@type\":\"PropertyValueSpecification\",\"valueRequired\":true,\"valueName\":\"search_term_string\"}}],\"inLanguage\":\"de\"},{\"@type\":\"Organization\",\"@id\":\"https:\\\/\\\/www.sot-medical.com\\\/de\\\/#organization\",\"name\":\"SOT Medical Systems\",\"url\":\"https:\\\/\\\/www.sot-medical.com\\\/de\\\/\",\"logo\":{\"@type\":\"ImageObject\",\"inLanguage\":\"de\",\"@id\":\"https:\\\/\\\/www.sot-medical.com\\\/de\\\/#\\\/schema\\\/logo\\\/image\\\/\",\"url\":\"https:\\\/\\\/www.sot-medical.com\\\/wp-content\\\/uploads\\\/2017\\\/03\\\/SOT-Negative.png\",\"contentUrl\":\"https:\\\/\\\/www.sot-medical.com\\\/wp-content\\\/uploads\\\/2017\\\/03\\\/SOT-Negative.png\",\"width\":720,\"height\":345,\"caption\":\"SOT Medical Systems\"},\"image\":{\"@id\":\"https:\\\/\\\/www.sot-medical.com\\\/de\\\/#\\\/schema\\\/logo\\\/image\\\/\"},\"sameAs\":[\"https:\\\/\\\/www.facebook.com\\\/SOTMedicalSystems\",\"https:\\\/\\\/www.linkedin.com\\\/company\\\/sonotechnik-austria\",\"https:\\\/\\\/www.youtube.com\\\/user\\\/Sonotechnik\\\/\"]}]}<\/script>\n<!-- \/ Yoast SEO plugin. -->","yoast_head_json":{"title":"Aufkl\u00e4rungsposter - SOT Medical Systems","description":"Der Leitfaden enth\u00e4lt Messprinzipien, Parameter, Referenzwerte sowie normale\u00a0und pathologische\u00a0Testbeispiele zu arteriellen und ven\u00f6sen Messmethoden.","robots":{"index":"index","follow":"follow","max-snippet":"max-snippet:-1","max-image-preview":"max-image-preview:large","max-video-preview":"max-video-preview:-1"},"canonical":"https:\/\/www.sot-medical.com\/de\/aufklaerungsposter\/","og_locale":"de_DE","og_type":"article","og_title":"Aufkl\u00e4rungsposter - SOT Medical Systems","og_description":"Der Leitfaden enth\u00e4lt Messprinzipien, Parameter, Referenzwerte sowie normale\u00a0und pathologische\u00a0Testbeispiele zu arteriellen und ven\u00f6sen Messmethoden.","og_url":"https:\/\/www.sot-medical.com\/de\/aufklaerungsposter\/","og_site_name":"SOT Medical Systems","article_publisher":"https:\/\/www.facebook.com\/SOTMedicalSystems","article_modified_time":"2026-03-19T12:04:07+00:00","og_image":[{"width":507,"height":453,"url":"https:\/\/www.sot-medical.com\/wp-content\/uploads\/2022\/07\/leitfaden_mobile.png","type":"image\/png"}],"twitter_card":"summary_large_image","twitter_misc":{"Gesch\u00e4tzte Lesezeit":"1\u00a0Minute"},"schema":{"@context":"https:\/\/schema.org","@graph":[{"@type":"WebPage","@id":"https:\/\/www.sot-medical.com\/de\/aufklaerungsposter\/","url":"https:\/\/www.sot-medical.com\/de\/aufklaerungsposter\/","name":"Aufkl\u00e4rungsposter - SOT Medical Systems","isPartOf":{"@id":"https:\/\/www.sot-medical.com\/de\/#website"},"primaryImageOfPage":{"@id":"https:\/\/www.sot-medical.com\/de\/aufklaerungsposter\/#primaryimage"},"image":{"@id":"https:\/\/www.sot-medical.com\/de\/aufklaerungsposter\/#primaryimage"},"thumbnailUrl":"https:\/\/www.sot-medical.com\/wp-content\/uploads\/2022\/07\/leitfaden_mobile.png","datePublished":"2026-03-18T21:35:11+00:00","dateModified":"2026-03-19T12:04:07+00:00","description":"Der Leitfaden enth\u00e4lt Messprinzipien, Parameter, Referenzwerte sowie normale\u00a0und pathologische\u00a0Testbeispiele zu arteriellen und ven\u00f6sen Messmethoden.","breadcrumb":{"@id":"https:\/\/www.sot-medical.com\/de\/aufklaerungsposter\/#breadcrumb"},"inLanguage":"de","potentialAction":[{"@type":"ReadAction","target":["https:\/\/www.sot-medical.com\/de\/aufklaerungsposter\/"]}]},{"@type":"ImageObject","inLanguage":"de","@id":"https:\/\/www.sot-medical.com\/de\/aufklaerungsposter\/#primaryimage","url":"https:\/\/www.sot-medical.com\/wp-content\/uploads\/2022\/07\/leitfaden_mobile.png","contentUrl":"https:\/\/www.sot-medical.com\/wp-content\/uploads\/2022\/07\/leitfaden_mobile.png","width":507,"height":453},{"@type":"BreadcrumbList","@id":"https:\/\/www.sot-medical.com\/de\/aufklaerungsposter\/#breadcrumb","itemListElement":[{"@type":"ListItem","position":1,"name":"Home","item":"https:\/\/www.sot-medical.com\/de\/"},{"@type":"ListItem","position":2,"name":"Aufkl\u00e4rungsposter"}]},{"@type":"WebSite","@id":"https:\/\/www.sot-medical.com\/de\/#website","url":"https:\/\/www.sot-medical.com\/de\/","name":"SOT Medical Systems","description":"Advanced Medical Systems","publisher":{"@id":"https:\/\/www.sot-medical.com\/de\/#organization"},"potentialAction":[{"@type":"SearchAction","target":{"@type":"EntryPoint","urlTemplate":"https:\/\/www.sot-medical.com\/de\/?s={search_term_string}"},"query-input":{"@type":"PropertyValueSpecification","valueRequired":true,"valueName":"search_term_string"}}],"inLanguage":"de"},{"@type":"Organization","@id":"https:\/\/www.sot-medical.com\/de\/#organization","name":"SOT Medical Systems","url":"https:\/\/www.sot-medical.com\/de\/","logo":{"@type":"ImageObject","inLanguage":"de","@id":"https:\/\/www.sot-medical.com\/de\/#\/schema\/logo\/image\/","url":"https:\/\/www.sot-medical.com\/wp-content\/uploads\/2017\/03\/SOT-Negative.png","contentUrl":"https:\/\/www.sot-medical.com\/wp-content\/uploads\/2017\/03\/SOT-Negative.png","width":720,"height":345,"caption":"SOT Medical Systems"},"image":{"@id":"https:\/\/www.sot-medical.com\/de\/#\/schema\/logo\/image\/"},"sameAs":["https:\/\/www.facebook.com\/SOTMedicalSystems","https:\/\/www.linkedin.com\/company\/sonotechnik-austria","https:\/\/www.youtube.com\/user\/Sonotechnik\/"]}]}},"_links":{"self":[{"href":"https:\/\/www.sot-medical.com\/de\/wp-json\/wp\/v2\/pages\/8468","targetHints":{"allow":["GET"]}}],"collection":[{"href":"https:\/\/www.sot-medical.com\/de\/wp-json\/wp\/v2\/pages"}],"about":[{"href":"https:\/\/www.sot-medical.com\/de\/wp-json\/wp\/v2\/types\/page"}],"author":[{"embeddable":true,"href":"https:\/\/www.sot-medical.com\/de\/wp-json\/wp\/v2\/users\/1"}],"replies":[{"embeddable":true,"href":"https:\/\/www.sot-medical.com\/de\/wp-json\/wp\/v2\/comments?post=8468"}],"version-history":[{"count":2,"href":"https:\/\/www.sot-medical.com\/de\/wp-json\/wp\/v2\/pages\/8468\/revisions"}],"predecessor-version":[{"id":8498,"href":"https:\/\/www.sot-medical.com\/de\/wp-json\/wp\/v2\/pages\/8468\/revisions\/8498"}],"wp:featuredmedia":[{"embeddable":true,"href":"https:\/\/www.sot-medical.com\/de\/wp-json\/wp\/v2\/media\/4310"}],"wp:attachment":[{"href":"https:\/\/www.sot-medical.com\/de\/wp-json\/wp\/v2\/media?parent=8468"}],"curies":[{"name":"wp","href":"https:\/\/api.w.org\/{rel}","templated":true}]}}