{"id":5212,"date":"2024-02-26T12:17:37","date_gmt":"2024-02-26T10:17:37","guid":{"rendered":"https:\/\/www.sot-medical.com\/shop\/ange-basic-abi\/"},"modified":"2026-01-27T13:23:28","modified_gmt":"2026-01-27T11:23:28","slug":"ange-basic-abi","status":"publish","type":"product","link":"https:\/\/www.sot-medical.com\/de\/shop\/ange-basic-abi\/","title":{"rendered":"AngE\u2122 Basic ABI"},"content":{"rendered":"<div class=\"row my-3 p-0\">\r\n<div class=\"col-md-6\" style=\"padding:1rem\">\r\n\r\n<h3 class=\"mt-0\">AngE\u2122 Basic ABI: mobile optische Pulsoszillographie<\/h3>\r\n<p>Entdecken Sie das AngE\u2122 Basic ABI, ein fortschrittliches <strong>2-Kanal OPO\/OAD<\/strong> System f\u00fcr die Beurteilung der <strong>Mikro- und Makrozirkulation<\/strong>. Dieses kompakte und flexible Ger\u00e4t integriert einen optischen 2-Kanal-Sensor mit manuellen Druckmanschetten und erm\u00f6glicht eine effiziente und genaue Bestimmung des <strong>Kn\u00f6chel-Arm-Index<\/strong> bzw. <strong>Ankle-Brachial Index (ABI)<\/strong>.<\/p>\r\n<p>Neben der schnellen und zuverl\u00e4ssigen Bestimmung des ABI bietet das AngE\u2122 Basic ABI erweiterte Diagnosefunktionen: Es erfasst neben dem ABI auch <strong>Toe-Brachial Index (TBI), systolischen Zehendruck, Pulswellengeschwindigkeit (PWG), Pulsanstiegszeit<\/strong> und <strong>Hauttemperatur<\/strong>. Diese umfassenden Messm\u00f6glichkeiten machen das AngE\u2122 Basic zu einem unverzichtbaren Werkzeug in der Diagnostik von arteriellen Durchblutungsst\u00f6rungen wie der peripheren arteriellen Verschlusskrankheit (pAVK).<\/p>\r\n<p>Zus\u00e4tzlich bietet das AngE\u2122 Basic ABI die Flexibilit\u00e4t, bei Bedarf f\u00fcr <strong>ven\u00f6se Untersuchungen<\/strong> aufger\u00fcstet zu werden.<\/p>\r\n<\/div>\r\n<div class=\"col-md-6\" style=\"padding:1rem\">\r\n\r\n<video width=\"100%\" height=\"auto\" class=\"card\" autoplay=\"\" loop=\"\" muted=\"\" playsinline=\"\">\r\n\t\t\t\t\t\t\t\t\t<source src=\"https:\/\/www.sot-medical.com\/wp-content\/uploads\/2021\/04\/Screenflow-OPO-cropped.mp4\" type=\"video\/mp4\">\r\n\t\t\t\t\t\t\t\t<\/video>\r\n<\/div>\r\n<\/div>\r\n\r\n\r\n<div class=\"sot-embed-container my-4\">\r\n<iframe loading=\"lazy\" width=\"640\" height=\"360\" src=\"https:\/\/www.youtube-nocookie.com\/embed\/aDGlm1_fyCo?si=6IqZIAn7xYXUnqqa&#038;feature=oembed&amp;autoplay=1&amp;mute=1&amp;loop=1&amp;controls=1&amp;cc_load_policy=1&amp;color=white&amp;modestbranding=1&amp;showinfo=0&amp;rel=0\" title=\"YouTube video player\" frameborder=\"0\" allow=\"accelerometer; autoplay; clipboard-write; encrypted-media; gyroscope; picture-in-picture; web-share\" referrerpolicy=\"strict-origin-when-cross-origin\" allowfullscreen><\/iframe>\r\n<\/div>\r\n\r\n<div class=\"row my-3 p-0\">\r\n<div class=\"col-md-7\" style=\"padding:1rem\">\r\n\r\n<div class=\"card h-100\">\r\n<div class=\"card-block\">\r\n<h2 class=\"card-title\">Produktdetails<\/h2>\r\n<ul class=\"card-text\">\r\n<li>Optischer 2-Kanal PPG-Sensor kombiniert mit manuellen Druckmanschetten<\/li>\r\n<li>F\u00fcr eine schnelle und pr\u00e4zise <strong>ABI- und TBI-Messung<\/strong><\/li>\r\n<li>Erfasst ABI, TBI, Zehendruck, PWG, Pulsanstiegszeit und Hauttemperatur f\u00fcr umfassende Bewertungen<\/li>\r\n<li>Messung der Mikrozirkulation in Zehen und Fingern (OPO)<\/li>\r\n<li>Wird zur Untersuchung des Thoracic Outlet Syndroms (TOS) verwendet<\/li>\r\n<li>Flexibles und USB-betriebenes System f\u00fcr Mobilit\u00e4t und Benutzerfreundlichkeit<\/li>\r\n<li>Kann bei Bedarf f\u00fcr ven\u00f6se Untersuchungen aufger\u00fcstet werden, um die diagnostischen M\u00f6glichkeiten zu erweitern<\/li>\r\n<li>Integrierte Patientenverwaltungs- und Berichtssoftware f\u00fcr effiziente Datenanalyse, inklusive GDT-Schnittstelle<\/li>\r\n<li>2-j\u00e4hrige Garantie<\/li>\r\n<\/ul>\r\n\r\n<\/div>\r\n<\/div>\r\n\r\n<\/div>\r\n<div class=\"col-md-5\" style=\"padding:1rem\">\r\n\r\n<div class=\"card\">\r\n<div class=\"card-block\">\r\n<h2 class=\"card-title\">Weitere Ressourcen<\/h2>\r\n<p class=\"card-text\"><a href=\"https:\/\/www.sot-medical.com\/basic-abi-guide-de\" target=\"_blank\" rel=\"noopener\"><i class=\"fa fa-play fa-left\"><\/i>Schritt-f\u00fcr-Schritt-Anleitungsvideo<\/a><\/p>\r\n\r\n<\/div>\r\n<\/div>\r\n\r\n<\/div>\r\n<div class=\"col-md-7\" style=\"padding:1rem\">\r\n\r\n<div class=\"card h-100\">\r\n<div class=\"card-block\">\r\n<h2 class=\"card-title\">Lieferumfang<\/h2>\r\n\r\n<div class=\"row justify-content-center my-3\">\r\n\t\t\t\t\t\t\t\t\t\t\t\t\r\n\t\t\t\t\t\t\t<div class=\"col-md-3 text-center mb-0\">\r\n\t\t\t\t\t\t\t\t<img decoding=\"async\" src=\"https:\/\/www.sot-medical.com\/wp-content\/uploads\/2019\/03\/ange-phlebo-comp.jpg\" class=\"mb-2\" style=\"width:50%;\">\t\t\t\t\t\t\t\t<p class=\"mb-0\">AngE Phlebo PPG &#038; Software<\/p>\r\n\t\t\t\t\t\t\t\t<i class=\"box-components-plus fa fa-4x fa-left fa-plus\" style=\"display:none\"><\/i>\r\n\t\t\t\t\t\t\t<\/div>\r\n\t\t\t\t\t\r\n\t\t\t\t\t\t\t\t\t\t\t\t\r\n\t\t\t\t\t\t\t<div class=\"col-md-3 text-center mb-0\">\r\n\t\t\t\t\t\t\t\t<img decoding=\"async\" src=\"https:\/\/www.sot-medical.com\/wp-content\/uploads\/2024\/01\/manometer.png\" class=\"mb-2\" style=\"width:50%;\">\t\t\t\t\t\t\t\t<p class=\"mb-0\">Manometer<\/p>\r\n\t\t\t\t\t\t\t\t<i class=\"box-components-plus fa fa-4x fa-left fa-plus\"><\/i>\r\n\t\t\t\t\t\t\t<\/div>\r\n\t\t\t\t\t\r\n\t\t\t\t\t\t\t\t\t\t\t\t\r\n\t\t\t\t\t\t\t<div class=\"col-md-3 text-center mb-0\">\r\n\t\t\t\t\t\t\t\t<img decoding=\"async\" src=\"https:\/\/www.sot-medical.com\/wp-content\/uploads\/2022\/03\/cuffs-scaled.jpg\" class=\"mb-2\" style=\"width:50%;\">\t\t\t\t\t\t\t\t<p class=\"mb-0\">Oberarm-, Kn\u00f6chel- und Zehenmanschetten<\/p>\r\n\t\t\t\t\t\t\t\t<i class=\"box-components-plus fa fa-4x fa-left fa-plus\"><\/i>\r\n\t\t\t\t\t\t\t<\/div>\r\n\t\t\t\t\t\r\n\t\t\t\t\t\t\t\t\t\t\t\t\r\n\t\t\t\t\t\t\t<div class=\"col-md-3 text-center mb-0\">\r\n\t\t\t\t\t\t\t\t<img decoding=\"async\" src=\"https:\/\/www.sot-medical.com\/wp-content\/uploads\/2026\/01\/SOT-Backpack-cropped.png\" class=\"mb-2\" style=\"width:50%;\">\t\t\t\t\t\t\t\t<p class=\"mb-0\">Rucksack<\/p>\r\n\t\t\t\t\t\t\t\t<i class=\"box-components-plus fa fa-4x fa-left fa-plus\"><\/i>\r\n\t\t\t\t\t\t\t<\/div>\r\n\t\t\t\t\t\r\n\t\t\t\t\t\t\t\t\t\t\t\t\t<\/div>\r\n\r\n<ul class=\"card-text\">\r\n<li>AngE\u2122 Phlebo 2-Kanal PPG mit Temperatur<\/li>\r\n<li>Manometer mit Doppelschlauchanschluss<\/li>\r\n<li>2 Sensorclips <\/li>\r\n<li>1 Paar Oberarmmanschetten<\/li>\r\n<li>1 Paar Fu\u00dfgelenkmanschetten<\/li>\r\n<li>1 Paar Zehenmanschetten<\/li>\r\n<li>500 Kleberinge<\/li>\r\n<li>AngE\u2122 Software<\/li>\r\n<li>Tragetasche<\/li>\r\n<\/ul>\r\n<\/div>\r\n<\/div>\r\n\r\n<\/div>\r\n<\/div>\r\n\r\n<div class=\"alert alert-info\" role=\"alert\">\r\n  <strong>Hinweis:<\/strong> Das Produkt erfordert eine Einweisung. Unser Personal wird sich nach dem Kauf mit Ihnen bzgl. der Einweisung in Verbindung setzen. Sie erkl\u00e4ren sich mit der Einweisung und deren schriftlicher Best\u00e4tigung einverstanden.\r\n<\/div>\r\n<p><small>* Berechnet mit 1MB pro Patient bei ca. 20 Patienten pro Tag. Die Werte k\u00f6nnen je nach Art, Dauer und H\u00e4ufigkeit der Messungen stark variieren! Bei Verwendung von Software-Schnittstellen ist eine Netzwerkverbindung erforderlich. Computer nicht enthalten.<\/small><\/p>","protected":false},"excerpt":{"rendered":"<ul class=\"mb-0\">\r\n<li>Simultane ABI-Messung mit OPO\/OAD in <strong>2&nbsp;Minuten<\/strong><\/li>\r\n<li>Erfasst <strong>ABI, TBI, Zehendruck<\/strong> und <strong>PWG<\/strong><\/li>\r\n<li>Mobiles, <strong>USB-betriebenes Ger\u00e4t<\/strong><\/li>\r\n<li>Aufr\u00fcstbar f\u00fcr <strong>ven\u00f6se Untersuchungen<\/strong><\/li>\r\n<li>Inklusive Software zur <strong>Patientenverwaltung und Berichterstellung<\/strong><\/li>\r\n<li>Kompatibel mit <strong>macOS&nbsp;<i class=\"fa fa-left fa-apple\"><\/i>und Windows&nbsp;<i class=\"fa fa-left fa-windows\"><\/i><\/strong><\/li>\r\n<\/ul>\r\n<!--<p class=\"mb-3\"><strong><a href=\"https:\/\/www.sot-medical.com\/de\/?post_type=product&#038;p=5313\">Kostenlose Probestellung<\/a><\/strong> verf\u00fcgbar.<\/p>-->\r\n\r\n<h5 class=\"mt-2\">Ihre Vorteile:<\/h5>\r\n[sot-product-benefits-de]\r\n[sot-madeinAT]\r\n<!--<p style=\"margin:0px;display:inline-block\"><strong><a href=\"https:\/\/www.sot-medical.com\/de\/?post_type=product&#038;p=5313\">Kostenlose Probestellung anfordern<\/a><\/strong><\/p>-->","protected":false},"featured_media":6033,"template":"","meta":{"_acf_changed":false,"content-type":"","wikipediapreview_detectlinks":true},"product_brand":[],"product_cat":[80],"product_tag":[68,73,72,77,71,74,69,76,75,70],"class_list":{"0":"post-5212","1":"product","2":"type-product","3":"status-publish","4":"has-post-thumbnail","6":"product_cat-arterielle-diagnostik","7":"product_tag-abi-de","8":"product_tag-arteriell","9":"product_tag-hauttemperatur","10":"product_tag-morbus-raynaud","11":"product_tag-ppg-de","12":"product_tag-pwg","13":"product_tag-tbi-de","14":"product_tag-tos-de","15":"product_tag-wundheilung","16":"product_tag-zehendruck","17":"product_shipping_class-medium-de","19":"first","20":"instock","21":"taxable","22":"shipping-taxable","23":"purchasable","24":"product-type-variable"},"acf":[],"yoast_head":"<!-- This site is optimized with the Yoast SEO plugin v27.3 - https:\/\/yoast.com\/product\/yoast-seo-wordpress\/ -->\n<title>AngE\u2122 Basic ABI - SOT Medical Systems<\/title>\n<meta name=\"robots\" content=\"index, follow, max-snippet:-1, max-image-preview:large, max-video-preview:-1\" \/>\n<link rel=\"canonical\" href=\"https:\/\/www.sot-medical.com\/de\/shop\/ange-basic-abi\/\" \/>\n<meta property=\"og:locale\" content=\"de_DE\" \/>\n<meta property=\"og:type\" content=\"article\" \/>\n<meta property=\"og:title\" content=\"AngE\u2122 Basic ABI - SOT Medical Systems\" \/>\n<meta property=\"og:description\" content=\"Simultane ABI-Messung mit OPO\/OAD in 2&nbsp;Minuten Erfasst ABI, TBI, Zehendruck und PWG Mobiles, USB-betriebenes Ger\u00e4t Aufr\u00fcstbar f\u00fcr ven\u00f6se Untersuchungen Inklusive Software zur Patientenverwaltung und Berichterstellung Kompatibel mit macOS&nbsp;und Windows&nbsp;    Ihre Vorteile:\" \/>\n<meta property=\"og:url\" content=\"https:\/\/www.sot-medical.com\/de\/shop\/ange-basic-abi\/\" \/>\n<meta property=\"og:site_name\" content=\"SOT Medical Systems\" \/>\n<meta property=\"article:publisher\" content=\"https:\/\/www.facebook.com\/SOTMedicalSystems\" \/>\n<meta property=\"article:modified_time\" content=\"2026-01-27T11:23:28+00:00\" \/>\n<meta property=\"og:image\" content=\"https:\/\/www.sot-medical.com\/wp-content\/uploads\/2024\/02\/AngE-Basic-ABI-2-borderless-cropped-1-1024x1024.png\" \/>\n\t<meta property=\"og:image:width\" content=\"1024\" \/>\n\t<meta property=\"og:image:height\" content=\"1024\" \/>\n\t<meta property=\"og:image:type\" content=\"image\/png\" \/>\n<meta name=\"twitter:card\" content=\"summary_large_image\" \/>\n<meta name=\"twitter:label1\" content=\"Gesch\u00e4tzte Lesezeit\" \/>\n\t<meta name=\"twitter:data1\" content=\"3\u00a0Minuten\" \/>\n<script type=\"application\/ld+json\" class=\"yoast-schema-graph\">{\"@context\":\"https:\\\/\\\/schema.org\",\"@graph\":[{\"@type\":\"WebPage\",\"@id\":\"https:\\\/\\\/www.sot-medical.com\\\/de\\\/shop\\\/ange-basic-abi\\\/\",\"url\":\"https:\\\/\\\/www.sot-medical.com\\\/de\\\/shop\\\/ange-basic-abi\\\/\",\"name\":\"AngE\u2122 Basic ABI - SOT Medical Systems\",\"isPartOf\":{\"@id\":\"https:\\\/\\\/www.sot-medical.com\\\/de\\\/#website\"},\"primaryImageOfPage\":{\"@id\":\"https:\\\/\\\/www.sot-medical.com\\\/de\\\/shop\\\/ange-basic-abi\\\/#primaryimage\"},\"image\":{\"@id\":\"https:\\\/\\\/www.sot-medical.com\\\/de\\\/shop\\\/ange-basic-abi\\\/#primaryimage\"},\"thumbnailUrl\":\"https:\\\/\\\/www.sot-medical.com\\\/wp-content\\\/uploads\\\/2024\\\/02\\\/AngE-Basic-ABI-2-borderless-cropped-1.png\",\"datePublished\":\"2024-02-26T10:17:37+00:00\",\"dateModified\":\"2026-01-27T11:23:28+00:00\",\"breadcrumb\":{\"@id\":\"https:\\\/\\\/www.sot-medical.com\\\/de\\\/shop\\\/ange-basic-abi\\\/#breadcrumb\"},\"inLanguage\":\"de\",\"potentialAction\":[{\"@type\":\"ReadAction\",\"target\":[\"https:\\\/\\\/www.sot-medical.com\\\/de\\\/shop\\\/ange-basic-abi\\\/\"]}]},{\"@type\":\"ImageObject\",\"inLanguage\":\"de\",\"@id\":\"https:\\\/\\\/www.sot-medical.com\\\/de\\\/shop\\\/ange-basic-abi\\\/#primaryimage\",\"url\":\"https:\\\/\\\/www.sot-medical.com\\\/wp-content\\\/uploads\\\/2024\\\/02\\\/AngE-Basic-ABI-2-borderless-cropped-1.png\",\"contentUrl\":\"https:\\\/\\\/www.sot-medical.com\\\/wp-content\\\/uploads\\\/2024\\\/02\\\/AngE-Basic-ABI-2-borderless-cropped-1.png\",\"width\":3158,\"height\":3158},{\"@type\":\"BreadcrumbList\",\"@id\":\"https:\\\/\\\/www.sot-medical.com\\\/de\\\/shop\\\/ange-basic-abi\\\/#breadcrumb\",\"itemListElement\":[{\"@type\":\"ListItem\",\"position\":1,\"name\":\"Home\",\"item\":\"https:\\\/\\\/www.sot-medical.com\\\/de\\\/\"},{\"@type\":\"ListItem\",\"position\":2,\"name\":\"SOT Shop\",\"item\":\"https:\\\/\\\/www.sot-medical.com\\\/de\\\/shop\\\/\"},{\"@type\":\"ListItem\",\"position\":3,\"name\":\"AngE\u2122 Basic ABI\"}]},{\"@type\":\"WebSite\",\"@id\":\"https:\\\/\\\/www.sot-medical.com\\\/de\\\/#website\",\"url\":\"https:\\\/\\\/www.sot-medical.com\\\/de\\\/\",\"name\":\"SOT Medical Systems\",\"description\":\"Advanced Medical Systems\",\"publisher\":{\"@id\":\"https:\\\/\\\/www.sot-medical.com\\\/de\\\/#organization\"},\"potentialAction\":[{\"@type\":\"SearchAction\",\"target\":{\"@type\":\"EntryPoint\",\"urlTemplate\":\"https:\\\/\\\/www.sot-medical.com\\\/de\\\/?s={search_term_string}\"},\"query-input\":{\"@type\":\"PropertyValueSpecification\",\"valueRequired\":true,\"valueName\":\"search_term_string\"}}],\"inLanguage\":\"de\"},{\"@type\":\"Organization\",\"@id\":\"https:\\\/\\\/www.sot-medical.com\\\/de\\\/#organization\",\"name\":\"SOT Medical Systems\",\"url\":\"https:\\\/\\\/www.sot-medical.com\\\/de\\\/\",\"logo\":{\"@type\":\"ImageObject\",\"inLanguage\":\"de\",\"@id\":\"https:\\\/\\\/www.sot-medical.com\\\/de\\\/#\\\/schema\\\/logo\\\/image\\\/\",\"url\":\"https:\\\/\\\/www.sot-medical.com\\\/wp-content\\\/uploads\\\/2017\\\/03\\\/SOT-Negative.png\",\"contentUrl\":\"https:\\\/\\\/www.sot-medical.com\\\/wp-content\\\/uploads\\\/2017\\\/03\\\/SOT-Negative.png\",\"width\":720,\"height\":345,\"caption\":\"SOT Medical Systems\"},\"image\":{\"@id\":\"https:\\\/\\\/www.sot-medical.com\\\/de\\\/#\\\/schema\\\/logo\\\/image\\\/\"},\"sameAs\":[\"https:\\\/\\\/www.facebook.com\\\/SOTMedicalSystems\",\"https:\\\/\\\/www.linkedin.com\\\/company\\\/sonotechnik-austria\",\"https:\\\/\\\/www.youtube.com\\\/user\\\/Sonotechnik\\\/\"]}]}<\/script>\n<!-- \/ Yoast SEO plugin. -->","yoast_head_json":{"title":"AngE\u2122 Basic ABI - SOT Medical Systems","robots":{"index":"index","follow":"follow","max-snippet":"max-snippet:-1","max-image-preview":"max-image-preview:large","max-video-preview":"max-video-preview:-1"},"canonical":"https:\/\/www.sot-medical.com\/de\/shop\/ange-basic-abi\/","og_locale":"de_DE","og_type":"article","og_title":"AngE\u2122 Basic ABI - SOT Medical Systems","og_description":"Simultane ABI-Messung mit OPO\/OAD in 2&nbsp;Minuten Erfasst ABI, TBI, Zehendruck und PWG Mobiles, USB-betriebenes Ger\u00e4t Aufr\u00fcstbar f\u00fcr ven\u00f6se Untersuchungen Inklusive Software zur Patientenverwaltung und Berichterstellung Kompatibel mit macOS&nbsp;und Windows&nbsp;    Ihre Vorteile:","og_url":"https:\/\/www.sot-medical.com\/de\/shop\/ange-basic-abi\/","og_site_name":"SOT Medical Systems","article_publisher":"https:\/\/www.facebook.com\/SOTMedicalSystems","article_modified_time":"2026-01-27T11:23:28+00:00","og_image":[{"width":1024,"height":1024,"url":"https:\/\/www.sot-medical.com\/wp-content\/uploads\/2024\/02\/AngE-Basic-ABI-2-borderless-cropped-1-1024x1024.png","type":"image\/png"}],"twitter_card":"summary_large_image","twitter_misc":{"Gesch\u00e4tzte Lesezeit":"3\u00a0Minuten"},"schema":{"@context":"https:\/\/schema.org","@graph":[{"@type":"WebPage","@id":"https:\/\/www.sot-medical.com\/de\/shop\/ange-basic-abi\/","url":"https:\/\/www.sot-medical.com\/de\/shop\/ange-basic-abi\/","name":"AngE\u2122 Basic ABI - SOT Medical Systems","isPartOf":{"@id":"https:\/\/www.sot-medical.com\/de\/#website"},"primaryImageOfPage":{"@id":"https:\/\/www.sot-medical.com\/de\/shop\/ange-basic-abi\/#primaryimage"},"image":{"@id":"https:\/\/www.sot-medical.com\/de\/shop\/ange-basic-abi\/#primaryimage"},"thumbnailUrl":"https:\/\/www.sot-medical.com\/wp-content\/uploads\/2024\/02\/AngE-Basic-ABI-2-borderless-cropped-1.png","datePublished":"2024-02-26T10:17:37+00:00","dateModified":"2026-01-27T11:23:28+00:00","breadcrumb":{"@id":"https:\/\/www.sot-medical.com\/de\/shop\/ange-basic-abi\/#breadcrumb"},"inLanguage":"de","potentialAction":[{"@type":"ReadAction","target":["https:\/\/www.sot-medical.com\/de\/shop\/ange-basic-abi\/"]}]},{"@type":"ImageObject","inLanguage":"de","@id":"https:\/\/www.sot-medical.com\/de\/shop\/ange-basic-abi\/#primaryimage","url":"https:\/\/www.sot-medical.com\/wp-content\/uploads\/2024\/02\/AngE-Basic-ABI-2-borderless-cropped-1.png","contentUrl":"https:\/\/www.sot-medical.com\/wp-content\/uploads\/2024\/02\/AngE-Basic-ABI-2-borderless-cropped-1.png","width":3158,"height":3158},{"@type":"BreadcrumbList","@id":"https:\/\/www.sot-medical.com\/de\/shop\/ange-basic-abi\/#breadcrumb","itemListElement":[{"@type":"ListItem","position":1,"name":"Home","item":"https:\/\/www.sot-medical.com\/de\/"},{"@type":"ListItem","position":2,"name":"SOT Shop","item":"https:\/\/www.sot-medical.com\/de\/shop\/"},{"@type":"ListItem","position":3,"name":"AngE\u2122 Basic ABI"}]},{"@type":"WebSite","@id":"https:\/\/www.sot-medical.com\/de\/#website","url":"https:\/\/www.sot-medical.com\/de\/","name":"SOT Medical Systems","description":"Advanced Medical Systems","publisher":{"@id":"https:\/\/www.sot-medical.com\/de\/#organization"},"potentialAction":[{"@type":"SearchAction","target":{"@type":"EntryPoint","urlTemplate":"https:\/\/www.sot-medical.com\/de\/?s={search_term_string}"},"query-input":{"@type":"PropertyValueSpecification","valueRequired":true,"valueName":"search_term_string"}}],"inLanguage":"de"},{"@type":"Organization","@id":"https:\/\/www.sot-medical.com\/de\/#organization","name":"SOT Medical Systems","url":"https:\/\/www.sot-medical.com\/de\/","logo":{"@type":"ImageObject","inLanguage":"de","@id":"https:\/\/www.sot-medical.com\/de\/#\/schema\/logo\/image\/","url":"https:\/\/www.sot-medical.com\/wp-content\/uploads\/2017\/03\/SOT-Negative.png","contentUrl":"https:\/\/www.sot-medical.com\/wp-content\/uploads\/2017\/03\/SOT-Negative.png","width":720,"height":345,"caption":"SOT Medical Systems"},"image":{"@id":"https:\/\/www.sot-medical.com\/de\/#\/schema\/logo\/image\/"},"sameAs":["https:\/\/www.facebook.com\/SOTMedicalSystems","https:\/\/www.linkedin.com\/company\/sonotechnik-austria","https:\/\/www.youtube.com\/user\/Sonotechnik\/"]}]}},"_links":{"self":[{"href":"https:\/\/www.sot-medical.com\/de\/wp-json\/wp\/v2\/product\/5212","targetHints":{"allow":["GET"]}}],"collection":[{"href":"https:\/\/www.sot-medical.com\/de\/wp-json\/wp\/v2\/product"}],"about":[{"href":"https:\/\/www.sot-medical.com\/de\/wp-json\/wp\/v2\/types\/product"}],"wp:featuredmedia":[{"embeddable":true,"href":"https:\/\/www.sot-medical.com\/de\/wp-json\/wp\/v2\/media\/6033"}],"wp:attachment":[{"href":"https:\/\/www.sot-medical.com\/de\/wp-json\/wp\/v2\/media?parent=5212"}],"wp:term":[{"taxonomy":"product_brand","embeddable":true,"href":"https:\/\/www.sot-medical.com\/de\/wp-json\/wp\/v2\/product_brand?post=5212"},{"taxonomy":"product_cat","embeddable":true,"href":"https:\/\/www.sot-medical.com\/de\/wp-json\/wp\/v2\/product_cat?post=5212"},{"taxonomy":"product_tag","embeddable":true,"href":"https:\/\/www.sot-medical.com\/de\/wp-json\/wp\/v2\/product_tag?post=5212"}],"curies":[{"name":"wp","href":"https:\/\/api.w.org\/{rel}","templated":true}]}}