{"id":5276,"date":"2024-03-26T17:39:12","date_gmt":"2024-03-26T15:39:12","guid":{"rendered":"https:\/\/www.sot-medical.com\/shop\/ange-phlebo-venoes\/"},"modified":"2026-01-27T13:25:50","modified_gmt":"2026-01-27T11:25:50","slug":"ange-phlebo-venoes","status":"publish","type":"product","link":"https:\/\/www.sot-medical.com\/de\/shop\/ange-phlebo-venoes\/","title":{"rendered":"AngE\u2122 Phlebo"},"content":{"rendered":"<div class=\"row my-3 p-0\">\r\n<div class=\"col-md-6\" style=\"padding:1rem\">\r\n\r\n<h3 class=\"mt-0\">AngE\u2122 Phlebo Ven\u00f6s \u2013\u00a0Ger\u00e4t zur Venenfunktionsmessung<\/h3>\r\n<p>Das <strong>AngE\u2122 Phlebo Ven\u00f6s<\/strong> ist ein kompaktes und flexibles 2-Kanal D-PPG\/LRR-Ger\u00e4t, das speziell f\u00fcr ven\u00f6se Messungen entwickelt wurde. Es erm\u00f6glicht die Beurteilung der <strong>Venenfunktion<\/strong>, einschlie\u00dflich der <strong>Muskelpumpe<\/strong> und der <strong>Venenklappen<\/strong>.<\/p><p>Das USB-betriebene System berechnet das Pumpvolumen, die ven\u00f6se F\u00fcllungszeit und die ven\u00f6se Halbwertszeit und zeigt die Ergebnisse in einer einfach zu interpretierenden Ampelanzeige an. Mit der mitgelieferten Software k\u00f6nnen Patienten sicher verwaltet und analysiert werden.<\/p>\r\n<\/div>\r\n<div class=\"col-md-6\" style=\"padding:1rem\">\r\n\r\n<video width=\"100%\" height=\"auto\" class=\"card\" autoplay=\"\" loop=\"\" muted=\"\" playsinline=\"\">\r\n\t\t\t\t\t\t\t\t\t<source src=\"https:\/\/www.sot-medical.com\/wp-content\/uploads\/2021\/04\/Screenflow-DPPG-cropped.mp4\" type=\"video\/mp4\">\r\n\t\t\t\t\t\t\t\t<\/video>\r\n<\/div>\r\n<\/div>\r\n\r\n\r\n<div class=\"sot-embed-container my-4\">\r\n<iframe loading=\"lazy\" width=\"640\" height=\"360\" src=\"https:\/\/www.youtube-nocookie.com\/embed\/8hd5LARQR4Q?si=g0Vvlc_OTdcxugBx&#038;feature=oembed&amp;autoplay=1&amp;mute=1&amp;loop=1&amp;controls=1&amp;cc_load_policy=1&amp;color=white&amp;modestbranding=1&amp;showinfo=0&amp;rel=0\" title=\"YouTube video player\" frameborder=\"0\" allow=\"accelerometer; autoplay; clipboard-write; encrypted-media; gyroscope; picture-in-picture; web-share\" referrerpolicy=\"strict-origin-when-cross-origin\" allowfullscreen><\/iframe>\r\n<\/div>\r\n\r\n\r\n<div class=\"row my-3 p-0\">\r\n<div class=\"col-md-7\" style=\"padding:1rem\">\r\n\r\n<div class=\"card h-100\">\r\n<div class=\"card-block\">\r\n<h2 class=\"card-title\">Produktdetails<\/h2>\r\n<ul class=\"card-text\">\r\n<li>USB-betriebenes 2-Kanal D-PPG\/LRR Ger\u00e4t f\u00fcr ven\u00f6se Messungen<\/li>\r\n<li>Kompaktes Design f\u00fcr einfache Handhabung<\/li>\r\n<li>Erm\u00f6glicht die Beurteilung der Muskelpumpe und der Venenklappen<\/li>\r\n<li>Berechnet Pumpvolumen, ven\u00f6se F\u00fcllungszeit und ven\u00f6se Halbwertszeit<\/li>\r\n<li>Ergebnisse werden in einer Ampelanzeige dargestellt<\/li>\r\n<li>Ideal f\u00fcr die schnelle Diagnose von Venenklappeninsuffizienz<\/li>\r\n<li>Unterst\u00fctzt die Verwendung von Tourniquet-Manschetten<\/li>\r\n<li>Erm\u00f6glicht die Unterscheidung zwischen oberfl\u00e4chlichen und tiefen Venenproblemen<\/li>\r\n<li>Mit Software zur Verwaltung und Analyse<\/li>\r\n<li>Kann f\u00fcr arterielle Untersuchungen aufger\u00fcstet werden<\/li>\r\n<li>Medizinprodukt der Klasse IIa mit GDT-Schnittstelle<\/li>\r\n<li>Entwickelt und hergestellt nach h\u00f6chsten Qualit\u00e4tsstandards in \u00d6sterreich<\/li>\r\n<li>Kompatibel mit DICOM\/HL7 (optional)<\/li>\r\n<\/ul>\r\n\r\n<\/div>\r\n<\/div>\r\n\r\n<\/div>\r\n<div class=\"col-md-5\" style=\"padding:1rem\">\r\n\r\n<div class=\"card\">\r\n<div class=\"card-block\">\r\n<h2 class=\"card-title\">Weitere Ressourcen<\/h2>\r\n<p class=\"card-text\"><a href=\"https:\/\/www.sot-medical.com\/phlebo-venoes-guide-de\" target=\"_blank\" rel=\"noopener\"><i class=\"fa fa-play fa-left\"><\/i>Schritt-f\u00fcr-Schritt-Anleitungsvideo<\/a><\/p>\r\n<\/div>\r\n<\/div>\r\n\r\n<\/div>\r\n<div class=\"col-md-7\" style=\"padding:1rem\">\r\n\r\n<div class=\"card h-100\">\r\n<div class=\"card-block\">\r\n<h2 class=\"card-title\">Lieferumfang<\/h2>\r\n\r\n<div class=\"row justify-content-center my-3\">\r\n\t\t\t\t\t\t\t\t\t\t\t\t\r\n\t\t\t\t\t\t\t<div class=\"col-md-3 text-center mb-0\">\r\n\t\t\t\t\t\t\t\t<img decoding=\"async\" src=\"https:\/\/www.sot-medical.com\/wp-content\/uploads\/2019\/03\/ange-phlebo-comp.jpg\" class=\"mb-2\" style=\"width:50%;\">\t\t\t\t\t\t\t\t<p class=\"mb-0\">AngE Phlebo PPG &#038; Software<\/p>\r\n\t\t\t\t\t\t\t\t<i class=\"box-components-plus fa fa-4x fa-left fa-plus\" style=\"display:none\"><\/i>\r\n\t\t\t\t\t\t\t<\/div>\r\n\t\t\t\t\t\r\n\t\t\t\t\t\t\t\t\t\t\t\t\r\n\t\t\t\t\t\t\t<div class=\"col-md-3 text-center mb-0\">\r\n\t\t\t\t\t\t\t\t<img decoding=\"async\" src=\"https:\/\/www.sot-medical.com\/wp-content\/uploads\/2024\/01\/manometer.png\" class=\"mb-2\" style=\"width:50%;\">\t\t\t\t\t\t\t\t<p class=\"mb-0\">Manometer + Tourniquet Manschetten<\/p>\r\n\t\t\t\t\t\t\t\t<i class=\"box-components-plus fa fa-4x fa-left fa-plus\"><\/i>\r\n\t\t\t\t\t\t\t<\/div>\r\n\t\t\t\t\t\r\n\t\t\t\t\t\t\t\t\t\t\t\t\r\n\t\t\t\t\t\t\t<div class=\"col-md-3 text-center mb-0\">\r\n\t\t\t\t\t\t\t\t<img decoding=\"async\" src=\"https:\/\/www.sot-medical.com\/wp-content\/uploads\/2019\/03\/adhesive-rings-cropped2.jpg\" class=\"mb-2\" style=\"width:50%;\">\t\t\t\t\t\t\t\t<p class=\"mb-0\">Kleberinge<\/p>\r\n\t\t\t\t\t\t\t\t<i class=\"box-components-plus fa fa-4x fa-left fa-plus\"><\/i>\r\n\t\t\t\t\t\t\t<\/div>\r\n\t\t\t\t\t\r\n\t\t\t\t\t\t\t\t\t\t\t\t\r\n\t\t\t\t\t\t\t<div class=\"col-md-3 text-center mb-0\">\r\n\t\t\t\t\t\t\t\t<img decoding=\"async\" src=\"https:\/\/www.sot-medical.com\/wp-content\/uploads\/2026\/01\/SOT-Backpack-cropped.png\" class=\"mb-2\" style=\"width:50%;\">\t\t\t\t\t\t\t\t<p class=\"mb-0\">Rucksack<\/p>\r\n\t\t\t\t\t\t\t\t<i class=\"box-components-plus fa fa-4x fa-left fa-plus\"><\/i>\r\n\t\t\t\t\t\t\t<\/div>\r\n\t\t\t\t\t\r\n\t\t\t\t\t\t\t\t\t\t\t\t\t<\/div>\r\n\r\n<ul class=\"card-text\">\r\n<li>AngE\u2122 Phlebo 2-Kanal PPG mit Temperatur<\/li>\r\n<li>1 Paar Tourniquet-Manschetten<\/li>\r\n<li>Druckmessger\u00e4t mit Doppelschlauchanschluss<\/li>\r\n<li>500 Kleberinge<\/li>\r\n<li>AngE\u2122 Software<\/li>\r\n<li>Tragetasche<\/li>\r\n<\/ul>\r\n<\/div>\r\n<\/div>\r\n\r\n<\/div>\r\n<\/div>\r\n\r\n<div class=\"alert alert-info\" role=\"alert\">\r\n  <strong>Hinweis:<\/strong> Das Produkt erfordert eine Einweisung. Unser Personal wird sich nach dem Kauf mit Ihnen bzgl. der Einweisung in Verbindung setzen. Sie erkl\u00e4ren sich mit der Einweisung und deren schriftlicher Best\u00e4tigung einverstanden.\r\n<\/div>\r\n<p><small>* Berechnet mit 1MB pro Patient bei ca. 20 Patienten pro Tag. Die Werte k\u00f6nnen je nach Art, Dauer und H\u00e4ufigkeit der Messungen stark variieren! Bei Verwendung von Software-Schnittstellen ist eine Netzwerkverbindung erforderlich. Computer nicht enthalten.<\/small><\/p>\r\n","protected":false},"excerpt":{"rendered":"<ul class=\"mb-0\">\r\n<li>Erm\u00f6glicht die simultane Messung der <strong>Venenfunktion<\/strong><\/li>\r\n<li>Erm\u00f6glicht die Beurteilung der Muskelpumpe und der Venenklappen<\/li>\r\n<li>Unterscheidet zwischen oberfl\u00e4chlichen und tiefen <strong>Venenproblemen<\/strong><\/li>\r\n<li>Berechnet das <strong>Pumpvolumen<\/strong>, die <strong>ven\u00f6se F\u00fcllzeit<\/strong> und die <strong>Halbwertszeit<\/strong><\/li>\r\n<li>Ideales Instrument zur Diagnose von <strong>Venenklappeninsuffizienz<\/strong> und CVI &#8211; Chronische <strong>Veneninsuffizienz<\/strong><\/li>\r\n<li>Kompatibel mit <strong>macOS&nbsp;<i class=\"fa fa-left fa-apple\"><\/i>und Windows&nbsp;<i class=\"fa fa-left fa-windows\"><\/i><\/strong><\/li>\r\n<\/ul>\r\n\r\n\r\n<h5 class=\"mt-2\">Ihre Vorteile:<\/h5>\r\n[sot-product-benefits-de]\r\n[sot-madeinAT]\r\n<!--<p style=\"margin:0px;display:inline-block\"><strong><a href=\"https:\/\/www.sot-medical.com\/de\/?post_type=product&#038;p=5313\">Kostenlose Probestellung anfordern<\/a><\/strong><\/p>-->","protected":false},"featured_media":6035,"template":"","meta":{"_acf_changed":false,"content-type":"","wikipediapreview_detectlinks":true},"product_brand":[],"product_cat":[89],"product_tag":[90,92,91],"class_list":{"0":"post-5276","1":"product","2":"type-product","3":"status-publish","4":"has-post-thumbnail","6":"product_cat-venose-diagnostik","7":"product_tag-cvi-de","8":"product_tag-venenklappeninsuffizienz","9":"product_tag-venos","10":"product_shipping_class-medium-de","12":"first","13":"instock","14":"taxable","15":"shipping-taxable","16":"purchasable","17":"product-type-variable"},"acf":[],"yoast_head":"<!-- This site is optimized with the Yoast SEO plugin v27.3 - https:\/\/yoast.com\/product\/yoast-seo-wordpress\/ -->\n<title>AngE\u2122 Phlebo - SOT Medical Systems<\/title>\n<meta name=\"robots\" content=\"index, follow, max-snippet:-1, max-image-preview:large, max-video-preview:-1\" \/>\n<link rel=\"canonical\" href=\"https:\/\/www.sot-medical.com\/de\/shop\/ange-phlebo-venoes\/\" \/>\n<meta property=\"og:locale\" content=\"de_DE\" \/>\n<meta property=\"og:type\" content=\"article\" \/>\n<meta property=\"og:title\" content=\"AngE\u2122 Phlebo - SOT Medical Systems\" \/>\n<meta property=\"og:description\" content=\"Erm\u00f6glicht die simultane Messung der Venenfunktion Erm\u00f6glicht die Beurteilung der Muskelpumpe und der Venenklappen Unterscheidet zwischen oberfl\u00e4chlichen und tiefen Venenproblemen Berechnet das Pumpvolumen, die ven\u00f6se F\u00fcllzeit und die Halbwertszeit Ideales Instrument zur Diagnose von Venenklappeninsuffizienz und CVI - Chronische Veneninsuffizienz Kompatibel mit macOS&nbsp;und Windows&nbsp;    Ihre Vorteile:\" \/>\n<meta property=\"og:url\" content=\"https:\/\/www.sot-medical.com\/de\/shop\/ange-phlebo-venoes\/\" \/>\n<meta property=\"og:site_name\" content=\"SOT Medical Systems\" \/>\n<meta property=\"article:publisher\" content=\"https:\/\/www.facebook.com\/SOTMedicalSystems\" \/>\n<meta property=\"article:modified_time\" content=\"2026-01-27T11:25:50+00:00\" \/>\n<meta property=\"og:image\" content=\"https:\/\/www.sot-medical.com\/wp-content\/uploads\/2024\/03\/PhleboTopCableFlipOn.png\" \/>\n\t<meta property=\"og:image:width\" content=\"2700\" \/>\n\t<meta property=\"og:image:height\" content=\"2700\" \/>\n\t<meta property=\"og:image:type\" content=\"image\/png\" \/>\n<meta name=\"twitter:card\" content=\"summary_large_image\" \/>\n<meta name=\"twitter:label1\" content=\"Gesch\u00e4tzte Lesezeit\" \/>\n\t<meta name=\"twitter:data1\" content=\"3\u00a0Minuten\" \/>\n<script type=\"application\/ld+json\" class=\"yoast-schema-graph\">{\"@context\":\"https:\\\/\\\/schema.org\",\"@graph\":[{\"@type\":\"WebPage\",\"@id\":\"https:\\\/\\\/www.sot-medical.com\\\/de\\\/shop\\\/ange-phlebo-venoes\\\/\",\"url\":\"https:\\\/\\\/www.sot-medical.com\\\/de\\\/shop\\\/ange-phlebo-venoes\\\/\",\"name\":\"AngE\u2122 Phlebo - SOT Medical Systems\",\"isPartOf\":{\"@id\":\"https:\\\/\\\/www.sot-medical.com\\\/de\\\/#website\"},\"primaryImageOfPage\":{\"@id\":\"https:\\\/\\\/www.sot-medical.com\\\/de\\\/shop\\\/ange-phlebo-venoes\\\/#primaryimage\"},\"image\":{\"@id\":\"https:\\\/\\\/www.sot-medical.com\\\/de\\\/shop\\\/ange-phlebo-venoes\\\/#primaryimage\"},\"thumbnailUrl\":\"https:\\\/\\\/www.sot-medical.com\\\/wp-content\\\/uploads\\\/2024\\\/03\\\/PhleboTopCableFlipOn.png\",\"datePublished\":\"2024-03-26T15:39:12+00:00\",\"dateModified\":\"2026-01-27T11:25:50+00:00\",\"breadcrumb\":{\"@id\":\"https:\\\/\\\/www.sot-medical.com\\\/de\\\/shop\\\/ange-phlebo-venoes\\\/#breadcrumb\"},\"inLanguage\":\"de\",\"potentialAction\":[{\"@type\":\"ReadAction\",\"target\":[\"https:\\\/\\\/www.sot-medical.com\\\/de\\\/shop\\\/ange-phlebo-venoes\\\/\"]}]},{\"@type\":\"ImageObject\",\"inLanguage\":\"de\",\"@id\":\"https:\\\/\\\/www.sot-medical.com\\\/de\\\/shop\\\/ange-phlebo-venoes\\\/#primaryimage\",\"url\":\"https:\\\/\\\/www.sot-medical.com\\\/wp-content\\\/uploads\\\/2024\\\/03\\\/PhleboTopCableFlipOn.png\",\"contentUrl\":\"https:\\\/\\\/www.sot-medical.com\\\/wp-content\\\/uploads\\\/2024\\\/03\\\/PhleboTopCableFlipOn.png\",\"width\":2700,\"height\":2700},{\"@type\":\"BreadcrumbList\",\"@id\":\"https:\\\/\\\/www.sot-medical.com\\\/de\\\/shop\\\/ange-phlebo-venoes\\\/#breadcrumb\",\"itemListElement\":[{\"@type\":\"ListItem\",\"position\":1,\"name\":\"Home\",\"item\":\"https:\\\/\\\/www.sot-medical.com\\\/de\\\/\"},{\"@type\":\"ListItem\",\"position\":2,\"name\":\"SOT Shop\",\"item\":\"https:\\\/\\\/www.sot-medical.com\\\/de\\\/shop\\\/\"},{\"@type\":\"ListItem\",\"position\":3,\"name\":\"AngE\u2122 Phlebo\"}]},{\"@type\":\"WebSite\",\"@id\":\"https:\\\/\\\/www.sot-medical.com\\\/de\\\/#website\",\"url\":\"https:\\\/\\\/www.sot-medical.com\\\/de\\\/\",\"name\":\"SOT Medical Systems\",\"description\":\"Advanced Medical Systems\",\"publisher\":{\"@id\":\"https:\\\/\\\/www.sot-medical.com\\\/de\\\/#organization\"},\"potentialAction\":[{\"@type\":\"SearchAction\",\"target\":{\"@type\":\"EntryPoint\",\"urlTemplate\":\"https:\\\/\\\/www.sot-medical.com\\\/de\\\/?s={search_term_string}\"},\"query-input\":{\"@type\":\"PropertyValueSpecification\",\"valueRequired\":true,\"valueName\":\"search_term_string\"}}],\"inLanguage\":\"de\"},{\"@type\":\"Organization\",\"@id\":\"https:\\\/\\\/www.sot-medical.com\\\/de\\\/#organization\",\"name\":\"SOT Medical Systems\",\"url\":\"https:\\\/\\\/www.sot-medical.com\\\/de\\\/\",\"logo\":{\"@type\":\"ImageObject\",\"inLanguage\":\"de\",\"@id\":\"https:\\\/\\\/www.sot-medical.com\\\/de\\\/#\\\/schema\\\/logo\\\/image\\\/\",\"url\":\"https:\\\/\\\/www.sot-medical.com\\\/wp-content\\\/uploads\\\/2017\\\/03\\\/SOT-Negative.png\",\"contentUrl\":\"https:\\\/\\\/www.sot-medical.com\\\/wp-content\\\/uploads\\\/2017\\\/03\\\/SOT-Negative.png\",\"width\":720,\"height\":345,\"caption\":\"SOT Medical Systems\"},\"image\":{\"@id\":\"https:\\\/\\\/www.sot-medical.com\\\/de\\\/#\\\/schema\\\/logo\\\/image\\\/\"},\"sameAs\":[\"https:\\\/\\\/www.facebook.com\\\/SOTMedicalSystems\",\"https:\\\/\\\/www.linkedin.com\\\/company\\\/sonotechnik-austria\",\"https:\\\/\\\/www.youtube.com\\\/user\\\/Sonotechnik\\\/\"]}]}<\/script>\n<!-- \/ Yoast SEO plugin. -->","yoast_head_json":{"title":"AngE\u2122 Phlebo - SOT Medical Systems","robots":{"index":"index","follow":"follow","max-snippet":"max-snippet:-1","max-image-preview":"max-image-preview:large","max-video-preview":"max-video-preview:-1"},"canonical":"https:\/\/www.sot-medical.com\/de\/shop\/ange-phlebo-venoes\/","og_locale":"de_DE","og_type":"article","og_title":"AngE\u2122 Phlebo - SOT Medical Systems","og_description":"Erm\u00f6glicht die simultane Messung der Venenfunktion Erm\u00f6glicht die Beurteilung der Muskelpumpe und der Venenklappen Unterscheidet zwischen oberfl\u00e4chlichen und tiefen Venenproblemen Berechnet das Pumpvolumen, die ven\u00f6se F\u00fcllzeit und die Halbwertszeit Ideales Instrument zur Diagnose von Venenklappeninsuffizienz und CVI - Chronische Veneninsuffizienz Kompatibel mit macOS&nbsp;und Windows&nbsp;    Ihre Vorteile:","og_url":"https:\/\/www.sot-medical.com\/de\/shop\/ange-phlebo-venoes\/","og_site_name":"SOT Medical Systems","article_publisher":"https:\/\/www.facebook.com\/SOTMedicalSystems","article_modified_time":"2026-01-27T11:25:50+00:00","og_image":[{"width":2700,"height":2700,"url":"https:\/\/www.sot-medical.com\/wp-content\/uploads\/2024\/03\/PhleboTopCableFlipOn.png","type":"image\/png"}],"twitter_card":"summary_large_image","twitter_misc":{"Gesch\u00e4tzte Lesezeit":"3\u00a0Minuten"},"schema":{"@context":"https:\/\/schema.org","@graph":[{"@type":"WebPage","@id":"https:\/\/www.sot-medical.com\/de\/shop\/ange-phlebo-venoes\/","url":"https:\/\/www.sot-medical.com\/de\/shop\/ange-phlebo-venoes\/","name":"AngE\u2122 Phlebo - SOT Medical Systems","isPartOf":{"@id":"https:\/\/www.sot-medical.com\/de\/#website"},"primaryImageOfPage":{"@id":"https:\/\/www.sot-medical.com\/de\/shop\/ange-phlebo-venoes\/#primaryimage"},"image":{"@id":"https:\/\/www.sot-medical.com\/de\/shop\/ange-phlebo-venoes\/#primaryimage"},"thumbnailUrl":"https:\/\/www.sot-medical.com\/wp-content\/uploads\/2024\/03\/PhleboTopCableFlipOn.png","datePublished":"2024-03-26T15:39:12+00:00","dateModified":"2026-01-27T11:25:50+00:00","breadcrumb":{"@id":"https:\/\/www.sot-medical.com\/de\/shop\/ange-phlebo-venoes\/#breadcrumb"},"inLanguage":"de","potentialAction":[{"@type":"ReadAction","target":["https:\/\/www.sot-medical.com\/de\/shop\/ange-phlebo-venoes\/"]}]},{"@type":"ImageObject","inLanguage":"de","@id":"https:\/\/www.sot-medical.com\/de\/shop\/ange-phlebo-venoes\/#primaryimage","url":"https:\/\/www.sot-medical.com\/wp-content\/uploads\/2024\/03\/PhleboTopCableFlipOn.png","contentUrl":"https:\/\/www.sot-medical.com\/wp-content\/uploads\/2024\/03\/PhleboTopCableFlipOn.png","width":2700,"height":2700},{"@type":"BreadcrumbList","@id":"https:\/\/www.sot-medical.com\/de\/shop\/ange-phlebo-venoes\/#breadcrumb","itemListElement":[{"@type":"ListItem","position":1,"name":"Home","item":"https:\/\/www.sot-medical.com\/de\/"},{"@type":"ListItem","position":2,"name":"SOT Shop","item":"https:\/\/www.sot-medical.com\/de\/shop\/"},{"@type":"ListItem","position":3,"name":"AngE\u2122 Phlebo"}]},{"@type":"WebSite","@id":"https:\/\/www.sot-medical.com\/de\/#website","url":"https:\/\/www.sot-medical.com\/de\/","name":"SOT Medical Systems","description":"Advanced Medical Systems","publisher":{"@id":"https:\/\/www.sot-medical.com\/de\/#organization"},"potentialAction":[{"@type":"SearchAction","target":{"@type":"EntryPoint","urlTemplate":"https:\/\/www.sot-medical.com\/de\/?s={search_term_string}"},"query-input":{"@type":"PropertyValueSpecification","valueRequired":true,"valueName":"search_term_string"}}],"inLanguage":"de"},{"@type":"Organization","@id":"https:\/\/www.sot-medical.com\/de\/#organization","name":"SOT Medical Systems","url":"https:\/\/www.sot-medical.com\/de\/","logo":{"@type":"ImageObject","inLanguage":"de","@id":"https:\/\/www.sot-medical.com\/de\/#\/schema\/logo\/image\/","url":"https:\/\/www.sot-medical.com\/wp-content\/uploads\/2017\/03\/SOT-Negative.png","contentUrl":"https:\/\/www.sot-medical.com\/wp-content\/uploads\/2017\/03\/SOT-Negative.png","width":720,"height":345,"caption":"SOT Medical Systems"},"image":{"@id":"https:\/\/www.sot-medical.com\/de\/#\/schema\/logo\/image\/"},"sameAs":["https:\/\/www.facebook.com\/SOTMedicalSystems","https:\/\/www.linkedin.com\/company\/sonotechnik-austria","https:\/\/www.youtube.com\/user\/Sonotechnik\/"]}]}},"_links":{"self":[{"href":"https:\/\/www.sot-medical.com\/de\/wp-json\/wp\/v2\/product\/5276","targetHints":{"allow":["GET"]}}],"collection":[{"href":"https:\/\/www.sot-medical.com\/de\/wp-json\/wp\/v2\/product"}],"about":[{"href":"https:\/\/www.sot-medical.com\/de\/wp-json\/wp\/v2\/types\/product"}],"wp:featuredmedia":[{"embeddable":true,"href":"https:\/\/www.sot-medical.com\/de\/wp-json\/wp\/v2\/media\/6035"}],"wp:attachment":[{"href":"https:\/\/www.sot-medical.com\/de\/wp-json\/wp\/v2\/media?parent=5276"}],"wp:term":[{"taxonomy":"product_brand","embeddable":true,"href":"https:\/\/www.sot-medical.com\/de\/wp-json\/wp\/v2\/product_brand?post=5276"},{"taxonomy":"product_cat","embeddable":true,"href":"https:\/\/www.sot-medical.com\/de\/wp-json\/wp\/v2\/product_cat?post=5276"},{"taxonomy":"product_tag","embeddable":true,"href":"https:\/\/www.sot-medical.com\/de\/wp-json\/wp\/v2\/product_tag?post=5276"}],"curies":[{"name":"wp","href":"https:\/\/api.w.org\/{rel}","templated":true}]}}