{"id":5333,"date":"2024-03-27T19:03:30","date_gmt":"2024-03-27T17:03:30","guid":{"rendered":"https:\/\/www.sot-medical.com\/shop\/dicom-hl7-schnittstelle\/"},"modified":"2024-04-03T16:24:14","modified_gmt":"2024-04-03T14:24:14","slug":"dicom-hl7-schnittstelle","status":"publish","type":"product","link":"https:\/\/www.sot-medical.com\/de\/shop\/dicom-hl7-schnittstelle\/","title":{"rendered":"DICOM \/ HL7 Schnittstelle"},"content":{"rendered":"<ul>\r\n<li>Integrieren Sie AngE\u2122 Software in Ihr Klinik- oder Krankenhausinformationssystem<\/li>\r\n<li>Zugriff auf Patientenlisten direkt in der Software; Speichern von Testergebnissen auf Ihrem Server<\/li>\r\n<li>Enth\u00e4lt DICOM Worklist-, Speicher- und Doctype-Funktionen f\u00fcr einen optimierten Workflow<\/li>\r\n<li>Unterst\u00fctzt HL7-Import und -Export<\/li>\r\n<\/ul>\r\n<p><em>Dieses Produkt ist nur f\u00fcr AngE Basic ABI und AngE Phlebo Ven\u00f6s Ger\u00e4te verf\u00fcgbar.<\/em><\/p>","protected":false},"excerpt":{"rendered":"<ul>\r\n<li>AngE\u2122 Software Integration mit medizinischen Systemen<\/li>\r\n<li>Direkter Zugriff auf Patientenlisten und Ergebnisspeicher<\/li>\r\n<li>DICOM Funktionen f\u00fcr Arbeitslisten, Speicherung und Doctype<\/li>\r\n<li>HL7-Import und -Export<\/li>\r\n<\/ul>","protected":false},"featured_media":5331,"template":"","meta":{"_acf_changed":false,"content-type":"","wikipediapreview_detectlinks":true},"product_brand":[],"product_cat":[80,89,94],"product_tag":[],"class_list":{"0":"post-5333","1":"product","2":"type-product","3":"status-publish","4":"has-post-thumbnail","6":"product_cat-arterielle-diagnostik","7":"product_cat-venose-diagnostik","8":"product_cat-zubehor","10":"first","11":"instock","12":"taxable","13":"shipping-taxable","14":"purchasable","15":"product-type-simple"},"acf":[],"yoast_head":"<!-- This site is optimized with the Yoast SEO plugin v27.3 - https:\/\/yoast.com\/product\/yoast-seo-wordpress\/ -->\n<title>DICOM \/ HL7 Schnittstelle - SOT Medical Systems<\/title>\n<meta name=\"robots\" content=\"index, follow, max-snippet:-1, max-image-preview:large, max-video-preview:-1\" \/>\n<link rel=\"canonical\" href=\"https:\/\/www.sot-medical.com\/de\/shop\/dicom-hl7-schnittstelle\/\" \/>\n<meta property=\"og:locale\" content=\"de_DE\" \/>\n<meta property=\"og:type\" content=\"article\" \/>\n<meta property=\"og:title\" content=\"DICOM \/ HL7 Schnittstelle - SOT Medical Systems\" \/>\n<meta property=\"og:description\" content=\"AngE\u2122 Software Integration mit medizinischen Systemen Direkter Zugriff auf Patientenlisten und Ergebnisspeicher DICOM Funktionen f\u00fcr Arbeitslisten, Speicherung und Doctype HL7-Import und -Export\" \/>\n<meta property=\"og:url\" content=\"https:\/\/www.sot-medical.com\/de\/shop\/dicom-hl7-schnittstelle\/\" \/>\n<meta property=\"og:site_name\" content=\"SOT Medical Systems\" \/>\n<meta property=\"article:publisher\" content=\"https:\/\/www.facebook.com\/SOTMedicalSystems\" \/>\n<meta property=\"article:modified_time\" content=\"2024-04-03T14:24:14+00:00\" \/>\n<meta property=\"og:image\" content=\"https:\/\/www.sot-medical.com\/wp-content\/uploads\/2024\/03\/SOT-Shop-Icon-page009-1.png\" \/>\n\t<meta property=\"og:image:width\" content=\"5906\" \/>\n\t<meta property=\"og:image:height\" content=\"5906\" \/>\n\t<meta property=\"og:image:type\" content=\"image\/png\" \/>\n<meta name=\"twitter:card\" content=\"summary_large_image\" \/>\n<meta name=\"twitter:label1\" content=\"Gesch\u00e4tzte Lesezeit\" \/>\n\t<meta name=\"twitter:data1\" content=\"1\u00a0Minute\" \/>\n<script type=\"application\/ld+json\" class=\"yoast-schema-graph\">{\"@context\":\"https:\\\/\\\/schema.org\",\"@graph\":[{\"@type\":\"WebPage\",\"@id\":\"https:\\\/\\\/www.sot-medical.com\\\/de\\\/shop\\\/dicom-hl7-schnittstelle\\\/\",\"url\":\"https:\\\/\\\/www.sot-medical.com\\\/de\\\/shop\\\/dicom-hl7-schnittstelle\\\/\",\"name\":\"DICOM \\\/ HL7 Schnittstelle - SOT Medical Systems\",\"isPartOf\":{\"@id\":\"https:\\\/\\\/www.sot-medical.com\\\/de\\\/#website\"},\"primaryImageOfPage\":{\"@id\":\"https:\\\/\\\/www.sot-medical.com\\\/de\\\/shop\\\/dicom-hl7-schnittstelle\\\/#primaryimage\"},\"image\":{\"@id\":\"https:\\\/\\\/www.sot-medical.com\\\/de\\\/shop\\\/dicom-hl7-schnittstelle\\\/#primaryimage\"},\"thumbnailUrl\":\"https:\\\/\\\/www.sot-medical.com\\\/wp-content\\\/uploads\\\/2024\\\/03\\\/SOT-Shop-Icon-page009-1.png\",\"datePublished\":\"2024-03-27T17:03:30+00:00\",\"dateModified\":\"2024-04-03T14:24:14+00:00\",\"breadcrumb\":{\"@id\":\"https:\\\/\\\/www.sot-medical.com\\\/de\\\/shop\\\/dicom-hl7-schnittstelle\\\/#breadcrumb\"},\"inLanguage\":\"de\",\"potentialAction\":[{\"@type\":\"ReadAction\",\"target\":[\"https:\\\/\\\/www.sot-medical.com\\\/de\\\/shop\\\/dicom-hl7-schnittstelle\\\/\"]}]},{\"@type\":\"ImageObject\",\"inLanguage\":\"de\",\"@id\":\"https:\\\/\\\/www.sot-medical.com\\\/de\\\/shop\\\/dicom-hl7-schnittstelle\\\/#primaryimage\",\"url\":\"https:\\\/\\\/www.sot-medical.com\\\/wp-content\\\/uploads\\\/2024\\\/03\\\/SOT-Shop-Icon-page009-1.png\",\"contentUrl\":\"https:\\\/\\\/www.sot-medical.com\\\/wp-content\\\/uploads\\\/2024\\\/03\\\/SOT-Shop-Icon-page009-1.png\",\"width\":5906,\"height\":5906},{\"@type\":\"BreadcrumbList\",\"@id\":\"https:\\\/\\\/www.sot-medical.com\\\/de\\\/shop\\\/dicom-hl7-schnittstelle\\\/#breadcrumb\",\"itemListElement\":[{\"@type\":\"ListItem\",\"position\":1,\"name\":\"Home\",\"item\":\"https:\\\/\\\/www.sot-medical.com\\\/de\\\/\"},{\"@type\":\"ListItem\",\"position\":2,\"name\":\"SOT Shop\",\"item\":\"https:\\\/\\\/www.sot-medical.com\\\/de\\\/shop\\\/\"},{\"@type\":\"ListItem\",\"position\":3,\"name\":\"DICOM \\\/ HL7 Schnittstelle\"}]},{\"@type\":\"WebSite\",\"@id\":\"https:\\\/\\\/www.sot-medical.com\\\/de\\\/#website\",\"url\":\"https:\\\/\\\/www.sot-medical.com\\\/de\\\/\",\"name\":\"SOT Medical Systems\",\"description\":\"Advanced Medical Systems\",\"publisher\":{\"@id\":\"https:\\\/\\\/www.sot-medical.com\\\/de\\\/#organization\"},\"potentialAction\":[{\"@type\":\"SearchAction\",\"target\":{\"@type\":\"EntryPoint\",\"urlTemplate\":\"https:\\\/\\\/www.sot-medical.com\\\/de\\\/?s={search_term_string}\"},\"query-input\":{\"@type\":\"PropertyValueSpecification\",\"valueRequired\":true,\"valueName\":\"search_term_string\"}}],\"inLanguage\":\"de\"},{\"@type\":\"Organization\",\"@id\":\"https:\\\/\\\/www.sot-medical.com\\\/de\\\/#organization\",\"name\":\"SOT Medical Systems\",\"url\":\"https:\\\/\\\/www.sot-medical.com\\\/de\\\/\",\"logo\":{\"@type\":\"ImageObject\",\"inLanguage\":\"de\",\"@id\":\"https:\\\/\\\/www.sot-medical.com\\\/de\\\/#\\\/schema\\\/logo\\\/image\\\/\",\"url\":\"https:\\\/\\\/www.sot-medical.com\\\/wp-content\\\/uploads\\\/2017\\\/03\\\/SOT-Negative.png\",\"contentUrl\":\"https:\\\/\\\/www.sot-medical.com\\\/wp-content\\\/uploads\\\/2017\\\/03\\\/SOT-Negative.png\",\"width\":720,\"height\":345,\"caption\":\"SOT Medical Systems\"},\"image\":{\"@id\":\"https:\\\/\\\/www.sot-medical.com\\\/de\\\/#\\\/schema\\\/logo\\\/image\\\/\"},\"sameAs\":[\"https:\\\/\\\/www.facebook.com\\\/SOTMedicalSystems\",\"https:\\\/\\\/www.linkedin.com\\\/company\\\/sonotechnik-austria\",\"https:\\\/\\\/www.youtube.com\\\/user\\\/Sonotechnik\\\/\"]}]}<\/script>\n<!-- \/ Yoast SEO plugin. -->","yoast_head_json":{"title":"DICOM \/ HL7 Schnittstelle - SOT Medical Systems","robots":{"index":"index","follow":"follow","max-snippet":"max-snippet:-1","max-image-preview":"max-image-preview:large","max-video-preview":"max-video-preview:-1"},"canonical":"https:\/\/www.sot-medical.com\/de\/shop\/dicom-hl7-schnittstelle\/","og_locale":"de_DE","og_type":"article","og_title":"DICOM \/ HL7 Schnittstelle - SOT Medical Systems","og_description":"AngE\u2122 Software Integration mit medizinischen Systemen Direkter Zugriff auf Patientenlisten und Ergebnisspeicher DICOM Funktionen f\u00fcr Arbeitslisten, Speicherung und Doctype HL7-Import und -Export","og_url":"https:\/\/www.sot-medical.com\/de\/shop\/dicom-hl7-schnittstelle\/","og_site_name":"SOT Medical Systems","article_publisher":"https:\/\/www.facebook.com\/SOTMedicalSystems","article_modified_time":"2024-04-03T14:24:14+00:00","og_image":[{"width":5906,"height":5906,"url":"https:\/\/www.sot-medical.com\/wp-content\/uploads\/2024\/03\/SOT-Shop-Icon-page009-1.png","type":"image\/png"}],"twitter_card":"summary_large_image","twitter_misc":{"Gesch\u00e4tzte Lesezeit":"1\u00a0Minute"},"schema":{"@context":"https:\/\/schema.org","@graph":[{"@type":"WebPage","@id":"https:\/\/www.sot-medical.com\/de\/shop\/dicom-hl7-schnittstelle\/","url":"https:\/\/www.sot-medical.com\/de\/shop\/dicom-hl7-schnittstelle\/","name":"DICOM \/ HL7 Schnittstelle - SOT Medical Systems","isPartOf":{"@id":"https:\/\/www.sot-medical.com\/de\/#website"},"primaryImageOfPage":{"@id":"https:\/\/www.sot-medical.com\/de\/shop\/dicom-hl7-schnittstelle\/#primaryimage"},"image":{"@id":"https:\/\/www.sot-medical.com\/de\/shop\/dicom-hl7-schnittstelle\/#primaryimage"},"thumbnailUrl":"https:\/\/www.sot-medical.com\/wp-content\/uploads\/2024\/03\/SOT-Shop-Icon-page009-1.png","datePublished":"2024-03-27T17:03:30+00:00","dateModified":"2024-04-03T14:24:14+00:00","breadcrumb":{"@id":"https:\/\/www.sot-medical.com\/de\/shop\/dicom-hl7-schnittstelle\/#breadcrumb"},"inLanguage":"de","potentialAction":[{"@type":"ReadAction","target":["https:\/\/www.sot-medical.com\/de\/shop\/dicom-hl7-schnittstelle\/"]}]},{"@type":"ImageObject","inLanguage":"de","@id":"https:\/\/www.sot-medical.com\/de\/shop\/dicom-hl7-schnittstelle\/#primaryimage","url":"https:\/\/www.sot-medical.com\/wp-content\/uploads\/2024\/03\/SOT-Shop-Icon-page009-1.png","contentUrl":"https:\/\/www.sot-medical.com\/wp-content\/uploads\/2024\/03\/SOT-Shop-Icon-page009-1.png","width":5906,"height":5906},{"@type":"BreadcrumbList","@id":"https:\/\/www.sot-medical.com\/de\/shop\/dicom-hl7-schnittstelle\/#breadcrumb","itemListElement":[{"@type":"ListItem","position":1,"name":"Home","item":"https:\/\/www.sot-medical.com\/de\/"},{"@type":"ListItem","position":2,"name":"SOT Shop","item":"https:\/\/www.sot-medical.com\/de\/shop\/"},{"@type":"ListItem","position":3,"name":"DICOM \/ HL7 Schnittstelle"}]},{"@type":"WebSite","@id":"https:\/\/www.sot-medical.com\/de\/#website","url":"https:\/\/www.sot-medical.com\/de\/","name":"SOT Medical Systems","description":"Advanced Medical Systems","publisher":{"@id":"https:\/\/www.sot-medical.com\/de\/#organization"},"potentialAction":[{"@type":"SearchAction","target":{"@type":"EntryPoint","urlTemplate":"https:\/\/www.sot-medical.com\/de\/?s={search_term_string}"},"query-input":{"@type":"PropertyValueSpecification","valueRequired":true,"valueName":"search_term_string"}}],"inLanguage":"de"},{"@type":"Organization","@id":"https:\/\/www.sot-medical.com\/de\/#organization","name":"SOT Medical Systems","url":"https:\/\/www.sot-medical.com\/de\/","logo":{"@type":"ImageObject","inLanguage":"de","@id":"https:\/\/www.sot-medical.com\/de\/#\/schema\/logo\/image\/","url":"https:\/\/www.sot-medical.com\/wp-content\/uploads\/2017\/03\/SOT-Negative.png","contentUrl":"https:\/\/www.sot-medical.com\/wp-content\/uploads\/2017\/03\/SOT-Negative.png","width":720,"height":345,"caption":"SOT Medical Systems"},"image":{"@id":"https:\/\/www.sot-medical.com\/de\/#\/schema\/logo\/image\/"},"sameAs":["https:\/\/www.facebook.com\/SOTMedicalSystems","https:\/\/www.linkedin.com\/company\/sonotechnik-austria","https:\/\/www.youtube.com\/user\/Sonotechnik\/"]}]}},"_links":{"self":[{"href":"https:\/\/www.sot-medical.com\/de\/wp-json\/wp\/v2\/product\/5333","targetHints":{"allow":["GET"]}}],"collection":[{"href":"https:\/\/www.sot-medical.com\/de\/wp-json\/wp\/v2\/product"}],"about":[{"href":"https:\/\/www.sot-medical.com\/de\/wp-json\/wp\/v2\/types\/product"}],"wp:featuredmedia":[{"embeddable":true,"href":"https:\/\/www.sot-medical.com\/de\/wp-json\/wp\/v2\/media\/5331"}],"wp:attachment":[{"href":"https:\/\/www.sot-medical.com\/de\/wp-json\/wp\/v2\/media?parent=5333"}],"wp:term":[{"taxonomy":"product_brand","embeddable":true,"href":"https:\/\/www.sot-medical.com\/de\/wp-json\/wp\/v2\/product_brand?post=5333"},{"taxonomy":"product_cat","embeddable":true,"href":"https:\/\/www.sot-medical.com\/de\/wp-json\/wp\/v2\/product_cat?post=5333"},{"taxonomy":"product_tag","embeddable":true,"href":"https:\/\/www.sot-medical.com\/de\/wp-json\/wp\/v2\/product_tag?post=5333"}],"curies":[{"name":"wp","href":"https:\/\/api.w.org\/{rel}","templated":true}]}}