{"id":5594,"date":"2024-04-23T13:20:06","date_gmt":"2024-04-23T11:20:06","guid":{"rendered":"https:\/\/www.sot-medical.com\/shop\/ersatz-ange-manschetten\/"},"modified":"2026-01-01T00:01:52","modified_gmt":"2025-12-31T22:01:52","slug":"ersatz-manschetten","status":"publish","type":"product","link":"https:\/\/www.sot-medical.com\/de\/shop\/ersatz-manschetten\/","title":{"rendered":"Ersatz AngE\u2122-Manschetten"},"content":{"rendered":"<p>Es ist darauf zu achten, dass bei der Auswahl der Manschette, diese an den Umfang der Extremit\u00e4t angepasst ist, da es ansonsten zum L\u00f6sen der Manschette w\u00e4hrend der Messung kommen kann. Die Zuordnung der Messpositionen ist vom jeweiligen Messprogramm abh\u00e4ngig und kann in der Software definiert werden.<\/p>\r\n<p><img loading=\"lazy\" decoding=\"async\" class=\"aligncenter size-full wp-image-5475\" src=\"https:\/\/www.sot-medical.com\/wp-content\/uploads\/2024\/04\/overview.png\" alt=\"\" width=\"2050\" height=\"1012\" srcset=\"https:\/\/www.sot-medical.com\/wp-content\/uploads\/2024\/04\/overview.png 2050w, https:\/\/www.sot-medical.com\/wp-content\/uploads\/2024\/04\/overview-300x148.png 300w, https:\/\/www.sot-medical.com\/wp-content\/uploads\/2024\/04\/overview-1024x506.png 1024w, https:\/\/www.sot-medical.com\/wp-content\/uploads\/2024\/04\/overview-150x74.png 150w, https:\/\/www.sot-medical.com\/wp-content\/uploads\/2024\/04\/overview-768x379.png 768w, https:\/\/www.sot-medical.com\/wp-content\/uploads\/2024\/04\/overview-1536x758.png 1536w, https:\/\/www.sot-medical.com\/wp-content\/uploads\/2024\/04\/overview-2048x1011.png 2048w, https:\/\/www.sot-medical.com\/wp-content\/uploads\/2024\/04\/overview-1920x948.png 1920w, https:\/\/www.sot-medical.com\/wp-content\/uploads\/2024\/04\/overview-500x247.png 500w\" sizes=\"auto, (max-width: 2050px) 100vw, 2050px\" \/><\/p>\r\n<table class=\"table table-striped\" style=\"table-layout: fixed;\">\r\n<tr>\r\n<th>NUMMER IM BILD<\/th>\r\n<th>ART. NR.<\/th>\r\n<th>BESCHREIBUNG<\/th>\r\n<th>MA\u00dfE<\/th>\r\n<th>EXTREMIT\u00c4TEN-UMFANG<\/th>\r\n<\/tr>\r\n<tr>\r\n<td>1<\/td>\r\n<td>020-00160<\/td>\r\n<td>Manschette Extra-Large<\/td>\r\n<td>108 x 21 cm<\/td>\r\n<td>34 \u2013 88 cm<\/td>\r\n<\/tr>\r\n<tr>\r\n<td>2<\/td>\r\n<td>020-00140<\/td>\r\n<td>Manschette Double-Tube Conical<\/td>\r\n<td>95 x 17 cm (conical)<\/td>\r\n<td>30 \u2013 76 cm<\/td>\r\n<\/tr>\r\n<tr>\r\n<td>3<\/td>\r\n<td>020-00130<\/td>\r\n<td>Manschette Large-Conical<\/td>\r\n<td>95 x 17 cm (conical)<\/td>\r\n<td>30 \u2013 76 cm<\/td>\r\n<\/tr>\r\n<tr>\r\n<td>4<\/td>\r\n<td>020-00120<\/td>\r\n<td>Manschette Medium<\/td>\r\n<td>63 x 15 cm<\/td>\r\n<td>25 \u2013 50 cm<\/td>\r\n<\/tr>\r\n<tr>\r\n<td>5<\/td>\r\n<td>020-00110<\/td>\r\n<td>Manschette Small<\/td>\r\n<td>44 x 12 cm<\/td>\r\n<td>15 \u2013 34 cm<\/td>\r\n<\/tr>\r\n<tr>\r\n<td>6<\/td>\r\n<td>020-00150<\/td>\r\n<td>Manschette Tourniquett<\/td>\r\n<td>80 x 7 cm<\/td>\r\n<td>20 \u2013 65 cm<\/td>\r\n<\/tr>\r\n<tr>\r\n<td>7<\/td>\r\n<td>020-00200<\/td>\r\n<td>Manschette Finger\/Zehe Small 1,5cm<\/td>\r\n<td>9 x 1,5 cm<\/td>\r\n<td>4,5 \u2013 9 cm<\/td>\r\n<\/tr>\r\n<tr>\r\n<td>8<\/td>\r\n<td>020-00210<\/td>\r\n<td>Manschette Finger\/Zehe Medium 2cm<\/td>\r\n<td>12 x 2,0 cm<\/td>\r\n<td>6 \u2013 12 cm<\/td>\r\n<\/tr>\r\n<tr>\r\n<td>9<\/td>\r\n<td>020-00220<\/td>\r\n<td>Manschette Finger\/Zehe Wide 2,5<\/td>\r\n<td>14 x 2,5 cm<\/td>\r\n<td>7 \u2013 14 cm<\/td>\r\n<\/tr>\r\n<tr>\r\n<td>10<\/td>\r\n<td>020-00230<\/td>\r\n<td>Manschette Finger\/Zehe Medium 2cm Long<\/td>\r\n<td>14 x 2 cm<\/td>\r\n<td>7 \u2013 14 cm<\/td>\r\n<\/tr>\r\n<\/table>\r\n","protected":false},"excerpt":{"rendered":"<ul>\r\n<li>Ersatz AngE\u2122-Manschetten in verschiedenen Gr\u00f6\u00dfen<\/li>\r\n<li>Wiederverwendbar und nur f\u00fcr Verwendung mit AngE\u2122-Systemen bestimmt<\/li>\r\n<li>Siehe Tabelle unten zur Auswahlhilfe<\/li>\r\n<\/ul>\r\n","protected":false},"featured_media":6039,"template":"","meta":{"_acf_changed":false,"content-type":"","wikipediapreview_detectlinks":true},"product_brand":[],"product_cat":[94],"product_tag":[68,69,70],"class_list":{"0":"post-5594","1":"product","2":"type-product","3":"status-publish","4":"has-post-thumbnail","6":"product_cat-zubehor","7":"product_tag-abi-de","8":"product_tag-tbi-de","9":"product_tag-zehendruck","10":"product_shipping_class-klein","12":"first","13":"instock","14":"taxable","15":"shipping-taxable","16":"purchasable","17":"product-type-variable"},"exclude_global_add_ons":[],"addons":[],"acf":[],"yoast_head":"<!-- This site is optimized with the Yoast SEO plugin v27.4 - https:\/\/yoast.com\/product\/yoast-seo-wordpress\/ -->\n<title>Ersatz AngE\u2122-Manschetten - SOT Medical Systems<\/title>\n<meta name=\"robots\" content=\"index, follow, max-snippet:-1, max-image-preview:large, max-video-preview:-1\" \/>\n<link rel=\"canonical\" href=\"https:\/\/www.sot-medical.com\/de\/shop\/ersatz-manschetten\/\" \/>\n<meta property=\"og:locale\" content=\"de_DE\" \/>\n<meta property=\"og:type\" content=\"article\" \/>\n<meta property=\"og:title\" content=\"Ersatz AngE\u2122-Manschetten - SOT Medical Systems\" \/>\n<meta property=\"og:description\" content=\"Ersatz AngE\u2122-Manschetten in verschiedenen Gr\u00f6\u00dfen Wiederverwendbar und nur f\u00fcr Verwendung mit AngE\u2122-Systemen bestimmt Siehe Tabelle unten zur Auswahlhilfe\" \/>\n<meta property=\"og:url\" content=\"https:\/\/www.sot-medical.com\/de\/shop\/ersatz-manschetten\/\" \/>\n<meta property=\"og:site_name\" content=\"SOT Medical Systems\" \/>\n<meta property=\"article:publisher\" content=\"https:\/\/www.facebook.com\/SOTMedicalSystems\" \/>\n<meta property=\"article:modified_time\" content=\"2025-12-31T22:01:52+00:00\" \/>\n<meta property=\"og:image\" content=\"https:\/\/www.sot-medical.com\/wp-content\/uploads\/2024\/04\/cuffs-scaled-cropped-1.jpg\" \/>\n\t<meta property=\"og:image:width\" content=\"2560\" \/>\n\t<meta property=\"og:image:height\" content=\"2560\" \/>\n\t<meta property=\"og:image:type\" content=\"image\/jpeg\" \/>\n<meta name=\"twitter:card\" content=\"summary_large_image\" \/>\n<meta name=\"twitter:label1\" content=\"Gesch\u00e4tzte Lesezeit\" \/>\n\t<meta name=\"twitter:data1\" content=\"2\u00a0Minuten\" \/>\n<script type=\"application\/ld+json\" class=\"yoast-schema-graph\">{\"@context\":\"https:\\\/\\\/schema.org\",\"@graph\":[{\"@type\":\"WebPage\",\"@id\":\"https:\\\/\\\/www.sot-medical.com\\\/de\\\/shop\\\/ersatz-manschetten\\\/\",\"url\":\"https:\\\/\\\/www.sot-medical.com\\\/de\\\/shop\\\/ersatz-manschetten\\\/\",\"name\":\"Ersatz AngE\u2122-Manschetten - SOT Medical Systems\",\"isPartOf\":{\"@id\":\"https:\\\/\\\/www.sot-medical.com\\\/de\\\/#website\"},\"primaryImageOfPage\":{\"@id\":\"https:\\\/\\\/www.sot-medical.com\\\/de\\\/shop\\\/ersatz-manschetten\\\/#primaryimage\"},\"image\":{\"@id\":\"https:\\\/\\\/www.sot-medical.com\\\/de\\\/shop\\\/ersatz-manschetten\\\/#primaryimage\"},\"thumbnailUrl\":\"https:\\\/\\\/www.sot-medical.com\\\/wp-content\\\/uploads\\\/2024\\\/04\\\/cuffs-scaled-cropped-1.jpg\",\"datePublished\":\"2024-04-23T11:20:06+00:00\",\"dateModified\":\"2025-12-31T22:01:52+00:00\",\"breadcrumb\":{\"@id\":\"https:\\\/\\\/www.sot-medical.com\\\/de\\\/shop\\\/ersatz-manschetten\\\/#breadcrumb\"},\"inLanguage\":\"de\",\"potentialAction\":[{\"@type\":\"ReadAction\",\"target\":[\"https:\\\/\\\/www.sot-medical.com\\\/de\\\/shop\\\/ersatz-manschetten\\\/\"]}]},{\"@type\":\"ImageObject\",\"inLanguage\":\"de\",\"@id\":\"https:\\\/\\\/www.sot-medical.com\\\/de\\\/shop\\\/ersatz-manschetten\\\/#primaryimage\",\"url\":\"https:\\\/\\\/www.sot-medical.com\\\/wp-content\\\/uploads\\\/2024\\\/04\\\/cuffs-scaled-cropped-1.jpg\",\"contentUrl\":\"https:\\\/\\\/www.sot-medical.com\\\/wp-content\\\/uploads\\\/2024\\\/04\\\/cuffs-scaled-cropped-1.jpg\",\"width\":2560,\"height\":2560},{\"@type\":\"BreadcrumbList\",\"@id\":\"https:\\\/\\\/www.sot-medical.com\\\/de\\\/shop\\\/ersatz-manschetten\\\/#breadcrumb\",\"itemListElement\":[{\"@type\":\"ListItem\",\"position\":1,\"name\":\"Home\",\"item\":\"https:\\\/\\\/www.sot-medical.com\\\/de\\\/\"},{\"@type\":\"ListItem\",\"position\":2,\"name\":\"SOT Shop\",\"item\":\"https:\\\/\\\/www.sot-medical.com\\\/de\\\/shop\\\/\"},{\"@type\":\"ListItem\",\"position\":3,\"name\":\"Ersatz AngE\u2122-Manschetten\"}]},{\"@type\":\"WebSite\",\"@id\":\"https:\\\/\\\/www.sot-medical.com\\\/de\\\/#website\",\"url\":\"https:\\\/\\\/www.sot-medical.com\\\/de\\\/\",\"name\":\"SOT Medical Systems\",\"description\":\"Advanced Medical Systems\",\"publisher\":{\"@id\":\"https:\\\/\\\/www.sot-medical.com\\\/de\\\/#organization\"},\"potentialAction\":[{\"@type\":\"SearchAction\",\"target\":{\"@type\":\"EntryPoint\",\"urlTemplate\":\"https:\\\/\\\/www.sot-medical.com\\\/de\\\/?s={search_term_string}\"},\"query-input\":{\"@type\":\"PropertyValueSpecification\",\"valueRequired\":true,\"valueName\":\"search_term_string\"}}],\"inLanguage\":\"de\"},{\"@type\":\"Organization\",\"@id\":\"https:\\\/\\\/www.sot-medical.com\\\/de\\\/#organization\",\"name\":\"SOT Medical Systems\",\"url\":\"https:\\\/\\\/www.sot-medical.com\\\/de\\\/\",\"logo\":{\"@type\":\"ImageObject\",\"inLanguage\":\"de\",\"@id\":\"https:\\\/\\\/www.sot-medical.com\\\/de\\\/#\\\/schema\\\/logo\\\/image\\\/\",\"url\":\"https:\\\/\\\/www.sot-medical.com\\\/wp-content\\\/uploads\\\/2017\\\/03\\\/SOT-Negative.png\",\"contentUrl\":\"https:\\\/\\\/www.sot-medical.com\\\/wp-content\\\/uploads\\\/2017\\\/03\\\/SOT-Negative.png\",\"width\":720,\"height\":345,\"caption\":\"SOT Medical Systems\"},\"image\":{\"@id\":\"https:\\\/\\\/www.sot-medical.com\\\/de\\\/#\\\/schema\\\/logo\\\/image\\\/\"},\"sameAs\":[\"https:\\\/\\\/www.facebook.com\\\/SOTMedicalSystems\",\"https:\\\/\\\/www.linkedin.com\\\/company\\\/sonotechnik-austria\",\"https:\\\/\\\/www.youtube.com\\\/user\\\/Sonotechnik\\\/\"]}]}<\/script>\n<!-- \/ Yoast SEO plugin. -->","yoast_head_json":{"title":"Ersatz AngE\u2122-Manschetten - SOT Medical Systems","robots":{"index":"index","follow":"follow","max-snippet":"max-snippet:-1","max-image-preview":"max-image-preview:large","max-video-preview":"max-video-preview:-1"},"canonical":"https:\/\/www.sot-medical.com\/de\/shop\/ersatz-manschetten\/","og_locale":"de_DE","og_type":"article","og_title":"Ersatz AngE\u2122-Manschetten - SOT Medical Systems","og_description":"Ersatz AngE\u2122-Manschetten in verschiedenen Gr\u00f6\u00dfen Wiederverwendbar und nur f\u00fcr Verwendung mit AngE\u2122-Systemen bestimmt Siehe Tabelle unten zur Auswahlhilfe","og_url":"https:\/\/www.sot-medical.com\/de\/shop\/ersatz-manschetten\/","og_site_name":"SOT Medical Systems","article_publisher":"https:\/\/www.facebook.com\/SOTMedicalSystems","article_modified_time":"2025-12-31T22:01:52+00:00","og_image":[{"width":2560,"height":2560,"url":"https:\/\/www.sot-medical.com\/wp-content\/uploads\/2024\/04\/cuffs-scaled-cropped-1.jpg","type":"image\/jpeg"}],"twitter_card":"summary_large_image","twitter_misc":{"Gesch\u00e4tzte Lesezeit":"2\u00a0Minuten"},"schema":{"@context":"https:\/\/schema.org","@graph":[{"@type":"WebPage","@id":"https:\/\/www.sot-medical.com\/de\/shop\/ersatz-manschetten\/","url":"https:\/\/www.sot-medical.com\/de\/shop\/ersatz-manschetten\/","name":"Ersatz AngE\u2122-Manschetten - SOT Medical Systems","isPartOf":{"@id":"https:\/\/www.sot-medical.com\/de\/#website"},"primaryImageOfPage":{"@id":"https:\/\/www.sot-medical.com\/de\/shop\/ersatz-manschetten\/#primaryimage"},"image":{"@id":"https:\/\/www.sot-medical.com\/de\/shop\/ersatz-manschetten\/#primaryimage"},"thumbnailUrl":"https:\/\/www.sot-medical.com\/wp-content\/uploads\/2024\/04\/cuffs-scaled-cropped-1.jpg","datePublished":"2024-04-23T11:20:06+00:00","dateModified":"2025-12-31T22:01:52+00:00","breadcrumb":{"@id":"https:\/\/www.sot-medical.com\/de\/shop\/ersatz-manschetten\/#breadcrumb"},"inLanguage":"de","potentialAction":[{"@type":"ReadAction","target":["https:\/\/www.sot-medical.com\/de\/shop\/ersatz-manschetten\/"]}]},{"@type":"ImageObject","inLanguage":"de","@id":"https:\/\/www.sot-medical.com\/de\/shop\/ersatz-manschetten\/#primaryimage","url":"https:\/\/www.sot-medical.com\/wp-content\/uploads\/2024\/04\/cuffs-scaled-cropped-1.jpg","contentUrl":"https:\/\/www.sot-medical.com\/wp-content\/uploads\/2024\/04\/cuffs-scaled-cropped-1.jpg","width":2560,"height":2560},{"@type":"BreadcrumbList","@id":"https:\/\/www.sot-medical.com\/de\/shop\/ersatz-manschetten\/#breadcrumb","itemListElement":[{"@type":"ListItem","position":1,"name":"Home","item":"https:\/\/www.sot-medical.com\/de\/"},{"@type":"ListItem","position":2,"name":"SOT Shop","item":"https:\/\/www.sot-medical.com\/de\/shop\/"},{"@type":"ListItem","position":3,"name":"Ersatz AngE\u2122-Manschetten"}]},{"@type":"WebSite","@id":"https:\/\/www.sot-medical.com\/de\/#website","url":"https:\/\/www.sot-medical.com\/de\/","name":"SOT Medical Systems","description":"Advanced Medical Systems","publisher":{"@id":"https:\/\/www.sot-medical.com\/de\/#organization"},"potentialAction":[{"@type":"SearchAction","target":{"@type":"EntryPoint","urlTemplate":"https:\/\/www.sot-medical.com\/de\/?s={search_term_string}"},"query-input":{"@type":"PropertyValueSpecification","valueRequired":true,"valueName":"search_term_string"}}],"inLanguage":"de"},{"@type":"Organization","@id":"https:\/\/www.sot-medical.com\/de\/#organization","name":"SOT Medical Systems","url":"https:\/\/www.sot-medical.com\/de\/","logo":{"@type":"ImageObject","inLanguage":"de","@id":"https:\/\/www.sot-medical.com\/de\/#\/schema\/logo\/image\/","url":"https:\/\/www.sot-medical.com\/wp-content\/uploads\/2017\/03\/SOT-Negative.png","contentUrl":"https:\/\/www.sot-medical.com\/wp-content\/uploads\/2017\/03\/SOT-Negative.png","width":720,"height":345,"caption":"SOT Medical Systems"},"image":{"@id":"https:\/\/www.sot-medical.com\/de\/#\/schema\/logo\/image\/"},"sameAs":["https:\/\/www.facebook.com\/SOTMedicalSystems","https:\/\/www.linkedin.com\/company\/sonotechnik-austria","https:\/\/www.youtube.com\/user\/Sonotechnik\/"]}]}},"_links":{"self":[{"href":"https:\/\/www.sot-medical.com\/de\/wp-json\/wp\/v2\/product\/5594","targetHints":{"allow":["GET"]}}],"collection":[{"href":"https:\/\/www.sot-medical.com\/de\/wp-json\/wp\/v2\/product"}],"about":[{"href":"https:\/\/www.sot-medical.com\/de\/wp-json\/wp\/v2\/types\/product"}],"wp:featuredmedia":[{"embeddable":true,"href":"https:\/\/www.sot-medical.com\/de\/wp-json\/wp\/v2\/media\/6039"}],"wp:attachment":[{"href":"https:\/\/www.sot-medical.com\/de\/wp-json\/wp\/v2\/media?parent=5594"}],"wp:term":[{"taxonomy":"product_brand","embeddable":true,"href":"https:\/\/www.sot-medical.com\/de\/wp-json\/wp\/v2\/product_brand?post=5594"},{"taxonomy":"product_cat","embeddable":true,"href":"https:\/\/www.sot-medical.com\/de\/wp-json\/wp\/v2\/product_cat?post=5594"},{"taxonomy":"product_tag","embeddable":true,"href":"https:\/\/www.sot-medical.com\/de\/wp-json\/wp\/v2\/product_tag?post=5594"}],"curies":[{"name":"wp","href":"https:\/\/api.w.org\/{rel}","templated":true}]}}